{"id":2063,"date":"2018-03-02T18:40:05","date_gmt":"2018-03-02T09:40:05","guid":{"rendered":"https:\/\/adrianroche.vn\/es\/who-we-are\/"},"modified":"2022-05-14T15:53:41","modified_gmt":"2022-05-14T06:53:41","slug":"quienes-somos","status":"publish","type":"page","link":"https:\/\/adrianroche-tech.com\/es\/quienes-somos\/","title":{"rendered":"Qui\u00e9nes somos"},"content":{"rendered":"<p>[vc_row full_width=&#8221;stretch_row&#8221; css=&#8221;.vc_custom_1578727618692{padding-bottom: 50px !important;background-image: url(https:\/\/adrianroche.vn\/wp-content\/uploads\/2020\/01\/contact-us.jpg?id=1192) !important;background-position: center !important;background-repeat: no-repeat !important;background-size: cover !important;}&#8221;][vc_column]<div class=\"boc_spacing \" style=\"height: 250px\"><\/div>[\/vc_column][\/vc_row][vc_row full_width=&#8221;stretch_row&#8221; css=&#8221;.vc_custom_1600683842818{background-color: #fa6615 !important;}&#8221; el_class=&#8221;white-text&#8221;][vc_column css=&#8221;.vc_custom_1578721660585{padding-top: 20px !important;padding-bottom: 30px !important;}&#8221;]<h2 class=\"boc_heading inner-heading center  \"  style=\"margin-bottom: 10px;margin-top: 0px;text-align: center;color: #ffffff;\"><span>Qui\u00e9nes somos<\/span><\/h2>[vc_column_text el_class=&#8221;hometext2&#8243;]<\/p>\n<p style=\"text-align: center;\">Somos expertos en la industria tecnol\u00f3gica con experiencia en m\u00faltiples \u00e1reas. A lo largo de tres generaciones, nuestra perspectiva nos ha otorgado un alto nivel de comprensi\u00f3n y las habilidades necesarias para garantizar el \u00e9xito en el desarrollo y subcontrataci\u00f3n de software.<\/p>\n<p>[\/vc_column_text][\/vc_column][\/vc_row][vc_row full_width=&#8221;stretch_row&#8221; content_placement=&#8221;middle&#8221; css=&#8221;.vc_custom_1643959397184{background: #ffffff url(https:\/\/adrianroche.vn\/wp-content\/uploads\/2022\/02\/Adrian-Roche-new3.jpg?id=2192) !important;background-position: center !important;background-repeat: no-repeat !important;background-size: cover !important;}&#8221; el_class=&#8221;who-we-are adrian-roche&#8221;][vc_column width=&#8221;1\/2&#8243;][vc_column_text]<\/p>\n<p style=\"margin: 0;\"><span style=\"color: #000000;\"><strong>Fundador y CEO<\/strong><\/span><\/p>\n<h3 style=\"font-weight: bold; font-size: 18pt; margin-bottom: 15px;\"><span style=\"color: #000000;\">Adrian Roche<\/span><\/h3>\n<p><span style=\"color: #000000;\">Un veterano de la industria, Adrian ha visto el nacimiento y crecimiento del mundo digital en el que vivimos. Ha sido parte del desarrollo de la industria digital contempor\u00e1nea desde 1994 hasta la actualidad. De dise\u00f1ador web a desarrollador y product manager, Adrian se encuentra en la etapa m\u00e1s alta de la industria, enfocado en la estrategia y gesti\u00f3n empresarial. Entiende lo que se necesita para tener \u00e9xito y, m\u00e1s importante a\u00fan, c\u00f3mo identificar problemas potenciales en el desarrollo de software antes de que surjan.<strong><br \/>\n<\/strong><\/span>[\/vc_column_text][\/vc_column][vc_column width=&#8221;1\/2&#8243;][vc_single_image alignment=&#8221;center&#8221; image=&#8221;2220&#8243; css=&#8221;.vc_custom_1643961593739{margin-top: 0px !important;margin-bottom: 0px !important;}&#8221; el_class=&#8221;mobile-show&#8221;][\/vc_column][\/vc_row][vc_row full_width=&#8221;stretch_row&#8221; content_placement=&#8221;middle&#8221; css=&#8221;.vc_custom_1643959537976{background: #ffffff url(https:\/\/adrianroche.vn\/wp-content\/uploads\/2022\/02\/Tuan_Truong2.jpg?id=2203) !important;background-position: center !important;background-repeat: no-repeat !important;background-size: cover !important;}&#8221; el_class=&#8221;who-we-are tuan-truong&#8221;][vc_column width=&#8221;1\/2&#8243;][vc_column_text el_class=&#8221;tuan-bio&#8221;]<\/p>\n<p style=\"margin: 0;\"><strong>Director<\/strong><\/p>\n<h3 style=\"font-weight: bold; font-size: 18pt; margin-bottom: 15px;\">Tuan Truong<\/h3>\n<p>Desarrollador IT \/ Web vietnamita y biling\u00fce con 10 a\u00f1os de experiencia en desarrollo, administraci\u00f3n y dise\u00f1o web. Estudi\u00f3 en la Universidad de Ciencias de Ho Chi Minh y tiene una licenciatura en Ciencias de la Computaci\u00f3n. Tuan es m\u00e1s que un experto en desarrollo, aporta una dosis de sentido del dise\u00f1o a todo lo que hacemos, enriqueciendo todos y cada uno de los proyectos.[\/vc_column_text][\/vc_column][vc_column width=&#8221;1\/2&#8243;][vc_single_image alignment=&#8221;center&#8221; image=&#8221;2199&#8243; css=&#8221;.vc_custom_1643960410799{margin-top: 0px !important;margin-bottom: 0px !important;}&#8221; el_class=&#8221;mobile-show&#8221;][\/vc_column][\/vc_row]<\/p>\n","protected":false},"excerpt":{"rendered":"<p>[vc_row full_width=&#8221;stretch_row&#8221; css=&#8221;.vc_custom_1578727618692{padding-bottom: 50px !important;background-image: url(https:\/\/adrianroche.vn\/wp-content\/uploads\/2020\/01\/contact-us.jpg?id=1192) !important;background-position: center !important;background-repeat: no-repeat !important;background-size: cover !important;}&#8221;][vc_column][\/vc_column][\/vc_row][vc_row full_width=&#8221;stretch_row&#8221; css=&#8221;.vc_custom_1600683842818{background-color: #fa6615 !important;}&#8221; el_class=&#8221;white-text&#8221;][vc_column css=&#8221;.vc_custom_1578721660585{padding-top: 20px !important;padding-bottom: 30px !important;}&#8221;][vc_column_text el_class=&#8221;hometext2&#8243;] Somos expertos en la industria tecnol\u00f3gica con experiencia en m\u00faltiples \u00e1reas. A lo largo de tres generaciones, nuestra perspectiva nos ha otorgado un alto nivel de comprensi\u00f3n y las habilidades necesarias para garantizar el \u00e9xito en<\/p>\n<div class=\"h10\"><\/div>\n<p><a class=\"more-link2\" href=\"https:\/\/adrianroche-tech.com\/es\/quienes-somos\/\">Read more<\/a><\/p>\n","protected":false},"author":1,"featured_media":0,"parent":0,"menu_order":0,"comment_status":"closed","ping_status":"closed","template":"","meta":{"footnotes":""},"class_list":["post-2063","page","type-page","status-publish","hentry"],"_links":{"self":[{"href":"https:\/\/adrianroche-tech.com\/es\/wp-json\/wp\/v2\/pages\/2063","targetHints":{"allow":["GET"]}}],"collection":[{"href":"https:\/\/adrianroche-tech.com\/es\/wp-json\/wp\/v2\/pages"}],"about":[{"href":"https:\/\/adrianroche-tech.com\/es\/wp-json\/wp\/v2\/types\/page"}],"author":[{"embeddable":true,"href":"https:\/\/adrianroche-tech.com\/es\/wp-json\/wp\/v2\/users\/1"}],"replies":[{"embeddable":true,"href":"https:\/\/adrianroche-tech.com\/es\/wp-json\/wp\/v2\/comments?post=2063"}],"version-history":[{"count":4,"href":"https:\/\/adrianroche-tech.com\/es\/wp-json\/wp\/v2\/pages\/2063\/revisions"}],"predecessor-version":[{"id":2231,"href":"https:\/\/adrianroche-tech.com\/es\/wp-json\/wp\/v2\/pages\/2063\/revisions\/2231"}],"wp:attachment":[{"href":"https:\/\/adrianroche-tech.com\/es\/wp-json\/wp\/v2\/media?parent=2063"}],"curies":[{"name":"wp","href":"https:\/\/api.w.org\/{rel}","templated":true}]}}