{"id":2081,"date":"2018-04-12T01:40:19","date_gmt":"2018-04-11T16:40:19","guid":{"rendered":"https:\/\/adrianroche.vn\/es\/nuestros-servicios\/e-commerce\/"},"modified":"2022-01-17T11:40:29","modified_gmt":"2022-01-17T02:40:29","slug":"e-commerce","status":"publish","type":"page","link":"https:\/\/adrianroche-tech.com\/es\/nuestros-servicios\/e-commerce\/","title":{"rendered":"E-commerce"},"content":{"rendered":"<p>[vc_row full_width=&#8221;stretch_row&#8221; css=&#8221;.vc_custom_1600833556742{padding-bottom: 50px !important;background-image: url(https:\/\/adrianroche.vn\/wp-content\/uploads\/2020\/01\/ecommerce.jpg?id=1209) !important;background-position: center !important;background-repeat: no-repeat !important;background-size: cover !important;}&#8221;][vc_column]<div class=\"boc_spacing \" style=\"height: 250px\"><\/div>[\/vc_column][\/vc_row][vc_row full_width=&#8221;stretch_row&#8221; css=&#8221;.vc_custom_1600686432251{background-color: #fa6615 !important;}&#8221; el_class=&#8221;white-text&#8221;][vc_column css_animation=&#8221;fadeInUp&#8221; css=&#8221;.vc_custom_1613784728086{padding-top: 20px !important;padding-bottom: 30px !important;}&#8221;]<h1 class=\"boc_heading inner-heading center  \"  style=\"margin-bottom: 10px;margin-top: 0px;text-align: center;color: #ffffff;\"><span>E-COMMERCE<\/span><\/h1>[vc_column_text el_class=&#8221;hometext2&#8243;]<\/p>\n<p style=\"text-align: center;\">Aumenta las ventas online mientras construyes tu marca en el mercado gracias a nuestras soluciones de e-commerce y dise\u00f1o web. En Adrian Roche te ofrecemos estrategias basadas en Magento, WooCommerce, Shopify, OpenCart, Joomla, Salesforce y otras plataformas internacionales.<\/p>\n<p>[\/vc_column_text][vc_single_image alignment=&#8221;center&#8221; image=&#8221;1767&#8243; css=&#8221;.vc_custom_1613784842899{margin-top: 30px !important;}&#8221;][\/vc_column][\/vc_row][vc_row full_width=&#8221;stretch_row&#8221;][vc_column css_animation=&#8221;fadeInUp&#8221; css=&#8221;.vc_custom_1613785401744{padding-top: 30px !important;padding-bottom: 30px !important;}&#8221; offset=&#8221;vc_col-lg-offset-1 vc_col-lg-10 vc_col-md-offset-1 vc_col-md-10&#8243;]<h2 class=\"boc_heading  center  \"  style=\"margin-bottom: 20px;margin-top: 0px;text-align: center;color: #fa6615;\"><span>Llega a clientes en cualquier lugar<\/span><\/h2>[vc_column_text el_class=&#8221;hometext2&#8243;]<\/p>\n<p style=\"text-align: center;\">Gracias a las webs personalizadas de Adrian Roche tendr\u00e1s la oportunidad de alcanzar nuevos clientes. Desde el primer contacto con el consumidor hasta la generaci\u00f3n del pedido, el feedback del usuario ser\u00e1 compartido contigo para resolver los problemas potenciales.<\/p>\n<p>[\/vc_column_text][vc_single_image alignment=&#8221;center&#8221; image=&#8221;1769&#8243; css=&#8221;.vc_custom_1613785303212{margin-top: 30px !important;}&#8221;][\/vc_column][\/vc_row][vc_row full_width=&#8221;stretch_row&#8221;][vc_column css_animation=&#8221;fadeInUp&#8221; css=&#8221;.vc_custom_1613786731923{padding-top: 30px !important;padding-bottom: 30px !important;}&#8221;]<h2 class=\"boc_heading  center  \"  style=\"margin-bottom: 30px;margin-top: 0px;text-align: center;color: #fa6615;\"><span>\u00bfPor qu\u00e9 elegir nuestro servicio de e-commerce?<\/span><\/h2>[vc_row_inner css=&#8221;.vc_custom_1613794951525{margin-bottom: 30px !important;}&#8221;][vc_column_inner width=&#8221;1\/3&#8243;]<div class=\"boc_icon_holder boc_icon_size_large boc_icon_pos_center  \" style=\"margin-bottom: 15px\"><span class=\"boc_icon icon icon-signal3\" style=\"color:#fa6615;\"><\/span><\/div>[vc_column_text css=&#8221;.vc_custom_1639276823381{margin-bottom: 30px !important;}&#8221;]<\/p>\n<h3 style=\"text-align: center; margin-bottom: 10px;\">Aumenta el tr\u00e1fico<\/h3>\n<p style=\"text-align: center;\">Nuestra plataforma de e-commerce est\u00e1 optimizada para garantizar visibilidad y buenos resultados en los principales motores de b\u00fasqueda.<\/p>\n<p>[\/vc_column_text][\/vc_column_inner][vc_column_inner width=&#8221;1\/3&#8243;]<div class=\"boc_icon_holder boc_icon_size_large boc_icon_pos_center  \" style=\"margin-bottom: 15px\"><span class=\"boc_icon icon icon-tags\" style=\"color:#fa6615;\"><\/span><\/div>[vc_column_text css=&#8221;.vc_custom_1639276840598{margin-bottom: 30px !important;}&#8221;]<\/p>\n<h3 style=\"text-align: center; margin-bottom: 10px;\">Optimizaci\u00f3n de costes<\/h3>\n<p style=\"text-align: center;\">El control del gasto es fundamental para el \u00e9xito a largo plazo de un negocio. Nos comprometemos a limitar los gastos que surjan obteniendo los mejores resultados.<\/p>\n<p>[\/vc_column_text][\/vc_column_inner][vc_column_inner width=&#8221;1\/3&#8243;]<div class=\"boc_icon_holder boc_icon_size_large boc_icon_pos_center  \" style=\"margin-bottom: 15px\"><span class=\"boc_icon icon icon-global2\" style=\"color:#fa6615;\"><\/span><\/div>[vc_column_text]<\/p>\n<h3 style=\"text-align: center; margin-bottom: 10px;\">Promociona tu marca<\/h3>\n<p style=\"text-align: center;\">Un e-commerce eficiente es una ventaja y una necesidad dentro del mercado global.<\/p>\n<p>[\/vc_column_text][\/vc_column_inner][\/vc_row_inner][\/vc_column][\/vc_row][vc_row full_width=&#8221;stretch_row&#8221; bg_type=&#8221;bg_color&#8221; bg_color_value=&#8221;#fa6615&#8243; css=&#8221;.vc_custom_1613785551668{padding-top: 30px !important;padding-bottom: 30px !important;background-color: #fa6615 !important;}&#8221; el_class=&#8221;white-text&#8221;][vc_column css=&#8221;.vc_custom_1578910164379{padding-top: 0px !important;}&#8221;][vc_row_inner][vc_column_inner][vc_column_text css=&#8221;.vc_custom_1639276873286{margin-bottom: 30px !important;}&#8221;]<\/p>\n<p style=\"text-align: center;\">Entre nuestros servicios de E-commerce, ofrecemos:<\/p>\n<p style=\"text-align: center;\">Una de las fortalezas de Adrian Roche es satisfacer las necesidades de vendedores y compradores en el mercado del comercio electr\u00f3nico.<\/p>\n<p>[\/vc_column_text][\/vc_column_inner][\/vc_row_inner][vc_row_inner el_class=&#8221;ecommerce&#8221;][vc_column_inner el_class=&#8221;hidden&#8221; width=&#8221;1\/6&#8243;][\/vc_column_inner][vc_column_inner width=&#8221;1\/6&#8243;][vc_single_image alignment=&#8221;center&#8221; image=&#8221;774&#8243; css=&#8221;.vc_custom_1613785961950{margin-bottom: 15px !important;}&#8221; el_class=&#8221;white&#8221;]<h3 class=\"boc_heading  center  \"  style=\"margin-bottom: 20px;margin-top: 0px;text-align: center;color: #ffffff;\"><span>Configuraci\u00f3n e instalaci\u00f3n<\/span><\/h3>[\/vc_column_inner][vc_column_inner width=&#8221;1\/6&#8243;][vc_single_image alignment=&#8221;center&#8221; image=&#8221;790&#8243; css=&#8221;.vc_custom_1613786193083{margin-bottom: 15px !important;}&#8221; el_class=&#8221;white&#8221;]<h3 class=\"boc_heading  center  \"  style=\"margin-bottom: 20px;margin-top: 0px;text-align: center;color: #ffffff;\"><span>Actualizaci\u00f3n de versiones<\/span><\/h3>[\/vc_column_inner][vc_column_inner width=&#8221;1\/6&#8243;][vc_single_image alignment=&#8221;center&#8221; image=&#8221;789&#8243; css=&#8221;.vc_custom_1613786201189{margin-bottom: 15px !important;}&#8221; el_class=&#8221;white&#8221;]<h3 class=\"boc_heading  center  \"  style=\"margin-bottom: 20px;margin-top: 25px;text-align: center;color: #ffffff;\"><span>Soporte<\/span><\/h3>[\/vc_column_inner][vc_column_inner width=&#8221;1\/6&#8243;][vc_single_image alignment=&#8221;center&#8221; image=&#8221;788&#8243; css=&#8221;.vc_custom_1613786209265{margin-bottom: 15px !important;}&#8221; el_class=&#8221;white&#8221;]<h3 class=\"boc_heading  center  \"  style=\"margin-bottom: 20px;margin-top: 0px;text-align: center;color: #ffffff;\"><span>Creaci\u00f3n de plantillas<\/span><\/h3>[\/vc_column_inner][vc_column_inner width=&#8221;1\/6&#8243;][vc_single_image alignment=&#8221;center&#8221; image=&#8221;787&#8243; css=&#8221;.vc_custom_1613786219063{margin-bottom: 15px !important;}&#8221; el_class=&#8221;white&#8221;]<h3 class=\"boc_heading  center  \"  style=\"margin-bottom: 20px;margin-top: 0px;text-align: center;color: #ffffff;\"><span>Carga e integraci\u00f3n de productos<\/span><\/h3>[\/vc_column_inner][\/vc_row_inner][vc_row_inner el_class=&#8221;ecommerce&#8221; css=&#8221;.vc_custom_1527064397434{margin-top: 30px !important;}&#8221;][vc_column_inner el_class=&#8221;hidden&#8221; width=&#8221;1\/6&#8243;][\/vc_column_inner][vc_column_inner width=&#8221;1\/6&#8243;][vc_single_image alignment=&#8221;center&#8221; image=&#8221;786&#8243; css=&#8221;.vc_custom_1613786233958{margin-bottom: 15px !important;}&#8221; el_class=&#8221;white&#8221;]<h3 class=\"boc_heading  center  \"  style=\"margin-bottom: 20px;margin-top: 0px;text-align: center;color: #ffffff;\"><span>Env\u00edo avanzado<\/span><\/h3>[\/vc_column_inner][vc_column_inner width=&#8221;1\/6&#8243;][vc_single_image alignment=&#8221;center&#8221; image=&#8221;785&#8243; css=&#8221;.vc_custom_1613786287299{margin-bottom: 15px !important;}&#8221; el_class=&#8221;white&#8221;]<h3 class=\"boc_heading  center  \"  style=\"margin-bottom: 20px;margin-top: 0px;text-align: center;color: #ffffff;\"><span>Integraci\u00f3n de puerta de enlace y modelo<\/span><\/h3>[\/vc_column_inner][vc_column_inner width=&#8221;1\/6&#8243;][vc_single_image alignment=&#8221;center&#8221; image=&#8221;784&#8243; css=&#8221;.vc_custom_1613786294059{margin-bottom: 15px !important;}&#8221; el_class=&#8221;white&#8221;]<h3 class=\"boc_heading  center  \"  style=\"margin-bottom: 20px;margin-top: 0px;text-align: center;color: #ffffff;\"><span>Retenci\u00f3n del cliente<\/span><\/h3>[\/vc_column_inner][vc_column_inner width=&#8221;1\/6&#8243;][vc_single_image alignment=&#8221;center&#8221; image=&#8221;783&#8243; css=&#8221;.vc_custom_1613786301900{margin-bottom: 15px !important;}&#8221; el_class=&#8221;white&#8221;]<h3 class=\"boc_heading  center  \"  style=\"margin-bottom: 20px;margin-top: 0px;text-align: center;color: #ffffff;\"><span>Cloud hosting<\/span><\/h3>[\/vc_column_inner][vc_column_inner el_class=&#8221;hidden&#8221; width=&#8221;1\/6&#8243;][\/vc_column_inner][\/vc_row_inner][\/vc_column][\/vc_row][vc_row full_width=&#8221;stretch_row&#8221; css=&#8221;.vc_custom_1613814094742{padding-bottom: 30px !important;}&#8221;][vc_column]<h2 class=\"boc_heading  center  \"  style=\"margin-bottom: 20px;margin-top: 30px;text-align: center;color: #fa6615;\"><span>BLOG<\/span><\/h2><div id = \"post_grid_e36c02685218fcb4ced01ca5de130989\" class=\"grid_holder \"><div class=\"col span_1_of_3 info_item isotope_element\">\r\n\t\t\t\t\t\t\t<div class=\"post_item_block  boxed\"><div class=\"pic \"><a href=\"https:\/\/adrianroche-tech.com\/es\/como-optimizar-las-imagenes-de-tu-web\/\"><img decoding=\"async\" src=\"https:\/\/adrianroche-tech.com\/wp-content\/uploads\/2021\/02\/image-optimize-600x380.jpg\"\/><div class=\"img_overlay\"><span class=\"hover_icon icon_plus\"><\/span><\/div><\/a><\/div><div class=\"post_item_desc dark_links\"><h4><a href=\"https:\/\/adrianroche-tech.com\/es\/como-optimizar-las-imagenes-de-tu-web\/\">C\u00f3mo optimizar las im\u00e1genes de tu web<\/a><\/h4><div class=\"small_post_date\"><span class=\"icon icon-calendar2\"><\/span> &nbsp; February 20, 2021<\/div><p>Subir im\u00e1genes a una web es un proceso sencillo, pero esa sencillez nos hace olvidar muchas veces la importancia de la ...<\/p>\t\t<\/div>\r\n\t\t\t\t<\/div>\r\n\t\t\t\t<\/div><div class=\"col span_1_of_3 info_item isotope_element\">\r\n\t\t\t\t\t\t\t<div class=\"post_item_block  boxed\"><div class=\"pic \"><a href=\"https:\/\/adrianroche-tech.com\/es\/que-necesitas-saber-para-ser-un-desarrollador-de-exito\/\"><img decoding=\"async\" src=\"https:\/\/adrianroche-tech.com\/wp-content\/uploads\/2021\/02\/developer-thanh-cong-600x380.jpg\"\/><div class=\"img_overlay\"><span class=\"hover_icon icon_plus\"><\/span><\/div><\/a><\/div><div class=\"post_item_desc dark_links\"><h4><a href=\"https:\/\/adrianroche-tech.com\/es\/que-necesitas-saber-para-ser-un-desarrollador-de-exito\/\">Qu\u00e9 necesitas saber para ser un desarrollador de \u00e9xito<\/a><\/h4><div class=\"small_post_date\"><span class=\"icon icon-calendar2\"><\/span> &nbsp; February 20, 2021<\/div><p>Recientemente, algunos estudiantes me han pedido consejo sobre su futuro, especialmente para convertirse en buenos ...<\/p>\t\t<\/div>\r\n\t\t\t\t<\/div>\r\n\t\t\t\t<\/div><div class=\"col span_1_of_3 info_item isotope_element\">\r\n\t\t\t\t\t\t\t<div class=\"post_item_block  boxed\"><div class=\"pic \"><a href=\"https:\/\/adrianroche-tech.com\/es\/como-optimizar-wordpress-y-acelerar-tu-sitio-web\/\"><img decoding=\"async\" src=\"https:\/\/adrianroche-tech.com\/wp-content\/uploads\/2021\/02\/photo-optimization-600x380.jpg\"\/><div class=\"img_overlay\"><span class=\"hover_icon icon_plus\"><\/span><\/div><\/a><\/div><div class=\"post_item_desc dark_links\"><h4><a href=\"https:\/\/adrianroche-tech.com\/es\/como-optimizar-wordpress-y-acelerar-tu-sitio-web\/\">C\u00f3mo optimizar WordPress y acelerar tu sitio web<\/a><\/h4><div class=\"small_post_date\"><span class=\"icon icon-calendar2\"><\/span> &nbsp; February 20, 2021<\/div><p>Google ha publicado recientemente una nueva m\u00e9trica de tiempo de carga de sitios web. Actualmente, m\u00e1s del 80% de los ...<\/p>\t\t<\/div>\r\n\t\t\t\t<\/div>\r\n\t\t\t\t<\/div>\r\n\t\t\t<\/div>\r\n\t\t\t<div class=\"h10 clear\"><\/div>[\/vc_column][\/vc_row]<\/p>\n","protected":false},"excerpt":{"rendered":"<p>[vc_row full_width=&#8221;stretch_row&#8221; css=&#8221;.vc_custom_1600833556742{padding-bottom: 50px !important;background-image: url(https:\/\/adrianroche.vn\/wp-content\/uploads\/2020\/01\/ecommerce.jpg?id=1209) !important;background-position: center !important;background-repeat: no-repeat !important;background-size: cover !important;}&#8221;][vc_column][\/vc_column][\/vc_row][vc_row full_width=&#8221;stretch_row&#8221; css=&#8221;.vc_custom_1600686432251{background-color: #fa6615 !important;}&#8221; el_class=&#8221;white-text&#8221;][vc_column css_animation=&#8221;fadeInUp&#8221; css=&#8221;.vc_custom_1613784728086{padding-top: 20px !important;padding-bottom: 30px !important;}&#8221;][vc_column_text el_class=&#8221;hometext2&#8243;] Aumenta las ventas online mientras construyes tu marca en el mercado gracias a nuestras soluciones de e-commerce y dise\u00f1o web. En Adrian Roche te ofrecemos estrategias basadas en Magento, WooCommerce, Shopify, OpenCart, Joomla, Salesforce y<\/p>\n<div class=\"h10\"><\/div>\n<p><a class=\"more-link2\" href=\"https:\/\/adrianroche-tech.com\/es\/como-optimizar-wordpress-y-acelerar-tu-sitio-web\/\">Read more<\/a><\/p>\n","protected":false},"author":1,"featured_media":0,"parent":2064,"menu_order":0,"comment_status":"closed","ping_status":"closed","template":"","meta":{"footnotes":""},"class_list":["post-2081","page","type-page","status-publish","hentry"],"_links":{"self":[{"href":"https:\/\/adrianroche-tech.com\/es\/wp-json\/wp\/v2\/pages\/2081","targetHints":{"allow":["GET"]}}],"collection":[{"href":"https:\/\/adrianroche-tech.com\/es\/wp-json\/wp\/v2\/pages"}],"about":[{"href":"https:\/\/adrianroche-tech.com\/es\/wp-json\/wp\/v2\/types\/page"}],"author":[{"embeddable":true,"href":"https:\/\/adrianroche-tech.com\/es\/wp-json\/wp\/v2\/users\/1"}],"replies":[{"embeddable":true,"href":"https:\/\/adrianroche-tech.com\/es\/wp-json\/wp\/v2\/comments?post=2081"}],"version-history":[{"count":2,"href":"https:\/\/adrianroche-tech.com\/es\/wp-json\/wp\/v2\/pages\/2081\/revisions"}],"predecessor-version":[{"id":2114,"href":"https:\/\/adrianroche-tech.com\/es\/wp-json\/wp\/v2\/pages\/2081\/revisions\/2114"}],"up":[{"embeddable":true,"href":"https:\/\/adrianroche-tech.com\/es\/wp-json\/wp\/v2\/pages\/2064"}],"wp:attachment":[{"href":"https:\/\/adrianroche-tech.com\/es\/wp-json\/wp\/v2\/media?parent=2081"}],"curies":[{"name":"wp","href":"https:\/\/api.w.org\/{rel}","templated":true}]}}