{"id":2082,"date":"2018-04-17T11:40:17","date_gmt":"2018-04-17T02:40:17","guid":{"rendered":"https:\/\/adrianroche.vn\/es\/nuestros-servicios\/software-enhancement\/"},"modified":"2022-01-17T11:41:01","modified_gmt":"2022-01-17T02:41:01","slug":"mejora-de-software","status":"publish","type":"page","link":"https:\/\/adrianroche-tech.com\/es\/nuestros-servicios\/mejora-de-software\/","title":{"rendered":"Mejora de software"},"content":{"rendered":"<p>[vc_row full_width=&#8221;stretch_row&#8221; css=&#8221;.vc_custom_1600760590660{padding-bottom: 50px !important;background-image: url(https:\/\/adrianroche.vn\/wp-content\/uploads\/2020\/01\/Software-enhancement-2.jpg?id=1205) !important;background-position: center !important;background-repeat: no-repeat !important;background-size: cover !important;}&#8221;][vc_column]<div class=\"boc_spacing \" style=\"height: 250px\"><\/div>[\/vc_column][\/vc_row][vc_row full_width=&#8221;stretch_row&#8221; css=&#8221;.vc_custom_1600685659981{margin-bottom: 0px !important;background-color: #fa6615 !important;}&#8221; el_class=&#8221;white-text&#8221;][vc_column css=&#8221;.vc_custom_1578717914850{padding-top: 20px !important;padding-bottom: 30px !important;}&#8221;]<h2 class=\"boc_heading inner-heading center  \"  style=\"margin-bottom: 10px;margin-top: 0px;text-align: center;color: #ffffff;\"><span>Mejora de software<\/span><\/h2>[vc_column_text el_class=&#8221;hometext2&#8243;]<\/p>\n<p style=\"text-align: center;\">Adrian Roche ayuda a mejorar las aplicaciones de software b\u00e1sicas en el negocio para que gestione eficazmente las solicitudes de los usuarios. Gracias a un calendario de lanzamiento, estas mejoras se planifican e implementan cuidadosamente para lograr el m\u00e1ximo impacto.<br \/>\nNuestros equipos pueden entregar los proyectos de software en cualquier etapa de su desarrollo. Gracias a nuestra amplia experiencia, nos especializamos en las caracter\u00edsticas, rendimiento, plataformas, usabilidad y dise\u00f1o, en cualquier fase que se encuentren. Nuestros servicios de mejora de software garantizan una ejecuci\u00f3n m\u00e1s r\u00e1pida y eficiente, adem\u00e1s de ser pr\u00e1cticos y atractivos.<\/p>\n<p>[\/vc_column_text][\/vc_column][\/vc_row]<\/p>\n","protected":false},"excerpt":{"rendered":"<p>[vc_row full_width=&#8221;stretch_row&#8221; css=&#8221;.vc_custom_1600760590660{padding-bottom: 50px !important;background-image: url(https:\/\/adrianroche.vn\/wp-content\/uploads\/2020\/01\/Software-enhancement-2.jpg?id=1205) !important;background-position: center !important;background-repeat: no-repeat !important;background-size: cover !important;}&#8221;][vc_column][\/vc_column][\/vc_row][vc_row full_width=&#8221;stretch_row&#8221; css=&#8221;.vc_custom_1600685659981{margin-bottom: 0px !important;background-color: #fa6615 !important;}&#8221; el_class=&#8221;white-text&#8221;][vc_column css=&#8221;.vc_custom_1578717914850{padding-top: 20px !important;padding-bottom: 30px !important;}&#8221;][vc_column_text el_class=&#8221;hometext2&#8243;] Adrian Roche ayuda a mejorar las aplicaciones de software b\u00e1sicas en el negocio para que gestione eficazmente las solicitudes de los usuarios. Gracias a un calendario de lanzamiento, estas mejoras se planifican e implementan<\/p>\n<div class=\"h10\"><\/div>\n<p><a class=\"more-link2\" href=\"https:\/\/adrianroche-tech.com\/es\/nuestros-servicios\/mejora-de-software\/\">Read more<\/a><\/p>\n","protected":false},"author":1,"featured_media":0,"parent":2064,"menu_order":0,"comment_status":"closed","ping_status":"closed","template":"","meta":{"footnotes":""},"class_list":["post-2082","page","type-page","status-publish","hentry"],"_links":{"self":[{"href":"https:\/\/adrianroche-tech.com\/es\/wp-json\/wp\/v2\/pages\/2082","targetHints":{"allow":["GET"]}}],"collection":[{"href":"https:\/\/adrianroche-tech.com\/es\/wp-json\/wp\/v2\/pages"}],"about":[{"href":"https:\/\/adrianroche-tech.com\/es\/wp-json\/wp\/v2\/types\/page"}],"author":[{"embeddable":true,"href":"https:\/\/adrianroche-tech.com\/es\/wp-json\/wp\/v2\/users\/1"}],"replies":[{"embeddable":true,"href":"https:\/\/adrianroche-tech.com\/es\/wp-json\/wp\/v2\/comments?post=2082"}],"version-history":[{"count":2,"href":"https:\/\/adrianroche-tech.com\/es\/wp-json\/wp\/v2\/pages\/2082\/revisions"}],"predecessor-version":[{"id":2116,"href":"https:\/\/adrianroche-tech.com\/es\/wp-json\/wp\/v2\/pages\/2082\/revisions\/2116"}],"up":[{"embeddable":true,"href":"https:\/\/adrianroche-tech.com\/es\/wp-json\/wp\/v2\/pages\/2064"}],"wp:attachment":[{"href":"https:\/\/adrianroche-tech.com\/es\/wp-json\/wp\/v2\/media?parent=2082"}],"curies":[{"name":"wp","href":"https:\/\/api.w.org\/{rel}","templated":true}]}}