{"id":2083,"date":"2018-04-17T10:28:58","date_gmt":"2018-04-17T01:28:58","guid":{"rendered":"https:\/\/adrianroche.vn\/es\/nuestros-servicios\/responsive-web-and-cms\/"},"modified":"2022-01-17T11:36:51","modified_gmt":"2022-01-17T02:36:51","slug":"web-responsive-y-cms","status":"publish","type":"page","link":"https:\/\/adrianroche-tech.com\/es\/nuestros-servicios\/web-responsive-y-cms\/","title":{"rendered":"Web responsive y CMS"},"content":{"rendered":"<p>[vc_row full_width=&#8221;stretch_row&#8221; css=&#8221;.vc_custom_1600833522753{padding-bottom: 50px !important;background-image: url(https:\/\/adrianroche.vn\/wp-content\/uploads\/2020\/01\/front-end.jpg?id=1207) !important;background-position: center !important;background-repeat: no-repeat !important;background-size: cover !important;}&#8221;][vc_column]<div class=\"boc_spacing \" style=\"height: 250px\"><\/div>[\/vc_column][\/vc_row][vc_row full_width=&#8221;stretch_row&#8221; css=&#8221;.vc_custom_1600686418223{background-color: #fa6615 !important;background-position: center !important;background-repeat: no-repeat !important;background-size: cover !important;}&#8221; el_class=&#8221;white-text&#8221;][vc_column css=&#8221;.vc_custom_1578714978759{padding-top: 20px !important;padding-bottom: 30px !important;}&#8221;]<h1 class=\"boc_heading inner-heading center  \"  style=\"margin-bottom: 10px;margin-top: 0px;text-align: center;color: #ffffff;\"><span>Dise\u00f1o web profesional<\/span><\/h1>[vc_column_text el_class=&#8221;hometext2&#8243; css=&#8221;.vc_custom_1639276434081{margin-bottom: 30px !important;}&#8221;]<\/p>\n<p style=\"text-align: center;\">En Adrian Roche, consideramos que una web es la base para cualquier empresa. En la era 4.0, representa los valores fundamentales del negocio.<br \/>\nDise\u00f1ar una web es el primer paso para crear un plan de negocio y una estrategia efectiva para tu empresa.<\/p>\n<p>[\/vc_column_text][vc_single_image img_size=&#8221;large&#8221; alignment=&#8221;center&#8221; image=&#8221;1689&#8243; css=&#8221;.vc_custom_1613666073669{margin-bottom: 30px !important;}&#8221;][\/vc_column][\/vc_row][vc_row full_width=&#8221;stretch_row&#8221; gap=&#8221;20&#8243; equal_height=&#8221;yes&#8221; content_placement=&#8221;top&#8221;][vc_column css_animation=&#8221;none&#8221; offset=&#8221;vc_col-lg-offset-1 vc_col-lg-10 vc_col-md-offset-1 vc_col-md-10&#8243;]<h2 class=\"boc_heading  center  boc_animate_when_almost_visible boc_fade-in\"  style=\"margin-bottom: 20px;margin-top: 0px;text-align: center;color: #fa6615;\"><span>Valores fundamentales<\/span><\/h2>[vc_column_text css_animation=&#8221;boc_animate_when_almost_visible boc_fade-in&#8221; css=&#8221;.vc_custom_1639276451590{margin-bottom: 30px !important;}&#8221;]<\/p>\n<p style=\"text-align: center;\">Adrian Roche es el socio perfecto para los negocios online, dentro de un entorno en constante cambio y lleno de oportunidades y desaf\u00edos. No solo asesoramos, sino que trabajamos junto a ti para crear estrategias que mejoren el negocio.<\/p>\n<p>[\/vc_column_text][vc_single_image alignment=&#8221;center&#8221; css_animation=&#8221;boc_animate_when_almost_visible boc_top-to-bottom&#8221; image=&#8221;1720&#8243;][\/vc_column][\/vc_row][vc_row full_width=&#8221;stretch_row&#8221; gap=&#8221;20&#8243; equal_height=&#8221;yes&#8221; content_placement=&#8221;top&#8221; css=&#8221;.vc_custom_1613874956010{padding-bottom: 30px !important;}&#8221; el_id=&#8221;services&#8221;][vc_column css_animation=&#8221;none&#8221;]<div class=\"boc_divider_holder\"><div class=\"boc_divider  \"  style=\"margin-top: 20px;margin-bottom: 20px;width: 50%;margin-left: auto; margin-right: auto;height: 1px;background: #eeeeee;\"><i class=\"icon icon-star\"  style=\"font-size: 14px; line-height: 14px;color: #e5e5e5;left: 50%; transform: translateY(-50%) translateX(-50%);background-color: #ffffff;border: 1px solid #ffffff;padding: 10px;\"><\/i><\/div><\/div>[vc_row_inner css=&#8221;.vc_custom_1613699204759{margin-top: 30px !important;}&#8221;][vc_column_inner width=&#8221;1\/3&#8243;]<div class=\"boc_icon_holder boc_icon_size_large boc_icon_pos_center  \" style=\"margin-bottom: 15px\"><span class=\"boc_icon icon icon-config\" style=\"color:#fa6615;\"><\/span><\/div>[vc_column_text css=&#8221;.vc_custom_1639276473933{margin-bottom: 30px !important;}&#8221;]<\/p>\n<h3 style=\"text-align: center; margin-bottom: 10px;\">Compatible con todos los dispositivos<\/h3>\n<p style=\"text-align: center;\">Utilizamos la tecnolog\u00eda de dise\u00f1o web responsivo para adaptar el contenido a cualquier dispositivo, sac\u00e1ndole la m\u00e1xima ventaja.<\/p>\n<p>[\/vc_column_text][\/vc_column_inner][vc_column_inner width=&#8221;1\/3&#8243;]<div class=\"boc_icon_holder boc_icon_size_large boc_icon_pos_center  \" style=\"margin-bottom: 15px\"><span class=\"boc_icon icon icon-tags\" style=\"color:#fa6615;\"><\/span><\/div>[vc_column_text css=&#8221;.vc_custom_1639276491659{margin-bottom: 30px !important;}&#8221;]<\/p>\n<h3 style=\"text-align: center; margin-bottom: 10px;\">Optimizaci\u00f3n de costes<\/h3>\n<p style=\"text-align: center;\">El control del gasto es fundamental para el \u00e9xito a largo plazo de un negocio. Nos comprometemos a limitar los gastos que surjan obteniendo los mejores resultados.<\/p>\n<p>[\/vc_column_text][\/vc_column_inner][vc_column_inner width=&#8221;1\/3&#8243;]<div class=\"boc_icon_holder boc_icon_size_large boc_icon_pos_center  \" style=\"margin-bottom: 15px\"><span class=\"boc_icon icon icon-bolt\" style=\"color:#fa6615;\"><\/span><\/div>[vc_column_text]<\/p>\n<h3 style=\"text-align: center; margin-bottom: 10px;\">Optimizaci\u00f3n de SEO<\/h3>\n<p style=\"text-align: center;\">Un buen dise\u00f1o, una estructura de p\u00e1gina definida y una estrategia efectiva de SEO en todos los dispositivos, ayudan a destacar la web en los r\u00e1nkings de los buscadores.<\/p>\n<p>[\/vc_column_text][\/vc_column_inner][\/vc_row_inner][\/vc_column][\/vc_row][vc_row full_width=&#8221;stretch_row&#8221; css=&#8221;.vc_custom_1613814039764{padding-bottom: 30px !important;}&#8221;][vc_column]<div class=\"boc_divider_holder\"><div class=\"boc_divider  \"  style=\"margin-top: 20px;margin-bottom: 20px;width: 50%;margin-left: auto; margin-right: auto;height: 1px;background: #eeeeee;\"><i class=\"icon icon-star\"  style=\"font-size: 14px; line-height: 14px;color: #e5e5e5;left: 50%; transform: translateY(-50%) translateX(-50%);background-color: #ffffff;border: 1px solid #ffffff;padding: 10px;\"><\/i><\/div><\/div><h2 class=\"boc_heading  center  boc_animate_when_almost_visible boc_fade-in\"  style=\"margin-bottom: 20px;margin-top: 0px;text-align: center;color: #fa6615;\"><span>BLOG<\/span><\/h2><div id = \"post_grid_e36c02685218fcb4ced01ca5de130989\" class=\"grid_holder \"><div class=\"col span_1_of_3 info_item isotope_element\">\r\n\t\t\t\t\t\t\t<div class=\"post_item_block  boxed\"><div class=\"pic \"><a href=\"https:\/\/adrianroche-tech.com\/es\/como-optimizar-las-imagenes-de-tu-web\/\"><img decoding=\"async\" src=\"https:\/\/adrianroche-tech.com\/wp-content\/uploads\/2021\/02\/image-optimize-600x380.jpg\"\/><div class=\"img_overlay\"><span class=\"hover_icon icon_plus\"><\/span><\/div><\/a><\/div><div class=\"post_item_desc dark_links\"><h4><a href=\"https:\/\/adrianroche-tech.com\/es\/como-optimizar-las-imagenes-de-tu-web\/\">C\u00f3mo optimizar las im\u00e1genes de tu web<\/a><\/h4><div class=\"small_post_date\"><span class=\"icon icon-calendar2\"><\/span> &nbsp; February 20, 2021<\/div><p>Subir im\u00e1genes a una web es un proceso sencillo, pero esa sencillez nos hace olvidar muchas veces la importancia de la ...<\/p>\t\t<\/div>\r\n\t\t\t\t<\/div>\r\n\t\t\t\t<\/div><div class=\"col span_1_of_3 info_item isotope_element\">\r\n\t\t\t\t\t\t\t<div class=\"post_item_block  boxed\"><div class=\"pic \"><a href=\"https:\/\/adrianroche-tech.com\/es\/que-necesitas-saber-para-ser-un-desarrollador-de-exito\/\"><img decoding=\"async\" src=\"https:\/\/adrianroche-tech.com\/wp-content\/uploads\/2021\/02\/developer-thanh-cong-600x380.jpg\"\/><div class=\"img_overlay\"><span class=\"hover_icon icon_plus\"><\/span><\/div><\/a><\/div><div class=\"post_item_desc dark_links\"><h4><a href=\"https:\/\/adrianroche-tech.com\/es\/que-necesitas-saber-para-ser-un-desarrollador-de-exito\/\">Qu\u00e9 necesitas saber para ser un desarrollador de \u00e9xito<\/a><\/h4><div class=\"small_post_date\"><span class=\"icon icon-calendar2\"><\/span> &nbsp; February 20, 2021<\/div><p>Recientemente, algunos estudiantes me han pedido consejo sobre su futuro, especialmente para convertirse en buenos ...<\/p>\t\t<\/div>\r\n\t\t\t\t<\/div>\r\n\t\t\t\t<\/div><div class=\"col span_1_of_3 info_item isotope_element\">\r\n\t\t\t\t\t\t\t<div class=\"post_item_block  boxed\"><div class=\"pic \"><a href=\"https:\/\/adrianroche-tech.com\/es\/como-optimizar-wordpress-y-acelerar-tu-sitio-web\/\"><img decoding=\"async\" src=\"https:\/\/adrianroche-tech.com\/wp-content\/uploads\/2021\/02\/photo-optimization-600x380.jpg\"\/><div class=\"img_overlay\"><span class=\"hover_icon icon_plus\"><\/span><\/div><\/a><\/div><div class=\"post_item_desc dark_links\"><h4><a href=\"https:\/\/adrianroche-tech.com\/es\/como-optimizar-wordpress-y-acelerar-tu-sitio-web\/\">C\u00f3mo optimizar WordPress y acelerar tu sitio web<\/a><\/h4><div class=\"small_post_date\"><span class=\"icon icon-calendar2\"><\/span> &nbsp; February 20, 2021<\/div><p>Google ha publicado recientemente una nueva m\u00e9trica de tiempo de carga de sitios web. Actualmente, m\u00e1s del 80% de los ...<\/p>\t\t<\/div>\r\n\t\t\t\t<\/div>\r\n\t\t\t\t<\/div>\r\n\t\t\t<\/div>\r\n\t\t\t<div class=\"h10 clear\"><\/div>[\/vc_column][\/vc_row]<\/p>\n","protected":false},"excerpt":{"rendered":"<p>[vc_row full_width=&#8221;stretch_row&#8221; css=&#8221;.vc_custom_1600833522753{padding-bottom: 50px !important;background-image: url(https:\/\/adrianroche.vn\/wp-content\/uploads\/2020\/01\/front-end.jpg?id=1207) !important;background-position: center !important;background-repeat: no-repeat !important;background-size: cover !important;}&#8221;][vc_column][\/vc_column][\/vc_row][vc_row full_width=&#8221;stretch_row&#8221; css=&#8221;.vc_custom_1600686418223{background-color: #fa6615 !important;background-position: center !important;background-repeat: no-repeat !important;background-size: cover !important;}&#8221; el_class=&#8221;white-text&#8221;][vc_column css=&#8221;.vc_custom_1578714978759{padding-top: 20px !important;padding-bottom: 30px !important;}&#8221;][vc_column_text el_class=&#8221;hometext2&#8243; css=&#8221;.vc_custom_1639276434081{margin-bottom: 30px !important;}&#8221;] En Adrian Roche, consideramos que una web es la base para cualquier empresa. En la era 4.0, representa los valores fundamentales del negocio. Dise\u00f1ar una web es<\/p>\n<div class=\"h10\"><\/div>\n<p><a class=\"more-link2\" href=\"https:\/\/adrianroche-tech.com\/es\/como-optimizar-wordpress-y-acelerar-tu-sitio-web\/\">Read more<\/a><\/p>\n","protected":false},"author":1,"featured_media":0,"parent":2064,"menu_order":0,"comment_status":"closed","ping_status":"closed","template":"","meta":{"footnotes":""},"class_list":["post-2083","page","type-page","status-publish","hentry"],"_links":{"self":[{"href":"https:\/\/adrianroche-tech.com\/es\/wp-json\/wp\/v2\/pages\/2083","targetHints":{"allow":["GET"]}}],"collection":[{"href":"https:\/\/adrianroche-tech.com\/es\/wp-json\/wp\/v2\/pages"}],"about":[{"href":"https:\/\/adrianroche-tech.com\/es\/wp-json\/wp\/v2\/types\/page"}],"author":[{"embeddable":true,"href":"https:\/\/adrianroche-tech.com\/es\/wp-json\/wp\/v2\/users\/1"}],"replies":[{"embeddable":true,"href":"https:\/\/adrianroche-tech.com\/es\/wp-json\/wp\/v2\/comments?post=2083"}],"version-history":[{"count":1,"href":"https:\/\/adrianroche-tech.com\/es\/wp-json\/wp\/v2\/pages\/2083\/revisions"}],"predecessor-version":[{"id":2112,"href":"https:\/\/adrianroche-tech.com\/es\/wp-json\/wp\/v2\/pages\/2083\/revisions\/2112"}],"up":[{"embeddable":true,"href":"https:\/\/adrianroche-tech.com\/es\/wp-json\/wp\/v2\/pages\/2064"}],"wp:attachment":[{"href":"https:\/\/adrianroche-tech.com\/es\/wp-json\/wp\/v2\/media?parent=2083"}],"curies":[{"name":"wp","href":"https:\/\/api.w.org\/{rel}","templated":true}]}}