{"id":2086,"date":"2018-03-02T18:39:53","date_gmt":"2018-03-02T09:39:53","guid":{"rendered":"https:\/\/adrianroche.vn\/es\/multilingual-natives\/"},"modified":"2022-01-17T11:42:26","modified_gmt":"2022-01-17T02:42:26","slug":"nativos-multilingues","status":"publish","type":"page","link":"https:\/\/adrianroche-tech.com\/es\/nativos-multilingues\/","title":{"rendered":"Nativos multiling\u00fces"},"content":{"rendered":"<p>[vc_row full_width=&#8221;stretch_row&#8221; css=&#8221;.vc_custom_1600760906335{padding-bottom: 50px !important;background-image: url(https:\/\/adrianroche.vn\/wp-content\/uploads\/2020\/01\/global-team-1.jpg?id=1231) !important;background-position: center !important;background-repeat: no-repeat !important;background-size: cover !important;}&#8221;][vc_column]<div class=\"boc_spacing \" style=\"height: 250px\"><\/div>[\/vc_column][\/vc_row][vc_row full_width=&#8221;stretch_row&#8221; el_class=&#8221;white-text&#8221; css=&#8221;.vc_custom_1600685111593{background-color: #fa6615 !important;}&#8221;][vc_column css=&#8221;.vc_custom_1578720669829{padding-top: 20px !important;padding-bottom: 30px !important;}&#8221;]<h2 class=\"boc_heading inner-heading center  \"  style=\"margin-bottom: 10px;margin-top: 0px;text-align: center;color: #ffffff;\"><span>Nativos multiling\u00fces<\/span><\/h2>[vc_column_text el_class=&#8221;hometext2&#8243;]<\/p>\n<p style=\"text-align: center;\">En el mundo empresarial globalizado de hoy, una comunicaci\u00f3n clara es clave. En Adrian Roche, nuestros servicios est\u00e1n disponibles en varios idiomas. Nuestros expertos multiling\u00fces pueden entregar lo que necesitas en tiempo siempre. Creemos que el desarrollo de software deber\u00eda basarse en las necesidades \u00fanicas y el contexto de la audiencia, en especial cuando se refiere a la comunicaci\u00f3n.<\/p>\n<p>[\/vc_column_text][\/vc_column][\/vc_row][vc_row full_width=&#8221;stretch_row&#8221; css=&#8221;.vc_custom_1527066665596{padding-top: 30px !important;padding-bottom: 50px !important;}&#8221; el_id=&#8221;language-map&#8221;][vc_column css=&#8221;.vc_custom_1578911101859{padding-top: 0px !important;}&#8221;]<h2 class=\"boc_heading  center  \"  style=\"margin-bottom: 30px;margin-top: 0px;text-align: center;color: #333333;\"><span>Idiomas disponibles<\/span><\/h2>[vc_single_image alignment=&#8221;center&#8221; image=&#8221;803&#8243;][\/vc_column][\/vc_row][vc_row disable_element=&#8221;yes&#8221; css=&#8221;.vc_custom_1527269077882{padding-top: 30px !important;}&#8221;][vc_column][vc_raw_html]JTNDZGl2JTIwY2xhc3MlM0QlMjJ3cGJfcm93JTIwdmNfcm93LWZsdWlkJTIyJTNFJTBBJTA5JTNDZGl2JTIwY2xhc3MlM0QlMjJ3cGJfY29sdW1uJTIwdmNfY29sdW1uX2NvbnRhaW5lciUyMHZjX2NvbC1zbS00JTIyJTNFJTBBJTA5JTA5JTNDZGl2JTIwY2xhc3MlM0QlMjJ3cGJfd3JhcHBlciUyMGhvbWVmb290ZXJ0ZXh0JTIyJTNFJTBBJTA5JTA5JTA5JTNDaDMlMjBjbGFzcyUzRCUyMmJvY19oZWFkaW5nJTIwYm9jX2FuaW1hdGVfd2hlbl9hbG1vc3RfdmlzaWJsZSUyMGJvY19sZWZ0LXRvLXJpZ2h0JTIwYm9jX3N0YXJ0X2FuaW1hdGlvbiUyMiUzRU5ld3MlMjBUaXRsZSUzQyUyRmgzJTNFJTBBJTA5JTA5JTA5JTNDZGl2JTIwY2xhc3MlM0QlMjJ3cGJfdGV4dF9jb2x1bW4lMjB3cGJfY29udGVudF9lbGVtZW50JTIwJTIwd3BiX2FuaW1hdGVfd2hlbl9hbG1vc3RfdmlzaWJsZSUyMHdwYl9ib2NfYW5pbWF0ZV93aGVuX2FsbW9zdF92aXNpYmxlJTIwYm9jX2xlZnQtdG8tcmlnaHQlMjBib2NfYW5pbWF0ZV93aGVuX2FsbW9zdF92aXNpYmxlJTIwYm9jX2xlZnQtdG8tcmlnaHQlMjB2Y19jdXN0b21fMTUyMzQyMjc2Nzk1OSUyMGJvY19zdGFydF9hbmltYXRpb24lMjB3cGJfc3RhcnRfYW5pbWF0aW9uJTIwYW5pbWF0ZWQlMjIlM0UlMEElMDklMDklMDklMDklM0NkaXYlMjBjbGFzcyUzRCUyMndwYl93cmFwcGVyJTIyJTNFJTBBJTA5JTA5JTA5JTA5JTA5JTNDcCUzRUFlbmVhbiUyMHNpdCUyMGFtZXQlMjB0b3J0b3IlMjBhJTIwdHVycGlzJTIwZWdlc3RhcyUyMHJob25jdXMlMjB2b2x1dHBhdCUyMGVnZXQlMjBvZGlvLiUyME1hZWNlbmFzJTIwdXQlMjBuaXNpJTIwdGluY2lkdW50JTJDJTIwZWxlbWVudHVtJTIwZWxpdCUyMGVnZXQlMkMlMjBldWlzbW9kJTIwbGlndWxhLiUyMEN1cmFiaXR1ciUyMGFyY3UlMjBsZWN0dXMlMkMlMjBldWlzbW9kJTIwYWMlMjBlcmF0JTIwZXQlMkMlMjBwdWx2aW5hciUyMG1heGltdXMlMjBtZXR1cy4lMjBNb3JiaSUyMGxvcmVtJTIwZmVsaXMlMkMlMjBpbXBlcmRpZXQlMjBhYyUyMHBsYWNlcmF0JTIwdmFyaXVzJTJDJTIwdmFyaXVzJTIwdml0YWUlMjBzZW0uJTIwUXVpc3F1ZSUyMG1vbGxpcyUyMGNvbnNlcXVhdCUyMG1ldHVzJTJDJTIwaWQlMjB2ZW5lbmF0aXMlMjBvZGlvJTIwaWFjdWxpcyUyMC4uJTNDJTJGcCUzRSUwQSUwOSUwOSUzQ2ElMjBocmVmJTNEJTIyJTIzJTIyJTIwY2xhc3MlM0QlMjJidXR0b24lMjBidG5fbWVkaXVtJTIwYnRuX3RoZW1lX2NvbG9yJTIwYnRuX3NxdWFyZWQlMjBob21lYnV0dG9uJTIwJTIyJTIwdGFyZ2V0JTNEJTIyX3NlbGYlMjIlM0UlM0NzcGFuJTNFTW9yZSUzQyUyRnNwYW4lM0UlM0MlMkZhJTNFJTBBJTA5JTA5JTA5JTA5JTNDJTJGZGl2JTNFJTBBJTA5JTA5JTA5JTNDJTJGZGl2JTNFJTBBJTA5JTA5JTNDJTJGZGl2JTNFJTBBJTA5JTNDJTJGZGl2JTNFJTBBJTA5JTNDZGl2JTIwY2xhc3MlM0QlMjJ3cGJfY29sdW1uJTIwdmNfY29sdW1uX2NvbnRhaW5lciUyMHZjX2NvbC1zbS04JTIwaG9tZWZvb3RlciUyMiUzRSUwQSUwOSUwOSUzQ2ltZyUyMHNyYyUzRCUyMmh0dHAlM0ElMkYlMkZhZHJpYW52bi50ZWNobWluZHMuYXNpYSUyRndwLWNvbnRlbnQlMkZ1cGxvYWRzJTJGMjAxOCUyRjA0JTJGTGF5ZXItMTclNDAxWC5wbmclMjIlMjBjbGFzcyUzRCUyMmltZy1yZXNwb25zaXZlJTIyJTJGJTNFJTBBJTA5JTNDJTJGZGl2JTNFJTBBJTNDJTJGZGl2JTNF[\/vc_raw_html][\/vc_column][\/vc_row][vc_row disable_element=&#8221;yes&#8221; el_class=&#8221;picturefooter&#8221; css=&#8221;.vc_custom_1527269084025{padding-top: 30px !important;padding-bottom: 30px !important;}&#8221;][vc_column]<div class=\"posts_carousel_holder  owl_side_arrows\">\n\t\t\t\t\t\t<div id=\"posts_carousel_3080\" style=\"opacity:0;\"><div class=\"post_item_block  boc_owl_lazy \"><div class=\"pic \"><a href=\"https:\/\/adrianroche-tech.com\/es\/como-optimizar-las-imagenes-de-tu-web\/\"><img decoding=\"async\" src=\"https:\/\/adrianroche-tech.com\/wp-content\/uploads\/2021\/02\/image-optimize-265x144.jpg\"\/><\/a><\/div><div class=\"post_item_desc dark_links\"><h4><a href=\"https:\/\/adrianroche-tech.com\/es\/como-optimizar-las-imagenes-de-tu-web\/\">C\u00f3mo optimizar las im\u00e1genes de tu web<\/a><\/h4>\t\t<\/div>\n\t\t\t\t<\/div><div class=\"post_item_block  boc_owl_lazy \"><div class=\"pic \"><a href=\"https:\/\/adrianroche-tech.com\/es\/que-necesitas-saber-para-ser-un-desarrollador-de-exito\/\"><img decoding=\"async\" src=\"https:\/\/adrianroche-tech.com\/wp-content\/uploads\/2021\/02\/developer-thanh-cong-265x144.jpg\"\/><\/a><\/div><div class=\"post_item_desc dark_links\"><h4><a href=\"https:\/\/adrianroche-tech.com\/es\/que-necesitas-saber-para-ser-un-desarrollador-de-exito\/\">Qu\u00e9 necesitas saber para ser un desarrollador de \u00e9xito<\/a><\/h4>\t\t<\/div>\n\t\t\t\t<\/div><div class=\"post_item_block  boc_owl_lazy \"><div class=\"pic \"><a href=\"https:\/\/adrianroche-tech.com\/es\/como-optimizar-wordpress-y-acelerar-tu-sitio-web\/\"><img decoding=\"async\" src=\"https:\/\/adrianroche-tech.com\/wp-content\/uploads\/2021\/02\/photo-optimization-265x144.jpg\"\/><\/a><\/div><div class=\"post_item_desc dark_links\"><h4><a href=\"https:\/\/adrianroche-tech.com\/es\/como-optimizar-wordpress-y-acelerar-tu-sitio-web\/\">C\u00f3mo optimizar WordPress y acelerar tu sitio web<\/a><\/h4>\t\t<\/div>\n\t\t\t\t<\/div><\/div><\/div>\n\t\t\t\t\t\t\t<!-- Posts Carousel -->\n\t\t\t\t\t\t\t<script type=\"text\/javascript\">\n\t\t\t\t\t\t\t\t\t\t\n\t\t\t\t\t\t\t\tjQuery(document).ready(function($) {\t\t\t\n\t\t\t\t\t\t\t\t\t\n\t\t\t\t\t\t\t\t\t\/\/ Load carousel after its images are loaded\n\t\t\t\t\t\t\t\t\tpreloadImages($(\"#posts_carousel_3080 img\"), function () {\n\t\t\t\t\t\t\t\t\t\t\n\t\t\t\t\t\t\t\t\t\tvar carousel = $(\"#posts_carousel_3080\");\n\t\t\t\t\t\t\t\t\t\t\n\t\t\t\t\t\t\t\t\t\tvar args = {\n\t\t\t\t\t\t\t\t\t\t\titems: \t\t\t\t4,\n\t\t\t\t\t\t\t\t\t\t\tautoplay:\t\t\ttrue,\n\t\t\t\t\t\t\t\t\t\t\tautoplayTimeout:\t6000,\n\t\t\t\t\t\t\t\t\t\t\tloop: \t\t\t\ttrue,\n\t\t\t\t\t\t\t\t\t\t\tnav: \t\t\t\ttrue,\n\t\t\t\t\t\t\t\t\t\t\tdots: \t\t\t\tfalse,\n\t\t\t\t\t\t\t\t\t\t\tautoHeight: \t\tfalse,\n\t\t\t\t\t\t\t\t\t\t\tnavText:\t\t\t[\"<span class='icon icon-angle-left-circle'><\/span>\",\"<span class='icon icon-angle-right-circle'><\/span>\"],\n\t\t\t\t\t\t\t\t\t\t\tslideBy: \t\t\t1,\n\t\t\t\t\t\t\t\t\t\t\t\n\t\t\t\t\t\t\t\t\t\t\tnavRewind: false,\n\t\t\t\t\t\t\t\t\t\t\tmargin:0,\n\t\t\t\t\t\t\t\t\t\t\tresponsive:{\n\t\t\t\t\t\t\t\t\t\t\t\t0:{\n\t\t\t\t\t\t\t\t\t\t\t\t  items:1,\n\t\t\t\t\t\t\t\t\t\t\t\t},\n\t\t\t\t\t\t\t\t\t\t\t\t480:{\n\t\t\t\t\t\t\t\t\t\t\t\t  items:1,\n\t\t\t\t\t\t\t\t\t\t\t\t  margin:0,\n\t\t\t\t\t\t\t\t\t\t\t\t},\n\t\t\t\t\t\t\t\t\t\t\t\t768:{\n\t\t\t\t\t\t\t\t\t\t\t\t  items:4\n\t\t\t\t\t\t\t\t\t\t\t\t}\n\t\t\t\t\t\t\t\t\t\t\t},\n\t\t\t\t\t\t\t\t\t\t\tonInitialized:  showCarousel_3080\n\t\t\t\t\t\t\t\t\t\t};\n\n\t\t\t\t\t\t\t\t\t\tcarousel.owlCarousel(args);\n\n\t\t\t\t\t\t\t\t\t\tvar initital_width = carousel.css(\"width\");\n\t\t\t\t\t\t\t\t\t\t\n\t\t\t\t\t\t\t\t\t\t\/* Refresh it for full width rows *\/\n\t\t\t\t\t\t\t\t\t\t$(window).load(function(){\n\t\t\t\t\t\t\t\t\t\t\tif(carousel.css(\"width\") != initital_width) {\n\t\t\t\t\t\t\t\t\t\t\t\tcarousel.trigger(\"destroy.owl.carousel\").removeClass(\"owl-carousel owl-loaded\");\n\t\t\t\t\t\t\t\t\t\t\t\tcarousel.find(\".owl-stage-outer\").children().unwrap();\n\t\t\t\t\t\t\t\t\t\t\t\tcarousel.owlCarousel(args);\n\t\t\t\t\t\t\t\t\t\t\t}\n\t\t\t\t\t\t\t\t\t\t});\n\t\t\t\t\t\t\t\t\t});\n\t\t\t\t\t\t\t\t\t\n\t\t\t\t\t\t\t\t\t\n\t\t\t\t\t\t\t\t\t\/* Show once loaded *\/\n\t\t\t\t\t\t\t\t\tfunction showCarousel_3080() {\n\t\t\t\t\t\t\t\t\t\t$(\"#posts_carousel_3080\").fadeTo(0,1);\n\t\t\t\t\t\t\t\t\t\t$(\"#posts_carousel_3080 .owl-item .boc_owl_lazy\").css(\"opacity\",\"1\");\n\t\t\t\t\t\t\t\t\t}\n\t\t\t\t\t\t\t\t\t\n\t\t\t\t\t\t\t\t});\n\t\t\t\t\t\t\t\t\n\t\t\t\t\t\t\t<\/script>\n\t\t\t\t\t\t\t<!-- Posts Carousel :: END -->\t            \n\t\t\t\t\t[\/vc_column][\/vc_row]<\/p>\n","protected":false},"excerpt":{"rendered":"<p>[vc_row full_width=&#8221;stretch_row&#8221; css=&#8221;.vc_custom_1600760906335{padding-bottom: 50px !important;background-image: url(https:\/\/adrianroche.vn\/wp-content\/uploads\/2020\/01\/global-team-1.jpg?id=1231) !important;background-position: center !important;background-repeat: no-repeat !important;background-size: cover !important;}&#8221;][vc_column][\/vc_column][\/vc_row][vc_row full_width=&#8221;stretch_row&#8221; el_class=&#8221;white-text&#8221; css=&#8221;.vc_custom_1600685111593{background-color: #fa6615 !important;}&#8221;][vc_column css=&#8221;.vc_custom_1578720669829{padding-top: 20px !important;padding-bottom: 30px !important;}&#8221;][vc_column_text el_class=&#8221;hometext2&#8243;] En el mundo empresarial globalizado de hoy, una comunicaci\u00f3n clara es clave. En Adrian Roche, nuestros servicios est\u00e1n disponibles en varios idiomas. Nuestros expertos multiling\u00fces pueden entregar lo que necesitas en tiempo siempre. Creemos que el<\/p>\n<div class=\"h10\"><\/div>\n<p><a class=\"more-link2\" href=\"https:\/\/adrianroche-tech.com\/es\/como-optimizar-wordpress-y-acelerar-tu-sitio-web\/\">Read more<\/a><\/p>\n","protected":false},"author":1,"featured_media":0,"parent":0,"menu_order":0,"comment_status":"closed","ping_status":"closed","template":"","meta":{"footnotes":""},"class_list":["post-2086","page","type-page","status-publish","hentry"],"_links":{"self":[{"href":"https:\/\/adrianroche-tech.com\/es\/wp-json\/wp\/v2\/pages\/2086","targetHints":{"allow":["GET"]}}],"collection":[{"href":"https:\/\/adrianroche-tech.com\/es\/wp-json\/wp\/v2\/pages"}],"about":[{"href":"https:\/\/adrianroche-tech.com\/es\/wp-json\/wp\/v2\/types\/page"}],"author":[{"embeddable":true,"href":"https:\/\/adrianroche-tech.com\/es\/wp-json\/wp\/v2\/users\/1"}],"replies":[{"embeddable":true,"href":"https:\/\/adrianroche-tech.com\/es\/wp-json\/wp\/v2\/comments?post=2086"}],"version-history":[{"count":2,"href":"https:\/\/adrianroche-tech.com\/es\/wp-json\/wp\/v2\/pages\/2086\/revisions"}],"predecessor-version":[{"id":2122,"href":"https:\/\/adrianroche-tech.com\/es\/wp-json\/wp\/v2\/pages\/2086\/revisions\/2122"}],"wp:attachment":[{"href":"https:\/\/adrianroche-tech.com\/es\/wp-json\/wp\/v2\/media?parent=2086"}],"curies":[{"name":"wp","href":"https:\/\/api.w.org\/{rel}","templated":true}]}}