{"id":314,"date":"2018-04-12T01:40:19","date_gmt":"2018-04-11T16:40:19","guid":{"rendered":"http:\/\/adrianvn.techminds.asia\/vi\/?page_id=314"},"modified":"2021-07-08T14:29:34","modified_gmt":"2021-07-08T05:29:34","slug":"e-commerce","status":"publish","type":"page","link":"https:\/\/adrianroche-tech.com\/vi\/dich-vu-giai-phap\/e-commerce\/","title":{"rendered":"Th\u01b0\u01a1ng m\u1ea1i \u0111i\u1ec7n t\u1eed"},"content":{"rendered":"<p>[vc_row full_width=&#8221;stretch_row&#8221; css=&#8221;.vc_custom_1600833556742{padding-bottom: 50px !important;background-image: url(https:\/\/adrianroche.vn\/wp-content\/uploads\/2020\/01\/ecommerce.jpg?id=1209) !important;background-position: center !important;background-repeat: no-repeat !important;background-size: cover !important;}&#8221;][vc_column]<div class=\"boc_spacing \" style=\"height: 250px\"><\/div>[\/vc_column][\/vc_row][vc_row full_width=&#8221;stretch_row&#8221; css=&#8221;.vc_custom_1600686432251{background-color: #fa6615 !important;}&#8221; el_class=&#8221;white-text&#8221;][vc_column css_animation=&#8221;fadeInUp&#8221; css=&#8221;.vc_custom_1613784728086{padding-top: 20px !important;padding-bottom: 30px !important;}&#8221;]<h1 class=\"boc_heading inner-heading center  \"  style=\"margin-bottom: 10px;margin-top: 0px;text-align: center;color: #ffffff;\"><span>E-COMMERCE<\/span><\/h1>[vc_column_text el_class=&#8221;hometext2&#8243;]<\/p>\n<p style=\"text-align: center;\">Gia t\u0103ng doanh s\u1ed1 b\u00e1n h\u00e0ng tr\u00ean k\u00eanh online c\u0169ng nh\u01b0 x\u00e2y d\u1ef1ng th\u01b0\u01a1ng hi\u1ec7u tr\u00ean th\u1ecb tr\u01b0\u1eddng c\u1ee7a b\u1ea1n v\u1edbi nh\u1eefng gi\u1ea3i ph\u00e1p th\u01b0\u01a1ng m\u1ea1i \u0111i\u1ec7n t\u1eed (TM\u0110T) h\u00e0ng \u0111\u1ea7u. \u0110\u00f3 l\u00e0 nh\u1eefng g\u00ec d\u1ecbch v\u1ee5 thi\u1ebft k\u1ebf website c\u1ee7a Adrian Roche mang \u0111\u1ebfn. Ch\u00fang t\u00f4i cung c\u1ea5p gi\u1ea3i ph\u00e1p th\u01b0\u01a1ng mai \u0111i\u1ec7n t\u1eed m\u1ea1nh m\u1ebd cho kh\u00e1ch h\u00e0ng d\u1ef1a tr\u00ean c\u00e1c n\u1ec1n t\u1ea3ng kh\u00e1c nhau, ch\u1eb3ng h\u1ea1n nh\u01b0 Magento, WooCommerce, Shopify, OpenCart, Joomla, Salesforce v\u00e0 nh\u1eefng n\u1ec1n t\u1ea3ng n\u1ed5i ti\u1ebfng kh\u00e1c tr\u00ean th\u1ebf gi\u1edbi.<\/p>\n<p>[\/vc_column_text][vc_single_image alignment=&#8221;center&#8221; image=&#8221;1767&#8243; css=&#8221;.vc_custom_1613784842899{margin-top: 30px !important;}&#8221;][\/vc_column][\/vc_row][vc_row full_width=&#8221;stretch_row&#8221;][vc_column css_animation=&#8221;fadeInUp&#8221; css=&#8221;.vc_custom_1613785401744{padding-top: 30px !important;padding-bottom: 30px !important;}&#8221; offset=&#8221;vc_col-lg-offset-1 vc_col-lg-10 vc_col-md-offset-1 vc_col-md-10&#8243;]<h2 class=\"boc_heading  center  \"  style=\"margin-bottom: 20px;margin-top: 0px;text-align: center;color: #fa6615;\"><span>TI\u1ebeP C\u1eacN KH\u00c1CH H\u00c0NG M\u1eccI L\u00daC M\u1eccI N\u01a0I<\/span><\/h2>[vc_column_text el_class=&#8221;hometext2&#8243;]<\/p>\n<p style=\"text-align: center;\">Thi\u1ebft k\u1ebf website th\u01b0\u01a1ng m\u1ea1i t\u00f9y bi\u1ebfn, b\u1ea1n s\u1ebd kh\u00f4ng b\u1ecf l\u1ee1 b\u1ea5t k\u1ef3 c\u01a1 h\u1ed9i n\u00e0o \u0111\u1ec3 c\u00f3 th\u00eam kh\u00e1ch h\u00e0ng. Vi\u1ec7c ti\u1ebfp nh\u1eadn, x\u1eed l\u00fd \u0111\u01a1n h\u00e0ng, tr\u1ea3 l\u1eddi ph\u1ea3n h\u1ed3i kh\u00e1ch h\u00e0ng s\u1ebd \u0111\u01b0\u1ee3c th\u00f4ng b\u00e1o v\u1edbi b\u1ea1n ngay l\u1eadp t\u1ee9c \u0111\u1ec3 gi\u1ea3i quy\u1ebft k\u1ecbp th\u1eddi.<\/p>\n<p>[\/vc_column_text][vc_single_image alignment=&#8221;center&#8221; image=&#8221;1769&#8243; css=&#8221;.vc_custom_1613785303212{margin-top: 30px !important;}&#8221;][\/vc_column][\/vc_row][vc_row full_width=&#8221;stretch_row&#8221;][vc_column css_animation=&#8221;fadeInUp&#8221; css=&#8221;.vc_custom_1613786731923{padding-top: 30px !important;padding-bottom: 30px !important;}&#8221;]<h2 class=\"boc_heading  center  \"  style=\"margin-bottom: 30px;margin-top: 0px;text-align: center;color: #fa6615;\"><span>T\u1ea0I SAO N\u00caN CH\u1eccN D\u1ecaCH V\u1ee4 TM\u0110T C\u1ee6A CH\u00daNG T\u00d4I<\/span><\/h2>[vc_row_inner css=&#8221;.vc_custom_1613794951525{margin-bottom: 30px !important;}&#8221;][vc_column_inner width=&#8221;1\/3&#8243;]<div class=\"boc_icon_holder boc_icon_size_large boc_icon_pos_center  \" style=\"margin-bottom: 15px\"><span class=\"boc_icon icon icon-signal3\" style=\"color:#fa6615;\"><\/span><\/div>[vc_column_text css=&#8221;.vc_custom_1613874967602{margin-bottom: 30px !important;}&#8221;]<\/p>\n<h3 style=\"text-align: center; margin-bottom: 10px;\">T\u0102NG L\u01af\u1ee2NG TRUY C\u1eacP<\/h3>\n<p style=\"text-align: center;\">N\u1ec1n t\u1ea3ng th\u01b0\u01a1ng m\u1ea1i \u0111i\u1ec7n t\u1eed \u0111\u01b0\u1ee3c t\u1ed1i \u01b0u h\u00f3a nh\u1eb1m gia t\u0103ng kh\u1ea3 n\u0103ng hi\u1ec3n th\u1ecb v\u00e0 th\u1ee9 h\u1ea1ng tr\u00ean c\u00f4ng c\u1ee5 t\u00ecm ki\u1ebfm.<\/p>\n<p>[\/vc_column_text][\/vc_column_inner][vc_column_inner width=&#8221;1\/3&#8243;]<div class=\"boc_icon_holder boc_icon_size_large boc_icon_pos_center  \" style=\"margin-bottom: 15px\"><span class=\"boc_icon icon icon-tags\" style=\"color:#fa6615;\"><\/span><\/div>[vc_column_text css=&#8221;.vc_custom_1613874972647{margin-bottom: 30px !important;}&#8221;]<\/p>\n<h3 style=\"text-align: center; margin-bottom: 10px;\">T\u1ed0I \u01afU CHI PH\u00cd<\/h3>\n<p style=\"text-align: center;\">T\u1ed1i \u01b0u chi ph\u00ed r\u1ea5t quan tr\u1ecdng \u0111\u1ed1i v\u1edbi s\u1ef1 th\u00e0nh c\u00f4ng l\u00e2u d\u00e0i c\u1ee7a doanh nghi\u1ec7p. Ch\u00fang t\u00f4i cam k\u1ebft gi\u00fap b\u1ea1n h\u1ea1n ch\u1ebf m\u1ee9c chi ph\u00ed b\u1ecf ra nh\u01b0ng v\u1eabn thu v\u1ec1 hi\u1ec7u qu\u1ea3 cao nh\u1ea5t.<\/p>\n<p>[\/vc_column_text][\/vc_column_inner][vc_column_inner width=&#8221;1\/3&#8243;]<div class=\"boc_icon_holder boc_icon_size_large boc_icon_pos_center  \" style=\"margin-bottom: 15px\"><span class=\"boc_icon icon icon-global2\" style=\"color:#fa6615;\"><\/span><\/div>[vc_column_text]<\/p>\n<h3 style=\"text-align: center; margin-bottom: 10px;\">QU\u1ea2NG B\u00c1 TH\u01af\u01a0NG HI\u1ec6U<\/h3>\n<p style=\"text-align: center;\">s\u1edf h\u1eefu m\u1ed9t website TM\u0110T \u0111\u01b0\u1ee3c t\u1ed1i \u01b0u h\u00f3a ch\u00ednh l\u00e0 \u01b0u th\u1ebf v\u00e0 \u0111i\u1ec1u c\u1ea7n thi\u1ebft trong th\u1eddi bu\u1ed5i c\u1ea1nh tranh mang t\u00ednh to\u00e0n c\u1ea7u nh\u01b0 hi\u1ec7n nay.<\/p>\n<p>[\/vc_column_text][\/vc_column_inner][\/vc_row_inner][\/vc_column][\/vc_row][vc_row full_width=&#8221;stretch_row&#8221; bg_type=&#8221;bg_color&#8221; bg_color_value=&#8221;#fa6615&#8243; css=&#8221;.vc_custom_1613785551668{padding-top: 30px !important;padding-bottom: 30px !important;background-color: #fa6615 !important;}&#8221; el_class=&#8221;white-text&#8221;][vc_column css=&#8221;.vc_custom_1578910164379{padding-top: 0px !important;}&#8221;][vc_row_inner][vc_column_inner][vc_column_text css=&#8221;.vc_custom_1578891207235{margin-bottom: 30px !important;}&#8221;]<\/p>\n<p style=\"text-align: center;\">D\u01b0\u1edbi \u0111\u00e2y l\u00e0 m\u1ed9t s\u1ed1 d\u1ecbch v\u1ee5 ph\u00e1t tri\u1ec3n trang web th\u01b0\u01a1ng m\u1ea1i \u0111i\u1ec7n t\u1eed m\u1edf r\u1ed9ng c\u1ee7a ch\u00fang t\u00f4i:<\/p>\n<p style=\"text-align: center;\">\u0110\u00e1p \u1ee9ng nhu c\u1ea7u c\u1ee7a nh\u00e0 cung c\u1ea5p v\u00e0 kh\u00e1ch h\u00e0ng trong th\u1ecb tr\u01b0\u1eddng th\u01b0\u01a1ng m\u1ea1i \u0111i\u1ec7n t\u1eed l\u00e0 m\u1ed9t trong nh\u1eefng th\u1ebf m\u1ea1nh c\u1ee7a Adrian Roche.<\/p>\n<p>[\/vc_column_text][\/vc_column_inner][\/vc_row_inner][vc_row_inner el_class=&#8221;ecommerce&#8221;][vc_column_inner el_class=&#8221;hidden&#8221; width=&#8221;1\/6&#8243;][\/vc_column_inner][vc_column_inner width=&#8221;1\/6&#8243;][vc_single_image alignment=&#8221;center&#8221; image=&#8221;774&#8243; css=&#8221;.vc_custom_1613785961950{margin-bottom: 15px !important;}&#8221; el_class=&#8221;white&#8221;]<h3 class=\"boc_heading  center  \"  style=\"margin-bottom: 20px;margin-top: 0px;text-align: center;color: #ffffff;\"><span>Tri\u1ec3n khai <br class=\"\" \/>c\u00e0i \u0111\u1eb7t<\/span><\/h3>[\/vc_column_inner][vc_column_inner width=&#8221;1\/6&#8243;][vc_single_image alignment=&#8221;center&#8221; image=&#8221;790&#8243; css=&#8221;.vc_custom_1613786193083{margin-bottom: 15px !important;}&#8221; el_class=&#8221;white&#8221;]<h3 class=\"boc_heading  center  \"  style=\"margin-bottom: 20px;margin-top: 0px;text-align: center;color: #ffffff;\"><span>N\u00e2ng c\u1ea5p <br class=\"\" \/>phi\u00ean b\u1ea3n<\/span><\/h3>[\/vc_column_inner][vc_column_inner width=&#8221;1\/6&#8243;][vc_single_image alignment=&#8221;center&#8221; image=&#8221;789&#8243; css=&#8221;.vc_custom_1613786201189{margin-bottom: 15px !important;}&#8221; el_class=&#8221;white&#8221;]<h3 class=\"boc_heading  center  \"  style=\"margin-bottom: 20px;margin-top: 25px;text-align: center;color: #ffffff;\"><span>H\u1ed7 tr\u1ee3 24\/7<\/span><\/h3>[\/vc_column_inner][vc_column_inner width=&#8221;1\/6&#8243;][vc_single_image alignment=&#8221;center&#8221; image=&#8221;788&#8243; css=&#8221;.vc_custom_1613786209265{margin-bottom: 15px !important;}&#8221; el_class=&#8221;white&#8221;]<h3 class=\"boc_heading  center  \"  style=\"margin-bottom: 20px;margin-top: 0px;text-align: center;color: #ffffff;\"><span>Thi\u1ebft k\u1ebf <br class=\"\" \/>giao di\u1ec7n<\/span><\/h3>[\/vc_column_inner][vc_column_inner width=&#8221;1\/6&#8243;][vc_single_image alignment=&#8221;center&#8221; image=&#8221;787&#8243; css=&#8221;.vc_custom_1613786219063{margin-bottom: 15px !important;}&#8221; el_class=&#8221;white&#8221;]<h3 class=\"boc_heading  center  \"  style=\"margin-bottom: 20px;margin-top: 0px;text-align: center;color: #ffffff;\"><span>C\u00e0i \u0111\u1eb7t &amp; T\u00edch h\u1ee3p s\u1ea3n ph\u1ea9m<\/span><\/h3>[\/vc_column_inner][\/vc_row_inner][vc_row_inner el_class=&#8221;ecommerce&#8221; css=&#8221;.vc_custom_1527064397434{margin-top: 30px !important;}&#8221;][vc_column_inner el_class=&#8221;hidden&#8221; width=&#8221;1\/6&#8243;][\/vc_column_inner][vc_column_inner width=&#8221;1\/6&#8243;][vc_single_image alignment=&#8221;center&#8221; image=&#8221;786&#8243; css=&#8221;.vc_custom_1613786233958{margin-bottom: 15px !important;}&#8221; el_class=&#8221;white&#8221;]<h3 class=\"boc_heading  center  \"  style=\"margin-bottom: 20px;margin-top: 0px;text-align: center;color: #ffffff;\"><span>V\u1eadn chuy\u1ec3n chuy\u00ean nghi\u1ec7p<\/span><\/h3>[\/vc_column_inner][vc_column_inner width=&#8221;1\/6&#8243;][vc_single_image alignment=&#8221;center&#8221; image=&#8221;785&#8243; css=&#8221;.vc_custom_1613786287299{margin-bottom: 15px !important;}&#8221; el_class=&#8221;white&#8221;]<h3 class=\"boc_heading  center  \"  style=\"margin-bottom: 20px;margin-top: 0px;text-align: center;color: #ffffff;\"><span>T\u00edch h\u1ee3p c\u1ed5ng v\u00e0 m\u00f4 h\u00ecnh<\/span><\/h3>[\/vc_column_inner][vc_column_inner width=&#8221;1\/6&#8243;][vc_single_image alignment=&#8221;center&#8221; image=&#8221;784&#8243; css=&#8221;.vc_custom_1613786294059{margin-bottom: 15px !important;}&#8221; el_class=&#8221;white&#8221;]<h3 class=\"boc_heading  center  \"  style=\"margin-bottom: 20px;margin-top: 0px;text-align: center;color: #ffffff;\"><span>Quan h\u1ec7 kh\u00e1ch h\u00e0ng<\/span><\/h3>[\/vc_column_inner][vc_column_inner width=&#8221;1\/6&#8243;][vc_single_image alignment=&#8221;center&#8221; image=&#8221;783&#8243; css=&#8221;.vc_custom_1613786301900{margin-bottom: 15px !important;}&#8221; el_class=&#8221;white&#8221;]<h3 class=\"boc_heading  center  \"  style=\"margin-bottom: 20px;margin-top: 0px;text-align: center;color: #ffffff;\"><span>D\u1ecbch v\u1ee5 l\u01b0u tr\u1eef \u0111\u00e1m m\u00e2y<\/span><\/h3>[\/vc_column_inner][vc_column_inner el_class=&#8221;hidden&#8221; width=&#8221;1\/6&#8243;][\/vc_column_inner][\/vc_row_inner][\/vc_column][\/vc_row][vc_row full_width=&#8221;stretch_row&#8221; css=&#8221;.vc_custom_1613814094742{padding-bottom: 30px !important;}&#8221;][vc_column]<h2 class=\"boc_heading  center  \"  style=\"margin-bottom: 20px;margin-top: 30px;text-align: center;color: #fa6615;\"><span>BLOG<\/span><\/h2><div id = \"post_grid_e36c02685218fcb4ced01ca5de130989\" class=\"grid_holder \"><div class=\"col span_1_of_3 info_item isotope_element\">\r\n\t\t\t\t\t\t\t<div class=\"post_item_block  boxed\"><div class=\"pic \"><a href=\"https:\/\/adrianroche-tech.com\/vi\/blockchain-la-gi-phuong-thuc-hoat-dong-va-nhung-uu-nhuoc-diem-cua-blockchain\/\"><img decoding=\"async\" src=\"https:\/\/adrianroche-tech.com\/wp-content\/uploads\/2021\/12\/blockchain-1-600x380.jpg\"\/><div class=\"img_overlay\"><span class=\"hover_icon icon_plus\"><\/span><\/div><\/a><\/div><div class=\"post_item_desc dark_links\"><h4><a href=\"https:\/\/adrianroche-tech.com\/vi\/blockchain-la-gi-phuong-thuc-hoat-dong-va-nhung-uu-nhuoc-diem-cua-blockchain\/\">Blockchain l\u00e0 g\u00ec? Ph\u01b0\u01a1ng th\u1ee9c ho\u1ea1t \u0111\u1ed9ng v\u00e0 nh\u1eefng \u01b0u nh\u01b0\u1ee3c \u0111i\u1ec3m c\u1ee7a blockchain<\/a><\/h4><div class=\"small_post_date\"><span class=\"icon icon-calendar2\"><\/span> &nbsp; December 21, 2021<\/div><p>Blockchain l\u00e0 m\u1ed9t s\u1ed5 c\u00e1i k\u1ef9 thu\u1eadt s\u1ed1 \u0111\u01b0\u1ee3c ph\u00e2n chia hay d\u1ec5 hi\u1ec3u h\u01a1n l\u00e0 c\u01a1 s\u1edf d\u1eef li\u1ec7u ...<\/p>\t\t<\/div>\r\n\t\t\t\t<\/div>\r\n\t\t\t\t<\/div><div class=\"col span_1_of_3 info_item isotope_element\">\r\n\t\t\t\t\t\t\t<div class=\"post_item_block  boxed\"><div class=\"pic \"><a href=\"https:\/\/adrianroche-tech.com\/vi\/ngoai-nhung-kien-thuc-ve-ui-ux-cac-designer-can-co-them-to-chat-gi-de-noi-bat-truoc-nha-tuyen-dung\/\"><img decoding=\"async\" src=\"https:\/\/adrianroche-tech.com\/wp-content\/uploads\/2021\/11\/graphicdesigner-600x380.jpg\"\/><div class=\"img_overlay\"><span class=\"hover_icon icon_plus\"><\/span><\/div><\/a><\/div><div class=\"post_item_desc dark_links\"><h4><a href=\"https:\/\/adrianroche-tech.com\/vi\/ngoai-nhung-kien-thuc-ve-ui-ux-cac-designer-can-co-them-to-chat-gi-de-noi-bat-truoc-nha-tuyen-dung\/\">Ngo\u00e0i ki\u1ebfn th\u1ee9c UI UX, designer c\u1ea7n c\u00f3 th\u00eam t\u1ed1 ch\u1ea5t n\u00e0y \u0111\u1ec3 th\u00e0nh c\u00f4ng<\/a><\/h4><div class=\"small_post_date\"><span class=\"icon icon-calendar2\"><\/span> &nbsp; November 1, 2021<\/div><p>B\u1ea1n l\u00e0 m\u1ed9t designer s\u1edf h\u1eefu k\u1ef9 n\u0103ng UI UX Design gi\u1ecfi nh\u01b0ng ch\u01b0a c\u00f3 kinh nghi\u1ec7m v\u00e0  ...<\/p>\t\t<\/div>\r\n\t\t\t\t<\/div>\r\n\t\t\t\t<\/div><div class=\"col span_1_of_3 info_item isotope_element\">\r\n\t\t\t\t\t\t\t<div class=\"post_item_block  boxed\"><div class=\"pic \"><a href=\"https:\/\/adrianroche-tech.com\/vi\/tong-quan-ve-lap-trinh-ai-cac-buoc-co-ban-de-bat-dau-hoc-lap-trinh-ai\/\"><img decoding=\"async\" src=\"https:\/\/adrianroche-tech.com\/wp-content\/uploads\/2021\/10\/AI-develop-600x380.jpg\"\/><div class=\"img_overlay\"><span class=\"hover_icon icon_plus\"><\/span><\/div><\/a><\/div><div class=\"post_item_desc dark_links\"><h4><a href=\"https:\/\/adrianroche-tech.com\/vi\/tong-quan-ve-lap-trinh-ai-cac-buoc-co-ban-de-bat-dau-hoc-lap-trinh-ai\/\">T\u1ed5ng quan v\u1ec1 l\u1eadp tr\u00ecnh AI &#8211; C\u00e1c b\u01b0\u1edbc c\u01a1 b\u1ea3n \u0111\u1ec3 b\u1eaft \u0111\u1ea7u h\u1ecdc l\u1eadp tr\u00ecnh AI<\/a><\/h4><div class=\"small_post_date\"><span class=\"icon icon-calendar2\"><\/span> &nbsp; October 12, 2021<\/div><p>\u0110\u1ecbnh ngh\u0129a v\u1ec1 AI Tr\u00ed tu\u1ec7 nh\u00e2n t\u1ea1o hay c\u00f2n g\u1ecdi l\u00e0 AI (t\u00ean Ti\u1ebfng Anh l\u00e0 Artificial Intelligence) l\u00e0 ...<\/p>\t\t<\/div>\r\n\t\t\t\t<\/div>\r\n\t\t\t\t<\/div><div class=\"col span_1_of_3 info_item isotope_element\">\r\n\t\t\t\t\t\t\t<div class=\"post_item_block  boxed\"><div class=\"pic \"><a href=\"https:\/\/adrianroche-tech.com\/vi\/seo-la-gi-huong-dan-co-ban-ve-seo-danh-cho-nguoi-moi-bat-dau\/\"><img decoding=\"async\" src=\"https:\/\/adrianroche-tech.com\/wp-content\/uploads\/2021\/08\/SEO-INOVATION-WEBSITE-WPML-2020-600x380.jpg\"\/><div class=\"img_overlay\"><span class=\"hover_icon icon_plus\"><\/span><\/div><\/a><\/div><div class=\"post_item_desc dark_links\"><h4><a href=\"https:\/\/adrianroche-tech.com\/vi\/seo-la-gi-huong-dan-co-ban-ve-seo-danh-cho-nguoi-moi-bat-dau\/\">SEO l\u00e0 g\u00ec? H\u01b0\u1edbng d\u1eabn c\u01a1 b\u1ea3n v\u1ec1 SEO d\u00e0nh cho ng\u01b0\u1eddi m\u1edbi b\u1eaft \u0111\u1ea7u<\/a><\/h4><div class=\"small_post_date\"><span class=\"icon icon-calendar2\"><\/span> &nbsp; August 3, 2021<\/div><p>SEO l\u00e0 g\u00ec? SEO l\u00e0 t\u1eeb vi\u1ebft t\u1eaft c\u1ee7a Search Engine Optimization (t\u1ed1i \u01b0u h\u00f3a c\u00f4ng c\u1ee5 t\u00ecm ki\u1ebfm), l\u00e0 ...<\/p>\t\t<\/div>\r\n\t\t\t\t<\/div>\r\n\t\t\t\t<\/div><div class=\"col span_1_of_3 info_item isotope_element\">\r\n\t\t\t\t\t\t\t<div class=\"post_item_block  boxed\"><div class=\"pic \"><a href=\"https:\/\/adrianroche-tech.com\/vi\/tester-la-gi-dieu-gi-lam-nen-mot-tester-gioi\/\"><img decoding=\"async\" src=\"https:\/\/adrianroche-tech.com\/wp-content\/uploads\/2021\/07\/software-tester-600x380.jpg\"\/><div class=\"img_overlay\"><span class=\"hover_icon icon_plus\"><\/span><\/div><\/a><\/div><div class=\"post_item_desc dark_links\"><h4><a href=\"https:\/\/adrianroche-tech.com\/vi\/tester-la-gi-dieu-gi-lam-nen-mot-tester-gioi\/\">Tester l\u00e0 g\u00ec? \u0110i\u1ec1u g\u00ec l\u00e0m n\u00ean m\u1ed9t Tester gi\u1ecfi?<\/a><\/h4><div class=\"small_post_date\"><span class=\"icon icon-calendar2\"><\/span> &nbsp; July 5, 2021<\/div><p>C\u00f4ng ngh\u1ec7 th\u00f4ng tin trong nh\u1eefng n\u0103m g\u1ea7n \u0111\u00e2y li\u00ean t\u1ee5c ph\u00e1t tri\u1ec3n. Th\u1ecb tr\u01b0\u1eddng nh\u00e2n l\u1ef1c c\u1ee7a ...<\/p>\t\t<\/div>\r\n\t\t\t\t<\/div>\r\n\t\t\t\t<\/div><div class=\"col span_1_of_3 info_item isotope_element\">\r\n\t\t\t\t\t\t\t<div class=\"post_item_block  boxed\"><div class=\"pic \"><a href=\"https:\/\/adrianroche-tech.com\/vi\/lap-trinh-di-dong-la-gi-lo-trinh-de-tro-thanh-mot-mobile-developer-gioi\/\"><img decoding=\"async\" src=\"https:\/\/adrianroche-tech.com\/wp-content\/uploads\/2021\/06\/mobile-developer-600x380.jpg\"\/><div class=\"img_overlay\"><span class=\"hover_icon icon_plus\"><\/span><\/div><\/a><\/div><div class=\"post_item_desc dark_links\"><h4><a href=\"https:\/\/adrianroche-tech.com\/vi\/lap-trinh-di-dong-la-gi-lo-trinh-de-tro-thanh-mot-mobile-developer-gioi\/\">L\u1eadp tr\u00ecnh di \u0111\u1ed9ng l\u00e0 g\u00ec? L\u1ed9 tr\u00ecnh \u0111\u1ec3 tr\u1edf th\u00e0nh m\u1ed9t mobile developer gi\u1ecfi<\/a><\/h4><div class=\"small_post_date\"><span class=\"icon icon-calendar2\"><\/span> &nbsp; June 7, 2021<\/div><p>L\u1eadp tr\u00ecnh website v\u00e0 l\u1eadp tr\u00ecnh di \u0111\u1ed9ng l\u00e0 hai l\u0129nh v\u1ef1c \u0111ang nh\u1eadn \u0111\u01b0\u1ee3c s\u1ef1 \u1ee7ng h\u1ed9 nhi\u1ec7t ...<\/p>\t\t<\/div>\r\n\t\t\t\t<\/div>\r\n\t\t\t\t<\/div><div class=\"col span_1_of_3 info_item isotope_element\">\r\n\t\t\t\t\t\t\t<div class=\"post_item_block  boxed\"><div class=\"pic \"><a href=\"https:\/\/adrianroche-tech.com\/vi\/de-tro-thanh-mot-lap-trinh-vien-gioi-ban-nen-biet-top-8-ky-nang-can-thiet-nay\/\"><img decoding=\"async\" src=\"https:\/\/adrianroche-tech.com\/wp-content\/uploads\/2021\/05\/Become_a_Front_End_Developer-600x380.jpg\"\/><div class=\"img_overlay\"><span class=\"hover_icon icon_plus\"><\/span><\/div><\/a><\/div><div class=\"post_item_desc dark_links\"><h4><a href=\"https:\/\/adrianroche-tech.com\/vi\/de-tro-thanh-mot-lap-trinh-vien-gioi-ban-nen-biet-top-8-ky-nang-can-thiet-nay\/\">\u0110\u1ec3 tr\u1edf th\u00e0nh m\u1ed9t l\u1eadp tr\u00ecnh vi\u00ean gi\u1ecfi, b\u1ea1n n\u00ean bi\u1ebft top 8 k\u1ef9 n\u0103ng c\u1ea7n thi\u1ebft n\u00e0y<\/a><\/h4><div class=\"small_post_date\"><span class=\"icon icon-calendar2\"><\/span> &nbsp; May 10, 2021<\/div><p>D\u00f9 \u0111ang l\u00e0 sinh vi\u00ean hay \u0111\u00e3 l\u00e0m vi\u1ec7c trong ng\u00e0nh c\u00f4ng ngh\u1ec7 th\u00f4ng tin v\u1ec1 m\u1ea3ng l\u1eadp tr\u00ecnh web th\u00ec ...<\/p>\t\t<\/div>\r\n\t\t\t\t<\/div>\r\n\t\t\t\t<\/div><div class=\"col span_1_of_3 info_item isotope_element\">\r\n\t\t\t\t\t\t\t<div class=\"post_item_block  boxed\"><div class=\"pic \"><a href=\"https:\/\/adrianroche-tech.com\/vi\/cach-thuc-toi-uu-hoa-hinh-anh-tren-website\/\"><img decoding=\"async\" src=\"https:\/\/adrianroche-tech.com\/wp-content\/uploads\/2021\/02\/image-optimize-600x380.jpg\"\/><div class=\"img_overlay\"><span class=\"hover_icon icon_plus\"><\/span><\/div><\/a><\/div><div class=\"post_item_desc dark_links\"><h4><a href=\"https:\/\/adrianroche-tech.com\/vi\/cach-thuc-toi-uu-hoa-hinh-anh-tren-website\/\">C\u00e1ch th\u1ee9c t\u1ed1i \u01b0u h\u00f3a h\u00ecnh \u1ea3nh tr\u00ean website<\/a><\/h4><div class=\"small_post_date\"><span class=\"icon icon-calendar2\"><\/span> &nbsp; February 20, 2021<\/div><p>\u0110\u0103ng t\u1ea3i h\u00ecnh \u1ea3nh l\u00ean website l\u00e0 m\u1ed9t qu\u00e1 tr\u00ecnh \u0111\u01a1n gi\u1ea3n, nh\u01b0ng \u0111\u01a1n gi\u1ea3n qu\u00e1 \u0111\u00f4i l\u00fac khi\u1ebfn ...<\/p>\t\t<\/div>\r\n\t\t\t\t<\/div>\r\n\t\t\t\t<\/div><div class=\"col span_1_of_3 info_item isotope_element\">\r\n\t\t\t\t\t\t\t<div class=\"post_item_block  boxed\"><div class=\"pic \"><a href=\"https:\/\/adrianroche-tech.com\/vi\/lap-trinh-vien-muon-thanh-cong-can-hoc-nhung-gi\/\"><img decoding=\"async\" src=\"https:\/\/adrianroche-tech.com\/wp-content\/uploads\/2021\/02\/developer-thanh-cong-600x380.jpg\"\/><div class=\"img_overlay\"><span class=\"hover_icon icon_plus\"><\/span><\/div><\/a><\/div><div class=\"post_item_desc dark_links\"><h4><a href=\"https:\/\/adrianroche-tech.com\/vi\/lap-trinh-vien-muon-thanh-cong-can-hoc-nhung-gi\/\">L\u1eadp tr\u00ecnh vi\u00ean mu\u1ed1n th\u00e0nh c\u00f4ng c\u1ea7n h\u1ecdc nh\u1eefng g\u00ec<\/a><\/h4><div class=\"small_post_date\"><span class=\"icon icon-calendar2\"><\/span> &nbsp; February 20, 2021<\/div><p>Th\u1eddi gian g\u1ea7n \u0111\u00e2y, m\u00ecnh th\u01b0\u1eddng xuy\u00ean \u0111\u01b0\u1ee3c c\u00e1c b\u1ea1n sinh vi\u00ean nh\u1eafn tin h\u1ecfi v\u00e0 xin l\u1eddi khuy\u00ean, ...<\/p>\t\t<\/div>\r\n\t\t\t\t<\/div>\r\n\t\t\t\t<\/div>\r\n\t\t\t<\/div>\r\n\t\t\t<div class=\"h10 clear\"><\/div>[\/vc_column][\/vc_row]<\/p>\n","protected":false},"excerpt":{"rendered":"<p>[vc_row full_width=&#8221;stretch_row&#8221; css=&#8221;.vc_custom_1600833556742{padding-bottom: 50px !important;background-image: url(https:\/\/adrianroche.vn\/wp-content\/uploads\/2020\/01\/ecommerce.jpg?id=1209) !important;background-position: center !important;background-repeat: no-repeat !important;background-size: cover !important;}&#8221;][vc_column][\/vc_column][\/vc_row][vc_row full_width=&#8221;stretch_row&#8221; css=&#8221;.vc_custom_1600686432251{background-color: #fa6615 !important;}&#8221; el_class=&#8221;white-text&#8221;][vc_column css_animation=&#8221;fadeInUp&#8221; css=&#8221;.vc_custom_1613784728086{padding-top: 20px !important;padding-bottom: 30px !important;}&#8221;][vc_column_text el_class=&#8221;hometext2&#8243;] Gia t\u0103ng doanh s\u1ed1 b\u00e1n h\u00e0ng tr\u00ean k\u00eanh online c\u0169ng nh\u01b0 x\u00e2y d\u1ef1ng th\u01b0\u01a1ng hi\u1ec7u tr\u00ean th\u1ecb tr\u01b0\u1eddng c\u1ee7a b\u1ea1n v\u1edbi nh\u1eefng gi\u1ea3i ph\u00e1p th\u01b0\u01a1ng m\u1ea1i \u0111i\u1ec7n t\u1eed (TM\u0110T) h\u00e0ng \u0111\u1ea7u. \u0110\u00f3 l\u00e0 nh\u1eefng g\u00ec<\/p>\n<div class=\"h10\"><\/div>\n<p><a class=\"more-link2\" href=\"https:\/\/adrianroche-tech.com\/vi\/lap-trinh-vien-muon-thanh-cong-can-hoc-nhung-gi\/\">Read more<\/a><\/p>\n","protected":false},"author":1,"featured_media":0,"parent":405,"menu_order":0,"comment_status":"closed","ping_status":"closed","template":"","meta":{"footnotes":""},"class_list":["post-314","page","type-page","status-publish","hentry"],"_links":{"self":[{"href":"https:\/\/adrianroche-tech.com\/vi\/wp-json\/wp\/v2\/pages\/314","targetHints":{"allow":["GET"]}}],"collection":[{"href":"https:\/\/adrianroche-tech.com\/vi\/wp-json\/wp\/v2\/pages"}],"about":[{"href":"https:\/\/adrianroche-tech.com\/vi\/wp-json\/wp\/v2\/types\/page"}],"author":[{"embeddable":true,"href":"https:\/\/adrianroche-tech.com\/vi\/wp-json\/wp\/v2\/users\/1"}],"replies":[{"embeddable":true,"href":"https:\/\/adrianroche-tech.com\/vi\/wp-json\/wp\/v2\/comments?post=314"}],"version-history":[{"count":65,"href":"https:\/\/adrianroche-tech.com\/vi\/wp-json\/wp\/v2\/pages\/314\/revisions"}],"predecessor-version":[{"id":1985,"href":"https:\/\/adrianroche-tech.com\/vi\/wp-json\/wp\/v2\/pages\/314\/revisions\/1985"}],"up":[{"embeddable":true,"href":"https:\/\/adrianroche-tech.com\/vi\/wp-json\/wp\/v2\/pages\/405"}],"wp:attachment":[{"href":"https:\/\/adrianroche-tech.com\/vi\/wp-json\/wp\/v2\/media?parent=314"}],"curies":[{"name":"wp","href":"https:\/\/api.w.org\/{rel}","templated":true}]}}