{"id":317,"date":"2018-04-17T10:28:58","date_gmt":"2018-04-17T01:28:58","guid":{"rendered":"http:\/\/adrianvn.techminds.asia\/vi\/?page_id=317"},"modified":"2021-07-08T14:20:16","modified_gmt":"2021-07-08T05:20:16","slug":"thiet-ke-website","status":"publish","type":"page","link":"https:\/\/adrianroche-tech.com\/vi\/dich-vu-giai-phap\/thiet-ke-website\/","title":{"rendered":"Thi\u1ebft k\u1ebf website"},"content":{"rendered":"<p>[vc_row full_width=&#8221;stretch_row&#8221; css=&#8221;.vc_custom_1600833522753{padding-bottom: 50px !important;background-image: url(https:\/\/adrianroche.vn\/wp-content\/uploads\/2020\/01\/front-end.jpg?id=1207) !important;background-position: center !important;background-repeat: no-repeat !important;background-size: cover !important;}&#8221;][vc_column]<div class=\"boc_spacing \" style=\"height: 250px\"><\/div>[\/vc_column][\/vc_row][vc_row full_width=&#8221;stretch_row&#8221; css=&#8221;.vc_custom_1600686418223{background-color: #fa6615 !important;background-position: center !important;background-repeat: no-repeat !important;background-size: cover !important;}&#8221; el_class=&#8221;white-text&#8221;][vc_column css=&#8221;.vc_custom_1578714978759{padding-top: 20px !important;padding-bottom: 30px !important;}&#8221;]<h1 class=\"boc_heading inner-heading center  \"  style=\"margin-bottom: 10px;margin-top: 0px;text-align: center;color: #ffffff;\"><span>THI\u1ebeT K\u1ebe WEBSITE CHUY\u00caN NGHI\u1ec6P<\/span><\/h1>[vc_column_text el_class=&#8221;hometext2&#8243; css=&#8221;.vc_custom_1613666259139{margin-bottom: 30px !important;}&#8221;]<\/p>\n<p style=\"text-align: center;\">T\u1ea1i Adrian Roche, ch\u00fang t\u00f4i lu\u00f4n quan ni\u1ec7m r\u1eb1ng website ch\u00ednh l\u00e0 n\u1ec1n t\u1ea3ng, gi\u00e1 tr\u1ecb c\u1ed1t l\u00f5i c\u1ee7a m\u1ed9t doanh nghi\u1ec7p nh\u1ea5t l\u00e0 trong th\u1eddi \u0111\u1ea1i 4.0 ng\u00e0y nay.<br \/>\n\u0110\u00e2y ch\u00ednh l\u00e0 b\u01b0\u1edbc \u0111\u1ea7u ti\u00ean \u0111\u1ec3 l\u00ean k\u1ebf ho\u1ea1ch kinh doanh v\u00e0 chi\u1ebfn l\u01b0\u1ee3c qu\u1ea3ng c\u00e1o hi\u1ec7u qu\u1ea3 cho doanh nghi\u1ec7p c\u1ee7a b\u1ea1n.<\/p>\n<p>[\/vc_column_text][vc_single_image img_size=&#8221;large&#8221; alignment=&#8221;center&#8221; image=&#8221;1689&#8243; css=&#8221;.vc_custom_1613666073669{margin-bottom: 30px !important;}&#8221;][\/vc_column][\/vc_row][vc_row full_width=&#8221;stretch_row&#8221; gap=&#8221;20&#8243; equal_height=&#8221;yes&#8221; content_placement=&#8221;top&#8221;][vc_column css_animation=&#8221;none&#8221; offset=&#8221;vc_col-lg-offset-1 vc_col-lg-10 vc_col-md-offset-1 vc_col-md-10&#8243;]<h2 class=\"boc_heading  center  boc_animate_when_almost_visible boc_fade-in\"  style=\"margin-bottom: 20px;margin-top: 0px;text-align: center;color: #fa6615;\"><span>GI\u00c1 TR\u1eca C\u1ed0T L\u00d5I<\/span><\/h2>[vc_column_text css_animation=&#8221;boc_animate_when_almost_visible boc_fade-in&#8221; css=&#8221;.vc_custom_1613743402578{margin-bottom: 30px !important;}&#8221;]<\/p>\n<p style=\"text-align: center;\">L\u00e0 b\u1ea1n \u0111\u1ed3ng h\u00e0nh c\u1ee7a b\u1ea1n trong m\u00f4i tr\u01b0\u1eddng kinh doanh tr\u1ef1c tuy\u1ebfn kh\u00f4ng ng\u1eebng thay \u0111\u1ed5i h\u00e0ng ng\u00e0y v\u1edbi v\u00f4 v\u00e0n c\u01a1 h\u1ed9i v\u00e0 kh\u00f4ng \u00edt th\u00e1ch th\u1ee9c, C\u00f4ng ty Adrian Roche Vietnam kh\u00f4ng ch\u1ec9 t\u01b0 v\u1ea5n m\u00e0 c\u00f2n tr\u1ef1c ti\u1ebfp c\u00f9ng b\u1ea1n \u0111\u01b0a ra nh\u1eefng chi\u1ebfn l\u01b0\u1ee3c web to\u00e0n di\u1ec7n cho vi\u1ec7c kinh doanh tr\u1edf n\u00ean t\u1ed1t h\u01a1n.<\/p>\n<p>[\/vc_column_text][vc_single_image alignment=&#8221;center&#8221; css_animation=&#8221;boc_animate_when_almost_visible boc_top-to-bottom&#8221; image=&#8221;1720&#8243;][\/vc_column][\/vc_row][vc_row full_width=&#8221;stretch_row&#8221; gap=&#8221;20&#8243; equal_height=&#8221;yes&#8221; content_placement=&#8221;top&#8221; css=&#8221;.vc_custom_1613874956010{padding-bottom: 30px !important;}&#8221; el_id=&#8221;services&#8221;][vc_column css_animation=&#8221;none&#8221;]<div class=\"boc_divider_holder\"><div class=\"boc_divider  \"  style=\"margin-top: 20px;margin-bottom: 20px;width: 50%;margin-left: auto; margin-right: auto;height: 1px;background: #eeeeee;\"><i class=\"icon icon-star\"  style=\"font-size: 14px; line-height: 14px;color: #e5e5e5;left: 50%; transform: translateY(-50%) translateX(-50%);background-color: #ffffff;border: 1px solid #ffffff;padding: 10px;\"><\/i><\/div><\/div><h2 class=\"boc_heading  center  boc_animate_when_almost_visible boc_fade-in\"  style=\"margin-bottom: 20px;margin-top: 0px;text-align: center;color: #fa6615;\"><span>T\u1ea4T C\u1ea2 NH\u1eeeNG G\u00cc B\u1ea0N C\u1ea6N, CH\u00daNG T\u00d4I C\u00d3<\/span><\/h2>[vc_column_text css_animation=&#8221;boc_animate_when_almost_visible boc_fade-in&#8221;]<\/p>\n<p style=\"text-align: center;\">D\u1ecbch v\u1ee5 thi\u1ebft k\u1ebf website kh\u00f4ng ch\u1ec9 \u0111\u1eb9p m\u1eaft m\u00e0 c\u00f2n mang v\u1ec1 nhi\u1ec1u l\u01b0\u1ee3t truy c\u1eadp, nhi\u1ec1u \u0111\u01a1n h\u00e0ng.<br \/>\n\u0110\u1ed9i ng\u0169 thi\u1ebft k\u1ebf web lu\u00f4n ch\u0103m ch\u00fat t\u1eeb n\u1ed9i dung, ch\u1ee9c n\u0103ng \u0111\u1ebfn c\u1ea3 c\u00e1ch th\u1ee9c v\u1eadn h\u00e0nh.<\/p>\n<p>[\/vc_column_text][vc_row_inner css=&#8221;.vc_custom_1613699204759{margin-top: 30px !important;}&#8221;][vc_column_inner width=&#8221;1\/3&#8243;]<div class=\"boc_icon_holder boc_icon_size_large boc_icon_pos_center  \" style=\"margin-bottom: 15px\"><span class=\"boc_icon icon icon-config\" style=\"color:#fa6615;\"><\/span><\/div>[vc_column_text css=&#8221;.vc_custom_1613874811610{margin-bottom: 30px !important;}&#8221;]<\/p>\n<h3 style=\"text-align: center; margin-bottom: 10px;\">T\u01af\u01a0NG TH\u00cdCH M\u1eccI THI\u1ebeT B\u1eca<\/h3>\n<p style=\"text-align: center;\">Thi\u1ebft k\u1ebf web v\u1edbi c\u00f4ng ngh\u1ec7 responsive gi\u00fap website c\u00f3 th\u1ec3 t\u1ef1 \u0111\u1ed9ng th\u00edch \u1ee9ng tr\u00ean m\u1ecdi thi\u1ebft b\u1ecb, ph\u00e1t huy h\u1ebft s\u1ee9c m\u1ea1nh c\u1ee7a n\u00f3.<\/p>\n<p>[\/vc_column_text][\/vc_column_inner][vc_column_inner width=&#8221;1\/3&#8243;]<div class=\"boc_icon_holder boc_icon_size_large boc_icon_pos_center  \" style=\"margin-bottom: 15px\"><span class=\"boc_icon icon icon-tags\" style=\"color:#fa6615;\"><\/span><\/div>[vc_column_text css=&#8221;.vc_custom_1613874818420{margin-bottom: 30px !important;}&#8221;]<\/p>\n<h3 style=\"text-align: center; margin-bottom: 10px;\">T\u1ed0I \u01afU CHI PH\u00cd<\/h3>\n<p style=\"text-align: center;\">T\u1ed1i \u01b0u chi ph\u00ed r\u1ea5t quan tr\u1ecdng \u0111\u1ed1i v\u1edbi s\u1ef1 th\u00e0nh c\u00f4ng l\u00e2u d\u00e0i c\u1ee7a doanh nghi\u1ec7p. Ch\u00fang t\u00f4i cam k\u1ebft gi\u00fap b\u1ea1n h\u1ea1n ch\u1ebf m\u1ee9c chi ph\u00ed b\u1ecf ra nh\u01b0ng v\u1eabn thu v\u1ec1 hi\u1ec7u qu\u1ea3 cao nh\u1ea5t<\/p>\n<p>[\/vc_column_text][\/vc_column_inner][vc_column_inner width=&#8221;1\/3&#8243;]<div class=\"boc_icon_holder boc_icon_size_large boc_icon_pos_center  \" style=\"margin-bottom: 15px\"><span class=\"boc_icon icon icon-bolt\" style=\"color:#fa6615;\"><\/span><\/div>[vc_column_text]<\/p>\n<h3 style=\"text-align: center; margin-bottom: 10px;\">T\u1ed0I \u01afU H\u00d3A SEO<\/h3>\n<p style=\"text-align: center;\">B\u1ed1 c\u1ee5c, c\u1ea5u tr\u00fac trang t\u1ed1i \u01b0u, mang l\u1ea1i hi\u1ec7u qu\u1ea3 trong vi\u1ec7c SEO tr\u00ean m\u1ecdi thi\u1ebft b\u1ecb, gi\u00fap website c\u00f3 th\u1ee9 h\u1ea1ng cao tr\u00ean c\u00e1c c\u00f4ng c\u1ee5 t\u00ecm ki\u1ebfm.<\/p>\n<p>[\/vc_column_text][\/vc_column_inner][\/vc_row_inner][\/vc_column][\/vc_row][vc_row full_width=&#8221;stretch_row&#8221; css=&#8221;.vc_custom_1613814039764{padding-bottom: 30px !important;}&#8221;][vc_column]<div class=\"boc_divider_holder\"><div class=\"boc_divider  \"  style=\"margin-top: 20px;margin-bottom: 20px;width: 50%;margin-left: auto; margin-right: auto;height: 1px;background: #eeeeee;\"><i class=\"icon icon-star\"  style=\"font-size: 14px; line-height: 14px;color: #e5e5e5;left: 50%; transform: translateY(-50%) translateX(-50%);background-color: #ffffff;border: 1px solid #ffffff;padding: 10px;\"><\/i><\/div><\/div><h2 class=\"boc_heading  center  boc_animate_when_almost_visible boc_fade-in\"  style=\"margin-bottom: 20px;margin-top: 0px;text-align: center;color: #fa6615;\"><span>BLOG<\/span><\/h2><div id = \"post_grid_e36c02685218fcb4ced01ca5de130989\" class=\"grid_holder \"><div class=\"col span_1_of_3 info_item isotope_element\">\r\n\t\t\t\t\t\t\t<div class=\"post_item_block  boxed\"><div class=\"pic \"><a href=\"https:\/\/adrianroche-tech.com\/vi\/blockchain-la-gi-phuong-thuc-hoat-dong-va-nhung-uu-nhuoc-diem-cua-blockchain\/\"><img decoding=\"async\" src=\"https:\/\/adrianroche-tech.com\/wp-content\/uploads\/2021\/12\/blockchain-1-600x380.jpg\"\/><div class=\"img_overlay\"><span class=\"hover_icon icon_plus\"><\/span><\/div><\/a><\/div><div class=\"post_item_desc dark_links\"><h4><a href=\"https:\/\/adrianroche-tech.com\/vi\/blockchain-la-gi-phuong-thuc-hoat-dong-va-nhung-uu-nhuoc-diem-cua-blockchain\/\">Blockchain l\u00e0 g\u00ec? Ph\u01b0\u01a1ng th\u1ee9c ho\u1ea1t \u0111\u1ed9ng v\u00e0 nh\u1eefng \u01b0u nh\u01b0\u1ee3c \u0111i\u1ec3m c\u1ee7a blockchain<\/a><\/h4><div class=\"small_post_date\"><span class=\"icon icon-calendar2\"><\/span> &nbsp; December 21, 2021<\/div><p>Blockchain l\u00e0 m\u1ed9t s\u1ed5 c\u00e1i k\u1ef9 thu\u1eadt s\u1ed1 \u0111\u01b0\u1ee3c ph\u00e2n chia hay d\u1ec5 hi\u1ec3u h\u01a1n l\u00e0 c\u01a1 s\u1edf d\u1eef li\u1ec7u ...<\/p>\t\t<\/div>\r\n\t\t\t\t<\/div>\r\n\t\t\t\t<\/div><div class=\"col span_1_of_3 info_item isotope_element\">\r\n\t\t\t\t\t\t\t<div class=\"post_item_block  boxed\"><div class=\"pic \"><a href=\"https:\/\/adrianroche-tech.com\/vi\/ngoai-nhung-kien-thuc-ve-ui-ux-cac-designer-can-co-them-to-chat-gi-de-noi-bat-truoc-nha-tuyen-dung\/\"><img decoding=\"async\" src=\"https:\/\/adrianroche-tech.com\/wp-content\/uploads\/2021\/11\/graphicdesigner-600x380.jpg\"\/><div class=\"img_overlay\"><span class=\"hover_icon icon_plus\"><\/span><\/div><\/a><\/div><div class=\"post_item_desc dark_links\"><h4><a href=\"https:\/\/adrianroche-tech.com\/vi\/ngoai-nhung-kien-thuc-ve-ui-ux-cac-designer-can-co-them-to-chat-gi-de-noi-bat-truoc-nha-tuyen-dung\/\">Ngo\u00e0i ki\u1ebfn th\u1ee9c UI UX, designer c\u1ea7n c\u00f3 th\u00eam t\u1ed1 ch\u1ea5t n\u00e0y \u0111\u1ec3 th\u00e0nh c\u00f4ng<\/a><\/h4><div class=\"small_post_date\"><span class=\"icon icon-calendar2\"><\/span> &nbsp; November 1, 2021<\/div><p>B\u1ea1n l\u00e0 m\u1ed9t designer s\u1edf h\u1eefu k\u1ef9 n\u0103ng UI UX Design gi\u1ecfi nh\u01b0ng ch\u01b0a c\u00f3 kinh nghi\u1ec7m v\u00e0  ...<\/p>\t\t<\/div>\r\n\t\t\t\t<\/div>\r\n\t\t\t\t<\/div><div class=\"col span_1_of_3 info_item isotope_element\">\r\n\t\t\t\t\t\t\t<div class=\"post_item_block  boxed\"><div class=\"pic \"><a href=\"https:\/\/adrianroche-tech.com\/vi\/tong-quan-ve-lap-trinh-ai-cac-buoc-co-ban-de-bat-dau-hoc-lap-trinh-ai\/\"><img decoding=\"async\" src=\"https:\/\/adrianroche-tech.com\/wp-content\/uploads\/2021\/10\/AI-develop-600x380.jpg\"\/><div class=\"img_overlay\"><span class=\"hover_icon icon_plus\"><\/span><\/div><\/a><\/div><div class=\"post_item_desc dark_links\"><h4><a href=\"https:\/\/adrianroche-tech.com\/vi\/tong-quan-ve-lap-trinh-ai-cac-buoc-co-ban-de-bat-dau-hoc-lap-trinh-ai\/\">T\u1ed5ng quan v\u1ec1 l\u1eadp tr\u00ecnh AI &#8211; C\u00e1c b\u01b0\u1edbc c\u01a1 b\u1ea3n \u0111\u1ec3 b\u1eaft \u0111\u1ea7u h\u1ecdc l\u1eadp tr\u00ecnh AI<\/a><\/h4><div class=\"small_post_date\"><span class=\"icon icon-calendar2\"><\/span> &nbsp; October 12, 2021<\/div><p>\u0110\u1ecbnh ngh\u0129a v\u1ec1 AI Tr\u00ed tu\u1ec7 nh\u00e2n t\u1ea1o hay c\u00f2n g\u1ecdi l\u00e0 AI (t\u00ean Ti\u1ebfng Anh l\u00e0 Artificial Intelligence) l\u00e0 ...<\/p>\t\t<\/div>\r\n\t\t\t\t<\/div>\r\n\t\t\t\t<\/div><div class=\"col span_1_of_3 info_item isotope_element\">\r\n\t\t\t\t\t\t\t<div class=\"post_item_block  boxed\"><div class=\"pic \"><a href=\"https:\/\/adrianroche-tech.com\/vi\/seo-la-gi-huong-dan-co-ban-ve-seo-danh-cho-nguoi-moi-bat-dau\/\"><img decoding=\"async\" src=\"https:\/\/adrianroche-tech.com\/wp-content\/uploads\/2021\/08\/SEO-INOVATION-WEBSITE-WPML-2020-600x380.jpg\"\/><div class=\"img_overlay\"><span class=\"hover_icon icon_plus\"><\/span><\/div><\/a><\/div><div class=\"post_item_desc dark_links\"><h4><a href=\"https:\/\/adrianroche-tech.com\/vi\/seo-la-gi-huong-dan-co-ban-ve-seo-danh-cho-nguoi-moi-bat-dau\/\">SEO l\u00e0 g\u00ec? H\u01b0\u1edbng d\u1eabn c\u01a1 b\u1ea3n v\u1ec1 SEO d\u00e0nh cho ng\u01b0\u1eddi m\u1edbi b\u1eaft \u0111\u1ea7u<\/a><\/h4><div class=\"small_post_date\"><span class=\"icon icon-calendar2\"><\/span> &nbsp; August 3, 2021<\/div><p>SEO l\u00e0 g\u00ec? SEO l\u00e0 t\u1eeb vi\u1ebft t\u1eaft c\u1ee7a Search Engine Optimization (t\u1ed1i \u01b0u h\u00f3a c\u00f4ng c\u1ee5 t\u00ecm ki\u1ebfm), l\u00e0 ...<\/p>\t\t<\/div>\r\n\t\t\t\t<\/div>\r\n\t\t\t\t<\/div><div class=\"col span_1_of_3 info_item isotope_element\">\r\n\t\t\t\t\t\t\t<div class=\"post_item_block  boxed\"><div class=\"pic \"><a href=\"https:\/\/adrianroche-tech.com\/vi\/tester-la-gi-dieu-gi-lam-nen-mot-tester-gioi\/\"><img decoding=\"async\" src=\"https:\/\/adrianroche-tech.com\/wp-content\/uploads\/2021\/07\/software-tester-600x380.jpg\"\/><div class=\"img_overlay\"><span class=\"hover_icon icon_plus\"><\/span><\/div><\/a><\/div><div class=\"post_item_desc dark_links\"><h4><a href=\"https:\/\/adrianroche-tech.com\/vi\/tester-la-gi-dieu-gi-lam-nen-mot-tester-gioi\/\">Tester l\u00e0 g\u00ec? \u0110i\u1ec1u g\u00ec l\u00e0m n\u00ean m\u1ed9t Tester gi\u1ecfi?<\/a><\/h4><div class=\"small_post_date\"><span class=\"icon icon-calendar2\"><\/span> &nbsp; July 5, 2021<\/div><p>C\u00f4ng ngh\u1ec7 th\u00f4ng tin trong nh\u1eefng n\u0103m g\u1ea7n \u0111\u00e2y li\u00ean t\u1ee5c ph\u00e1t tri\u1ec3n. Th\u1ecb tr\u01b0\u1eddng nh\u00e2n l\u1ef1c c\u1ee7a ...<\/p>\t\t<\/div>\r\n\t\t\t\t<\/div>\r\n\t\t\t\t<\/div><div class=\"col span_1_of_3 info_item isotope_element\">\r\n\t\t\t\t\t\t\t<div class=\"post_item_block  boxed\"><div class=\"pic \"><a href=\"https:\/\/adrianroche-tech.com\/vi\/lap-trinh-di-dong-la-gi-lo-trinh-de-tro-thanh-mot-mobile-developer-gioi\/\"><img decoding=\"async\" src=\"https:\/\/adrianroche-tech.com\/wp-content\/uploads\/2021\/06\/mobile-developer-600x380.jpg\"\/><div class=\"img_overlay\"><span class=\"hover_icon icon_plus\"><\/span><\/div><\/a><\/div><div class=\"post_item_desc dark_links\"><h4><a href=\"https:\/\/adrianroche-tech.com\/vi\/lap-trinh-di-dong-la-gi-lo-trinh-de-tro-thanh-mot-mobile-developer-gioi\/\">L\u1eadp tr\u00ecnh di \u0111\u1ed9ng l\u00e0 g\u00ec? L\u1ed9 tr\u00ecnh \u0111\u1ec3 tr\u1edf th\u00e0nh m\u1ed9t mobile developer gi\u1ecfi<\/a><\/h4><div class=\"small_post_date\"><span class=\"icon icon-calendar2\"><\/span> &nbsp; June 7, 2021<\/div><p>L\u1eadp tr\u00ecnh website v\u00e0 l\u1eadp tr\u00ecnh di \u0111\u1ed9ng l\u00e0 hai l\u0129nh v\u1ef1c \u0111ang nh\u1eadn \u0111\u01b0\u1ee3c s\u1ef1 \u1ee7ng h\u1ed9 nhi\u1ec7t ...<\/p>\t\t<\/div>\r\n\t\t\t\t<\/div>\r\n\t\t\t\t<\/div><div class=\"col span_1_of_3 info_item isotope_element\">\r\n\t\t\t\t\t\t\t<div class=\"post_item_block  boxed\"><div class=\"pic \"><a href=\"https:\/\/adrianroche-tech.com\/vi\/de-tro-thanh-mot-lap-trinh-vien-gioi-ban-nen-biet-top-8-ky-nang-can-thiet-nay\/\"><img decoding=\"async\" src=\"https:\/\/adrianroche-tech.com\/wp-content\/uploads\/2021\/05\/Become_a_Front_End_Developer-600x380.jpg\"\/><div class=\"img_overlay\"><span class=\"hover_icon icon_plus\"><\/span><\/div><\/a><\/div><div class=\"post_item_desc dark_links\"><h4><a href=\"https:\/\/adrianroche-tech.com\/vi\/de-tro-thanh-mot-lap-trinh-vien-gioi-ban-nen-biet-top-8-ky-nang-can-thiet-nay\/\">\u0110\u1ec3 tr\u1edf th\u00e0nh m\u1ed9t l\u1eadp tr\u00ecnh vi\u00ean gi\u1ecfi, b\u1ea1n n\u00ean bi\u1ebft top 8 k\u1ef9 n\u0103ng c\u1ea7n thi\u1ebft n\u00e0y<\/a><\/h4><div class=\"small_post_date\"><span class=\"icon icon-calendar2\"><\/span> &nbsp; May 10, 2021<\/div><p>D\u00f9 \u0111ang l\u00e0 sinh vi\u00ean hay \u0111\u00e3 l\u00e0m vi\u1ec7c trong ng\u00e0nh c\u00f4ng ngh\u1ec7 th\u00f4ng tin v\u1ec1 m\u1ea3ng l\u1eadp tr\u00ecnh web th\u00ec ...<\/p>\t\t<\/div>\r\n\t\t\t\t<\/div>\r\n\t\t\t\t<\/div><div class=\"col span_1_of_3 info_item isotope_element\">\r\n\t\t\t\t\t\t\t<div class=\"post_item_block  boxed\"><div class=\"pic \"><a href=\"https:\/\/adrianroche-tech.com\/vi\/cach-thuc-toi-uu-hoa-hinh-anh-tren-website\/\"><img decoding=\"async\" src=\"https:\/\/adrianroche-tech.com\/wp-content\/uploads\/2021\/02\/image-optimize-600x380.jpg\"\/><div class=\"img_overlay\"><span class=\"hover_icon icon_plus\"><\/span><\/div><\/a><\/div><div class=\"post_item_desc dark_links\"><h4><a href=\"https:\/\/adrianroche-tech.com\/vi\/cach-thuc-toi-uu-hoa-hinh-anh-tren-website\/\">C\u00e1ch th\u1ee9c t\u1ed1i \u01b0u h\u00f3a h\u00ecnh \u1ea3nh tr\u00ean website<\/a><\/h4><div class=\"small_post_date\"><span class=\"icon icon-calendar2\"><\/span> &nbsp; February 20, 2021<\/div><p>\u0110\u0103ng t\u1ea3i h\u00ecnh \u1ea3nh l\u00ean website l\u00e0 m\u1ed9t qu\u00e1 tr\u00ecnh \u0111\u01a1n gi\u1ea3n, nh\u01b0ng \u0111\u01a1n gi\u1ea3n qu\u00e1 \u0111\u00f4i l\u00fac khi\u1ebfn ...<\/p>\t\t<\/div>\r\n\t\t\t\t<\/div>\r\n\t\t\t\t<\/div><div class=\"col span_1_of_3 info_item isotope_element\">\r\n\t\t\t\t\t\t\t<div class=\"post_item_block  boxed\"><div class=\"pic \"><a href=\"https:\/\/adrianroche-tech.com\/vi\/lap-trinh-vien-muon-thanh-cong-can-hoc-nhung-gi\/\"><img decoding=\"async\" src=\"https:\/\/adrianroche-tech.com\/wp-content\/uploads\/2021\/02\/developer-thanh-cong-600x380.jpg\"\/><div class=\"img_overlay\"><span class=\"hover_icon icon_plus\"><\/span><\/div><\/a><\/div><div class=\"post_item_desc dark_links\"><h4><a href=\"https:\/\/adrianroche-tech.com\/vi\/lap-trinh-vien-muon-thanh-cong-can-hoc-nhung-gi\/\">L\u1eadp tr\u00ecnh vi\u00ean mu\u1ed1n th\u00e0nh c\u00f4ng c\u1ea7n h\u1ecdc nh\u1eefng g\u00ec<\/a><\/h4><div class=\"small_post_date\"><span class=\"icon icon-calendar2\"><\/span> &nbsp; February 20, 2021<\/div><p>Th\u1eddi gian g\u1ea7n \u0111\u00e2y, m\u00ecnh th\u01b0\u1eddng xuy\u00ean \u0111\u01b0\u1ee3c c\u00e1c b\u1ea1n sinh vi\u00ean nh\u1eafn tin h\u1ecfi v\u00e0 xin l\u1eddi khuy\u00ean, ...<\/p>\t\t<\/div>\r\n\t\t\t\t<\/div>\r\n\t\t\t\t<\/div>\r\n\t\t\t<\/div>\r\n\t\t\t<div class=\"h10 clear\"><\/div>[\/vc_column][\/vc_row]<\/p>\n","protected":false},"excerpt":{"rendered":"<p>[vc_row full_width=&#8221;stretch_row&#8221; css=&#8221;.vc_custom_1600833522753{padding-bottom: 50px !important;background-image: url(https:\/\/adrianroche.vn\/wp-content\/uploads\/2020\/01\/front-end.jpg?id=1207) !important;background-position: center !important;background-repeat: no-repeat !important;background-size: cover !important;}&#8221;][vc_column][\/vc_column][\/vc_row][vc_row full_width=&#8221;stretch_row&#8221; css=&#8221;.vc_custom_1600686418223{background-color: #fa6615 !important;background-position: center !important;background-repeat: no-repeat !important;background-size: cover !important;}&#8221; el_class=&#8221;white-text&#8221;][vc_column css=&#8221;.vc_custom_1578714978759{padding-top: 20px !important;padding-bottom: 30px !important;}&#8221;][vc_column_text el_class=&#8221;hometext2&#8243; css=&#8221;.vc_custom_1613666259139{margin-bottom: 30px !important;}&#8221;] T\u1ea1i Adrian Roche, ch\u00fang t\u00f4i lu\u00f4n quan ni\u1ec7m r\u1eb1ng website ch\u00ednh l\u00e0 n\u1ec1n t\u1ea3ng, gi\u00e1 tr\u1ecb c\u1ed1t l\u00f5i c\u1ee7a m\u1ed9t doanh nghi\u1ec7p nh\u1ea5t l\u00e0 trong th\u1eddi \u0111\u1ea1i<\/p>\n<div class=\"h10\"><\/div>\n<p><a class=\"more-link2\" href=\"https:\/\/adrianroche-tech.com\/vi\/lap-trinh-vien-muon-thanh-cong-can-hoc-nhung-gi\/\">Read more<\/a><\/p>\n","protected":false},"author":1,"featured_media":0,"parent":405,"menu_order":0,"comment_status":"closed","ping_status":"closed","template":"","meta":{"footnotes":""},"class_list":["post-317","page","type-page","status-publish","hentry"],"_links":{"self":[{"href":"https:\/\/adrianroche-tech.com\/vi\/wp-json\/wp\/v2\/pages\/317","targetHints":{"allow":["GET"]}}],"collection":[{"href":"https:\/\/adrianroche-tech.com\/vi\/wp-json\/wp\/v2\/pages"}],"about":[{"href":"https:\/\/adrianroche-tech.com\/vi\/wp-json\/wp\/v2\/types\/page"}],"author":[{"embeddable":true,"href":"https:\/\/adrianroche-tech.com\/vi\/wp-json\/wp\/v2\/users\/1"}],"replies":[{"embeddable":true,"href":"https:\/\/adrianroche-tech.com\/vi\/wp-json\/wp\/v2\/comments?post=317"}],"version-history":[{"count":75,"href":"https:\/\/adrianroche-tech.com\/vi\/wp-json\/wp\/v2\/pages\/317\/revisions"}],"predecessor-version":[{"id":1982,"href":"https:\/\/adrianroche-tech.com\/vi\/wp-json\/wp\/v2\/pages\/317\/revisions\/1982"}],"up":[{"embeddable":true,"href":"https:\/\/adrianroche-tech.com\/vi\/wp-json\/wp\/v2\/pages\/405"}],"wp:attachment":[{"href":"https:\/\/adrianroche-tech.com\/vi\/wp-json\/wp\/v2\/media?parent=317"}],"curies":[{"name":"wp","href":"https:\/\/api.w.org\/{rel}","templated":true}]}}