{"id":320,"date":"2018-04-17T11:40:17","date_gmt":"2018-04-17T02:40:17","guid":{"rendered":"http:\/\/adrianvn.techminds.asia\/vi\/?page_id=320"},"modified":"2020-09-23T13:00:20","modified_gmt":"2020-09-23T04:00:20","slug":"toi-uu-hoa-phan-mem","status":"publish","type":"page","link":"https:\/\/adrianroche-tech.com\/vi\/dich-vu-giai-phap\/toi-uu-hoa-phan-mem\/","title":{"rendered":"T\u1ed1i \u01b0u h\u00f3a ph\u1ea7n m\u1ec1m"},"content":{"rendered":"<p>[vc_row full_width=&#8221;stretch_row&#8221; css=&#8221;.vc_custom_1600833616920{padding-bottom: 50px !important;background-image: url(https:\/\/adrianroche.vn\/wp-content\/uploads\/2020\/01\/Software-enhancement-2.jpg?id=1205) !important;background-position: center !important;background-repeat: no-repeat !important;background-size: cover !important;}&#8221;][vc_column]<div class=\"boc_spacing \" style=\"height: 250px\"><\/div>[\/vc_column][\/vc_row][vc_row full_width=&#8221;stretch_row&#8221; css=&#8221;.vc_custom_1600686462675{margin-bottom: 0px !important;background-color: #fa6615 !important;}&#8221; el_class=&#8221;white-text&#8221;][vc_column css=&#8221;.vc_custom_1578717914850{padding-top: 20px !important;padding-bottom: 30px !important;}&#8221;]<h2 class=\"boc_heading inner-heading center  \"  style=\"margin-bottom: 10px;margin-top: 0px;text-align: center;color: #ffffff;\"><span>C\u1ea3i ti\u1ebfn &amp; t\u1ed1i \u01b0u h\u00f3a<br class=\"\" \/>ph\u1ea7n m\u1ec1m<\/span><\/h2>[vc_column_text el_class=&#8221;hometext2&#8243;]<\/p>\n<p style=\"text-align: center;\">C\u00e1c chuy\u00ean gia c\u1ee7a Adrian Roche c\u00f3 \u0111\u1ee7 kh\u1ea3 n\u0103ng v\u00e0 kinh nghi\u1ec7m trong vi\u1ec7c n\u00e2ng c\u1ea5p c\u00e1c \u1ee9ng d\u1ee5ng ph\u1ea7n m\u1ec1m quan tr\u1ecdng c\u1ee7a doanh nghi\u1ec7p, gi\u1ea3i quy\u1ebft hi\u1ec7u qu\u1ea3 c\u00e1c y\u00eau c\u1ea7u c\u1ee7a kh\u00e1ch h\u00e0ng. D\u1ef1a tr\u00ean y\u00eau c\u1ea7u c\u1ee7a ti\u1ebfn tr\u00ecnh , nh\u1eefng c\u1ea3i ti\u1ebfn s\u1ebd \u0111\u01b0\u1ee3c l\u00ean k\u1ebf ho\u1ea1ch v\u00e0 tri\u1ec3n khai m\u1ed9t c\u00e1ch c\u1ea9n th\u1eadn \u0111\u1ec3 mang l\u1ea1i hi\u1ec7u qu\u1ea3 cao nh\u1ea5t.<\/p>\n<p style=\"text-align: center;\">\u0110\u1ed9i ng\u0169 chuy\u00ean gia c\u1ee7a ch\u00fang t\u00f4i c\u00f3 th\u1ec3 cung c\u1ea5p gi\u1ea3i ph\u00e1p cho b\u1ea5t k\u00ec d\u1ef1 \u00e1n n\u00e0o \u1edf t\u00e2t c\u1ea3 c\u00e1c giai \u0111o\u1ea1n. Ch\u00fang t\u00f4i c\u00f3 \u0111\u1ee7 kinh nghi\u1ec7m \u0111\u1ec3 \u0111\u1ea3m b\u1ea3o c\u00f3 th\u1ec3 gi\u1ea3i quy\u1ebft t\u1ea5t c\u1ea3 c\u00e1c v\u1ea5n \u0111\u1ec1 li\u00ean quan \u0111\u1ebfn t\u00ednh n\u0103ng, n\u1ec1n t\u1ea3ng, hi\u1ec7u su\u1ea5t, kh\u1ea3 n\u0103ng s\u1eed d\u1ee5ng v\u00e0 giao di\u1ec7n c\u1ee7a h\u1ec7 th\u1ed1ng. H\u1ec7 th\u1ed1ng c\u1ee7a b\u1ea1n \u0111\u01b0\u1ee3c \u0111\u1ea3m b\u1ea3o kh\u00f4ng ch\u1ec9 v\u1ec1 ch\u1ea5t l\u01b0\u1ee3ng v\u1eadn h\u00e0nh, hi\u1ec7u su\u1ea5t m\u00e0 c\u00f2n v\u1ec1 s\u1ef1 h\u1eefu d\u1ee5ng trong m\u1ecdi t\u00ecnh hu\u1ed1ng.<\/p>\n<p>[\/vc_column_text][\/vc_column][\/vc_row][vc_row disable_element=&#8221;yes&#8221; css=&#8221;.vc_custom_1526537335625{padding-top: 65px !important;}&#8221;][vc_column][vc_raw_html]JTNDZGl2JTIwY2xhc3MlM0QlMjJ3cGJfcm93JTIwdmNfcm93LWZsdWlkJTIyJTNFJTBBJTA5JTNDZGl2JTIwY2xhc3MlM0QlMjJ3cGJfY29sdW1uJTIwdmNfY29sdW1uX2NvbnRhaW5lciUyMHZjX2NvbC1zbS00JTIyJTNFJTBBJTA5JTA5JTNDZGl2JTIwY2xhc3MlM0QlMjJ3cGJfd3JhcHBlciUyMGhvbWVmb290ZXJ0ZXh0JTIyJTNFJTBBJTA5JTA5JTA5JTNDaDMlMjBjbGFzcyUzRCUyMmJvY19oZWFkaW5nJTIwYm9jX2FuaW1hdGVfd2hlbl9hbG1vc3RfdmlzaWJsZSUyMGJvY19sZWZ0LXRvLXJpZ2h0JTIwYm9jX3N0YXJ0X2FuaW1hdGlvbiUyMiUzRU5ld3MlMjBUaXRsZSUzQyUyRmgzJTNFJTBBJTA5JTA5JTA5JTNDZGl2JTIwY2xhc3MlM0QlMjJ3cGJfdGV4dF9jb2x1bW4lMjB3cGJfY29udGVudF9lbGVtZW50JTIwJTIwd3BiX2FuaW1hdGVfd2hlbl9hbG1vc3RfdmlzaWJsZSUyMHdwYl9ib2NfYW5pbWF0ZV93aGVuX2FsbW9zdF92aXNpYmxlJTIwYm9jX2xlZnQtdG8tcmlnaHQlMjBib2NfYW5pbWF0ZV93aGVuX2FsbW9zdF92aXNpYmxlJTIwYm9jX2xlZnQtdG8tcmlnaHQlMjB2Y19jdXN0b21fMTUyMzQyMjc2Nzk1OSUyMGJvY19zdGFydF9hbmltYXRpb24lMjB3cGJfc3RhcnRfYW5pbWF0aW9uJTIwYW5pbWF0ZWQlMjIlM0UlMEElMDklMDklMDklMDklM0NkaXYlMjBjbGFzcyUzRCUyMndwYl93cmFwcGVyJTIyJTNFJTBBJTA5JTA5JTA5JTA5JTA5JTNDcCUzRUFlbmVhbiUyMHNpdCUyMGFtZXQlMjB0b3J0b3IlMjBhJTIwdHVycGlzJTIwZWdlc3RhcyUyMHJob25jdXMlMjB2b2x1dHBhdCUyMGVnZXQlMjBvZGlvLiUyME1hZWNlbmFzJTIwdXQlMjBuaXNpJTIwdGluY2lkdW50JTJDJTIwZWxlbWVudHVtJTIwZWxpdCUyMGVnZXQlMkMlMjBldWlzbW9kJTIwbGlndWxhLiUyMEN1cmFiaXR1ciUyMGFyY3UlMjBsZWN0dXMlMkMlMjBldWlzbW9kJTIwYWMlMjBlcmF0JTIwZXQlMkMlMjBwdWx2aW5hciUyMG1heGltdXMlMjBtZXR1cy4lMjBNb3JiaSUyMGxvcmVtJTIwZmVsaXMlMkMlMjBpbXBlcmRpZXQlMjBhYyUyMHBsYWNlcmF0JTIwdmFyaXVzJTJDJTIwdmFyaXVzJTIwdml0YWUlMjBzZW0uJTIwUXVpc3F1ZSUyMG1vbGxpcyUyMGNvbnNlcXVhdCUyMG1ldHVzJTJDJTIwaWQlMjB2ZW5lbmF0aXMlMjBvZGlvJTIwaWFjdWxpcyUyMC4uJTNDJTJGcCUzRSUwQSUwOSUwOSUzQ2ElMjBocmVmJTNEJTIyJTIzJTIyJTIwY2xhc3MlM0QlMjJidXR0b24lMjBidG5fbWVkaXVtJTIwYnRuX3RoZW1lX2NvbG9yJTIwYnRuX3NxdWFyZWQlMjBob21lYnV0dG9uJTIwJTIyJTIwdGFyZ2V0JTNEJTIyX3NlbGYlMjIlM0UlM0NzcGFuJTNFTW9yZSUzQyUyRnNwYW4lM0UlM0MlMkZhJTNFJTBBJTA5JTA5JTA5JTA5JTNDJTJGZGl2JTNFJTBBJTA5JTA5JTA5JTNDJTJGZGl2JTNFJTBBJTA5JTA5JTNDJTJGZGl2JTNFJTBBJTA5JTNDJTJGZGl2JTNFJTBBJTA5JTNDZGl2JTIwY2xhc3MlM0QlMjJ3cGJfY29sdW1uJTIwdmNfY29sdW1uX2NvbnRhaW5lciUyMHZjX2NvbC1zbS04JTIwaG9tZWZvb3RlciUyMiUzRSUwQSUwOSUwOSUzQ2ltZyUyMHNyYyUzRCUyMmh0dHAlM0ElMkYlMkZhZHJpYW52bi50ZWNobWluZHMuYXNpYSUyRndwLWNvbnRlbnQlMkZ1cGxvYWRzJTJGMjAxOCUyRjA0JTJGTGF5ZXItMTclNDAxWC5wbmclMjIlMjBjbGFzcyUzRCUyMmltZy1yZXNwb25zaXZlJTIyJTJGJTNFJTBBJTA5JTNDJTJGZGl2JTNFJTBBJTNDJTJGZGl2JTNF[\/vc_raw_html][\/vc_column][\/vc_row][vc_row disable_element=&#8221;yes&#8221; el_class=&#8221;picturefooter&#8221; css=&#8221;.vc_custom_1526537340078{padding-top: 30px !important;padding-bottom: 30px !important;}&#8221;][vc_column]<div class=\"posts_carousel_holder  owl_side_arrows\">\n\t\t\t\t\t\t<div id=\"posts_carousel_9666\" style=\"opacity:0;\"><div class=\"post_item_block  boc_owl_lazy \"><div class=\"pic \"><a href=\"https:\/\/adrianroche-tech.com\/vi\/blockchain-la-gi-phuong-thuc-hoat-dong-va-nhung-uu-nhuoc-diem-cua-blockchain\/\"><img decoding=\"async\" src=\"https:\/\/adrianroche-tech.com\/wp-content\/uploads\/2021\/12\/blockchain-1-265x144.jpg\"\/><\/a><\/div><div class=\"post_item_desc dark_links\"><h4><a href=\"https:\/\/adrianroche-tech.com\/vi\/blockchain-la-gi-phuong-thuc-hoat-dong-va-nhung-uu-nhuoc-diem-cua-blockchain\/\">Blockchain l\u00e0 g\u00ec? Ph\u01b0\u01a1ng th\u1ee9c ho\u1ea1t \u0111\u1ed9ng v\u00e0 nh\u1eefng \u01b0u nh\u01b0\u1ee3c \u0111i\u1ec3m c\u1ee7a blockchain<\/a><\/h4>\t\t<\/div>\n\t\t\t\t<\/div><div class=\"post_item_block  boc_owl_lazy \"><div class=\"pic \"><a href=\"https:\/\/adrianroche-tech.com\/vi\/ngoai-nhung-kien-thuc-ve-ui-ux-cac-designer-can-co-them-to-chat-gi-de-noi-bat-truoc-nha-tuyen-dung\/\"><img decoding=\"async\" src=\"https:\/\/adrianroche-tech.com\/wp-content\/uploads\/2021\/11\/graphicdesigner-265x144.jpg\"\/><\/a><\/div><div class=\"post_item_desc dark_links\"><h4><a href=\"https:\/\/adrianroche-tech.com\/vi\/ngoai-nhung-kien-thuc-ve-ui-ux-cac-designer-can-co-them-to-chat-gi-de-noi-bat-truoc-nha-tuyen-dung\/\">Ngo\u00e0i ki\u1ebfn th\u1ee9c UI UX, designer c\u1ea7n c\u00f3 th\u00eam t\u1ed1 ch\u1ea5t n\u00e0y \u0111\u1ec3 th\u00e0nh c\u00f4ng<\/a><\/h4>\t\t<\/div>\n\t\t\t\t<\/div><div class=\"post_item_block  boc_owl_lazy \"><div class=\"pic \"><a href=\"https:\/\/adrianroche-tech.com\/vi\/tong-quan-ve-lap-trinh-ai-cac-buoc-co-ban-de-bat-dau-hoc-lap-trinh-ai\/\"><img decoding=\"async\" src=\"https:\/\/adrianroche-tech.com\/wp-content\/uploads\/2021\/10\/AI-develop-265x144.jpg\"\/><\/a><\/div><div class=\"post_item_desc dark_links\"><h4><a href=\"https:\/\/adrianroche-tech.com\/vi\/tong-quan-ve-lap-trinh-ai-cac-buoc-co-ban-de-bat-dau-hoc-lap-trinh-ai\/\">T\u1ed5ng quan v\u1ec1 l\u1eadp tr\u00ecnh AI &#8211; C\u00e1c b\u01b0\u1edbc c\u01a1 b\u1ea3n \u0111\u1ec3 b\u1eaft \u0111\u1ea7u h\u1ecdc l\u1eadp tr\u00ecnh AI<\/a><\/h4>\t\t<\/div>\n\t\t\t\t<\/div><div class=\"post_item_block  boc_owl_lazy \"><div class=\"pic \"><a href=\"https:\/\/adrianroche-tech.com\/vi\/seo-la-gi-huong-dan-co-ban-ve-seo-danh-cho-nguoi-moi-bat-dau\/\"><img decoding=\"async\" src=\"https:\/\/adrianroche-tech.com\/wp-content\/uploads\/2021\/08\/SEO-INOVATION-WEBSITE-WPML-2020-265x144.jpg\"\/><\/a><\/div><div class=\"post_item_desc dark_links\"><h4><a href=\"https:\/\/adrianroche-tech.com\/vi\/seo-la-gi-huong-dan-co-ban-ve-seo-danh-cho-nguoi-moi-bat-dau\/\">SEO l\u00e0 g\u00ec? H\u01b0\u1edbng d\u1eabn c\u01a1 b\u1ea3n v\u1ec1 SEO d\u00e0nh cho ng\u01b0\u1eddi m\u1edbi b\u1eaft \u0111\u1ea7u<\/a><\/h4>\t\t<\/div>\n\t\t\t\t<\/div><div class=\"post_item_block  boc_owl_lazy \"><div class=\"pic \"><a href=\"https:\/\/adrianroche-tech.com\/vi\/tester-la-gi-dieu-gi-lam-nen-mot-tester-gioi\/\"><img decoding=\"async\" src=\"https:\/\/adrianroche-tech.com\/wp-content\/uploads\/2021\/07\/software-tester-265x144.jpg\"\/><\/a><\/div><div class=\"post_item_desc dark_links\"><h4><a href=\"https:\/\/adrianroche-tech.com\/vi\/tester-la-gi-dieu-gi-lam-nen-mot-tester-gioi\/\">Tester l\u00e0 g\u00ec? \u0110i\u1ec1u g\u00ec l\u00e0m n\u00ean m\u1ed9t Tester gi\u1ecfi?<\/a><\/h4>\t\t<\/div>\n\t\t\t\t<\/div><div class=\"post_item_block  boc_owl_lazy \"><div class=\"pic \"><a href=\"https:\/\/adrianroche-tech.com\/vi\/lap-trinh-di-dong-la-gi-lo-trinh-de-tro-thanh-mot-mobile-developer-gioi\/\"><img decoding=\"async\" src=\"https:\/\/adrianroche-tech.com\/wp-content\/uploads\/2021\/06\/mobile-developer-265x144.jpg\"\/><\/a><\/div><div class=\"post_item_desc dark_links\"><h4><a href=\"https:\/\/adrianroche-tech.com\/vi\/lap-trinh-di-dong-la-gi-lo-trinh-de-tro-thanh-mot-mobile-developer-gioi\/\">L\u1eadp tr\u00ecnh di \u0111\u1ed9ng l\u00e0 g\u00ec? L\u1ed9 tr\u00ecnh \u0111\u1ec3 tr\u1edf th\u00e0nh m\u1ed9t mobile developer gi\u1ecfi<\/a><\/h4>\t\t<\/div>\n\t\t\t\t<\/div><div class=\"post_item_block  boc_owl_lazy \"><div class=\"pic \"><a href=\"https:\/\/adrianroche-tech.com\/vi\/de-tro-thanh-mot-lap-trinh-vien-gioi-ban-nen-biet-top-8-ky-nang-can-thiet-nay\/\"><img decoding=\"async\" src=\"https:\/\/adrianroche-tech.com\/wp-content\/uploads\/2021\/05\/Become_a_Front_End_Developer-265x144.jpg\"\/><\/a><\/div><div class=\"post_item_desc dark_links\"><h4><a href=\"https:\/\/adrianroche-tech.com\/vi\/de-tro-thanh-mot-lap-trinh-vien-gioi-ban-nen-biet-top-8-ky-nang-can-thiet-nay\/\">\u0110\u1ec3 tr\u1edf th\u00e0nh m\u1ed9t l\u1eadp tr\u00ecnh vi\u00ean gi\u1ecfi, b\u1ea1n n\u00ean bi\u1ebft top 8 k\u1ef9 n\u0103ng c\u1ea7n thi\u1ebft n\u00e0y<\/a><\/h4>\t\t<\/div>\n\t\t\t\t<\/div><div class=\"post_item_block  boc_owl_lazy \"><div class=\"pic \"><a href=\"https:\/\/adrianroche-tech.com\/vi\/cach-thuc-toi-uu-hoa-hinh-anh-tren-website\/\"><img decoding=\"async\" src=\"https:\/\/adrianroche-tech.com\/wp-content\/uploads\/2021\/02\/image-optimize-265x144.jpg\"\/><\/a><\/div><div class=\"post_item_desc dark_links\"><h4><a href=\"https:\/\/adrianroche-tech.com\/vi\/cach-thuc-toi-uu-hoa-hinh-anh-tren-website\/\">C\u00e1ch th\u1ee9c t\u1ed1i \u01b0u h\u00f3a h\u00ecnh \u1ea3nh tr\u00ean website<\/a><\/h4>\t\t<\/div>\n\t\t\t\t<\/div><div class=\"post_item_block  boc_owl_lazy \"><div class=\"pic \"><a href=\"https:\/\/adrianroche-tech.com\/vi\/lap-trinh-vien-muon-thanh-cong-can-hoc-nhung-gi\/\"><img decoding=\"async\" src=\"https:\/\/adrianroche-tech.com\/wp-content\/uploads\/2021\/02\/developer-thanh-cong-265x144.jpg\"\/><\/a><\/div><div class=\"post_item_desc dark_links\"><h4><a href=\"https:\/\/adrianroche-tech.com\/vi\/lap-trinh-vien-muon-thanh-cong-can-hoc-nhung-gi\/\">L\u1eadp tr\u00ecnh vi\u00ean mu\u1ed1n th\u00e0nh c\u00f4ng c\u1ea7n h\u1ecdc nh\u1eefng g\u00ec<\/a><\/h4>\t\t<\/div>\n\t\t\t\t<\/div><div class=\"post_item_block  boc_owl_lazy \"><div class=\"pic \"><a href=\"https:\/\/adrianroche-tech.com\/vi\/lam-cach-nao-de-uu-wordpress-tang-toc-do-website-cua-ban\/\"><img decoding=\"async\" src=\"https:\/\/adrianroche-tech.com\/wp-content\/uploads\/2021\/02\/photo-optimization-265x144.jpg\"\/><\/a><\/div><div class=\"post_item_desc dark_links\"><h4><a href=\"https:\/\/adrianroche-tech.com\/vi\/lam-cach-nao-de-uu-wordpress-tang-toc-do-website-cua-ban\/\">L\u00e0m c\u00e1ch n\u00e0o \u0111\u1ec3 \u01b0u WordPress, t\u0103ng t\u1ed1c \u0111\u1ed9 website c\u1ee7a b\u1ea1n<\/a><\/h4>\t\t<\/div>\n\t\t\t\t<\/div><\/div><\/div>\n\t\t\t\t\t\t\t<!-- Posts Carousel -->\n\t\t\t\t\t\t\t<script type=\"text\/javascript\">\n\t\t\t\t\t\t\t\t\t\t\n\t\t\t\t\t\t\t\tjQuery(document).ready(function($) {\t\t\t\n\t\t\t\t\t\t\t\t\t\n\t\t\t\t\t\t\t\t\t\/\/ Load carousel after its images are loaded\n\t\t\t\t\t\t\t\t\tpreloadImages($(\"#posts_carousel_9666 img\"), function () {\n\t\t\t\t\t\t\t\t\t\t\n\t\t\t\t\t\t\t\t\t\tvar carousel = $(\"#posts_carousel_9666\");\n\t\t\t\t\t\t\t\t\t\t\n\t\t\t\t\t\t\t\t\t\tvar args = {\n\t\t\t\t\t\t\t\t\t\t\titems: \t\t\t\t4,\n\t\t\t\t\t\t\t\t\t\t\tautoplay:\t\t\ttrue,\n\t\t\t\t\t\t\t\t\t\t\tautoplayTimeout:\t6000,\n\t\t\t\t\t\t\t\t\t\t\tloop: \t\t\t\ttrue,\n\t\t\t\t\t\t\t\t\t\t\tnav: \t\t\t\ttrue,\n\t\t\t\t\t\t\t\t\t\t\tdots: \t\t\t\tfalse,\n\t\t\t\t\t\t\t\t\t\t\tautoHeight: \t\tfalse,\n\t\t\t\t\t\t\t\t\t\t\tnavText:\t\t\t[\"<span class='icon icon-angle-left-circle'><\/span>\",\"<span class='icon icon-angle-right-circle'><\/span>\"],\n\t\t\t\t\t\t\t\t\t\t\tslideBy: \t\t\t1,\n\t\t\t\t\t\t\t\t\t\t\t\n\t\t\t\t\t\t\t\t\t\t\tnavRewind: false,\n\t\t\t\t\t\t\t\t\t\t\tmargin:0,\n\t\t\t\t\t\t\t\t\t\t\tresponsive:{\n\t\t\t\t\t\t\t\t\t\t\t\t0:{\n\t\t\t\t\t\t\t\t\t\t\t\t  items:1,\n\t\t\t\t\t\t\t\t\t\t\t\t},\n\t\t\t\t\t\t\t\t\t\t\t\t480:{\n\t\t\t\t\t\t\t\t\t\t\t\t  items:1,\n\t\t\t\t\t\t\t\t\t\t\t\t  margin:0,\n\t\t\t\t\t\t\t\t\t\t\t\t},\n\t\t\t\t\t\t\t\t\t\t\t\t768:{\n\t\t\t\t\t\t\t\t\t\t\t\t  items:4\n\t\t\t\t\t\t\t\t\t\t\t\t}\n\t\t\t\t\t\t\t\t\t\t\t},\n\t\t\t\t\t\t\t\t\t\t\tonInitialized:  showCarousel_9666\n\t\t\t\t\t\t\t\t\t\t};\n\n\t\t\t\t\t\t\t\t\t\tcarousel.owlCarousel(args);\n\n\t\t\t\t\t\t\t\t\t\tvar initital_width = carousel.css(\"width\");\n\t\t\t\t\t\t\t\t\t\t\n\t\t\t\t\t\t\t\t\t\t\/* Refresh it for full width rows *\/\n\t\t\t\t\t\t\t\t\t\t$(window).load(function(){\n\t\t\t\t\t\t\t\t\t\t\tif(carousel.css(\"width\") != initital_width) {\n\t\t\t\t\t\t\t\t\t\t\t\tcarousel.trigger(\"destroy.owl.carousel\").removeClass(\"owl-carousel owl-loaded\");\n\t\t\t\t\t\t\t\t\t\t\t\tcarousel.find(\".owl-stage-outer\").children().unwrap();\n\t\t\t\t\t\t\t\t\t\t\t\tcarousel.owlCarousel(args);\n\t\t\t\t\t\t\t\t\t\t\t}\n\t\t\t\t\t\t\t\t\t\t});\n\t\t\t\t\t\t\t\t\t});\n\t\t\t\t\t\t\t\t\t\n\t\t\t\t\t\t\t\t\t\n\t\t\t\t\t\t\t\t\t\/* Show once loaded *\/\n\t\t\t\t\t\t\t\t\tfunction showCarousel_9666() {\n\t\t\t\t\t\t\t\t\t\t$(\"#posts_carousel_9666\").fadeTo(0,1);\n\t\t\t\t\t\t\t\t\t\t$(\"#posts_carousel_9666 .owl-item .boc_owl_lazy\").css(\"opacity\",\"1\");\n\t\t\t\t\t\t\t\t\t}\n\t\t\t\t\t\t\t\t\t\n\t\t\t\t\t\t\t\t});\n\t\t\t\t\t\t\t\t\n\t\t\t\t\t\t\t<\/script>\n\t\t\t\t\t\t\t<!-- Posts Carousel :: END -->\t            \n\t\t\t\t\t[\/vc_column][\/vc_row]<\/p>\n","protected":false},"excerpt":{"rendered":"<p>[vc_row full_width=&#8221;stretch_row&#8221; css=&#8221;.vc_custom_1600833616920{padding-bottom: 50px !important;background-image: url(https:\/\/adrianroche.vn\/wp-content\/uploads\/2020\/01\/Software-enhancement-2.jpg?id=1205) !important;background-position: center !important;background-repeat: no-repeat !important;background-size: cover !important;}&#8221;][vc_column][\/vc_column][\/vc_row][vc_row full_width=&#8221;stretch_row&#8221; css=&#8221;.vc_custom_1600686462675{margin-bottom: 0px !important;background-color: #fa6615 !important;}&#8221; el_class=&#8221;white-text&#8221;][vc_column css=&#8221;.vc_custom_1578717914850{padding-top: 20px !important;padding-bottom: 30px !important;}&#8221;][vc_column_text el_class=&#8221;hometext2&#8243;] C\u00e1c chuy\u00ean gia c\u1ee7a Adrian Roche c\u00f3 \u0111\u1ee7 kh\u1ea3 n\u0103ng v\u00e0 kinh nghi\u1ec7m trong vi\u1ec7c n\u00e2ng c\u1ea5p c\u00e1c \u1ee9ng d\u1ee5ng ph\u1ea7n m\u1ec1m quan tr\u1ecdng c\u1ee7a doanh nghi\u1ec7p, gi\u1ea3i quy\u1ebft hi\u1ec7u qu\u1ea3 c\u00e1c y\u00eau c\u1ea7u<\/p>\n<div class=\"h10\"><\/div>\n<p><a class=\"more-link2\" href=\"https:\/\/adrianroche-tech.com\/vi\/lam-cach-nao-de-uu-wordpress-tang-toc-do-website-cua-ban\/\">Read more<\/a><\/p>\n","protected":false},"author":1,"featured_media":0,"parent":405,"menu_order":0,"comment_status":"closed","ping_status":"closed","template":"","meta":{"footnotes":""},"class_list":["post-320","page","type-page","status-publish","hentry"],"_links":{"self":[{"href":"https:\/\/adrianroche-tech.com\/vi\/wp-json\/wp\/v2\/pages\/320","targetHints":{"allow":["GET"]}}],"collection":[{"href":"https:\/\/adrianroche-tech.com\/vi\/wp-json\/wp\/v2\/pages"}],"about":[{"href":"https:\/\/adrianroche-tech.com\/vi\/wp-json\/wp\/v2\/types\/page"}],"author":[{"embeddable":true,"href":"https:\/\/adrianroche-tech.com\/vi\/wp-json\/wp\/v2\/users\/1"}],"replies":[{"embeddable":true,"href":"https:\/\/adrianroche-tech.com\/vi\/wp-json\/wp\/v2\/comments?post=320"}],"version-history":[{"count":11,"href":"https:\/\/adrianroche-tech.com\/vi\/wp-json\/wp\/v2\/pages\/320\/revisions"}],"predecessor-version":[{"id":1489,"href":"https:\/\/adrianroche-tech.com\/vi\/wp-json\/wp\/v2\/pages\/320\/revisions\/1489"}],"up":[{"embeddable":true,"href":"https:\/\/adrianroche-tech.com\/vi\/wp-json\/wp\/v2\/pages\/405"}],"wp:attachment":[{"href":"https:\/\/adrianroche-tech.com\/vi\/wp-json\/wp\/v2\/media?parent=320"}],"curies":[{"name":"wp","href":"https:\/\/api.w.org\/{rel}","templated":true}]}}