{"id":326,"date":"2018-04-12T10:32:44","date_gmt":"2018-04-12T01:32:44","guid":{"rendered":"http:\/\/adrianvn.techminds.asia\/vi\/?page_id=326"},"modified":"2020-09-23T17:17:43","modified_gmt":"2020-09-23T08:17:43","slug":"kiem-thu-quan-ly-chat-luong","status":"publish","type":"page","link":"https:\/\/adrianroche-tech.com\/vi\/dich-vu-giai-phap\/kiem-thu-quan-ly-chat-luong\/","title":{"rendered":"Ki\u1ec3m th\u1eed &#038; Qu\u1ea3n l\u00fd ch\u1ea5t l\u01b0\u1ee3ng"},"content":{"rendered":"<p>[vc_row full_width=&#8221;stretch_row&#8221; css=&#8221;.vc_custom_1600834201934{padding-bottom: 50px !important;background-image: url(https:\/\/adrianroche.vn\/wp-content\/uploads\/2020\/01\/software-testing-and-qa.jpg?id=1217) !important;background-position: center !important;background-repeat: no-repeat !important;background-size: cover !important;}&#8221;][vc_column]<div class=\"boc_spacing \" style=\"height: 250px\"><\/div>[\/vc_column][\/vc_row][vc_row full_width=&#8221;stretch_row&#8221; el_class=&#8221;white-text&#8221; css=&#8221;.vc_custom_1600686482144{background-color: #fa6615 !important;}&#8221;][vc_column css=&#8221;.vc_custom_1578718369961{padding-top: 20px !important;padding-bottom: 30px !important;}&#8221;]<h2 class=\"boc_heading inner-heading center  \"  style=\"margin-bottom: 10px;margin-top: 0px;text-align: center;color: #ffffff;\"><span>Ki\u1ec3m th\u1eed ph\u1ea7n m\u1ec1m &amp; <br class=\"mobile-none\" \/>Qu\u1ea3n l\u00fd ch\u1ea5t l\u01b0\u1ee3ng<\/span><\/h2>[vc_column_text el_class=&#8221;hometext2&#8243;]<\/p>\n<p style=\"text-align: center;\">Trong m\u1ed9t s\u1ed1 tr\u01b0\u1eddng h\u1ee3p, vi\u1ec7c ki\u1ec3m tra v\u00e0 \u0111\u1ea3m b\u1ea3o ch\u1ea5t l\u01b0\u1ee3ng c\u1ee7a ph\u1ea7n m\u1ec1m c\u0169ng nh\u01b0 \u0111\u1ed9 tin c\u1eady c\u00f3 th\u1ec3 t\u0103ng chi ph\u00ed l\u00ean \u0111\u1ebfn 40%. T\u1ea1i Adrian Roche, ch\u00fang t\u00f4i kh\u00f4ng mu\u1ed1n kh\u00e1ch h\u00e0ng c\u1ee7a m\u00ecnh t\u1ed1n qu\u00e1 nhi\u1ec1u chi ph\u00ed cho vi\u1ec7c qu\u1ea3n l\u00fd ch\u1ea5t l\u01b0\u1ee3ng. Ch\u00fang t\u00f4i \u0111\u1ea3m b\u1ea3o r\u1eb1ng 40% gi\u00e1 tr\u1ecb \u0111\u00f3 \u0111\u00e3 \u0111\u01b0\u1ee3c bao g\u1ed3m trong qu\u00e1 tr\u00ecnh ph\u00e1t tri\u1ec3n c\u1ee7a ch\u00fang t\u00f4i v\u00e0 kh\u00e1ch h\u00e0ng kh\u00f4ng ph\u1ea3i t\u1ed1n th\u00eam b\u1ea5t k\u1ef3 chi ph\u00ed n\u00e0o.<\/p>\n<p style=\"text-align: center;\">Ch\u00fang t\u00f4i lu\u00f4n s\u1eb5n s\u00e0ng gi\u00fap b\u1ea1n gi\u1ea3i quy\u1ebft c\u00e1c v\u1ea5n \u0111\u1ec1 li\u00ean quan \u0111\u1ebfn ki\u1ec3m th\u1eed v\u00e0 ch\u1ea5t l\u01b0\u1ee3ng c\u1ee7a ph\u1ea7n m\u1ec1m m\u00e0 doanh nghi\u1ec7p b\u1ea1n \u0111ang ph\u1ea3i \u0111\u1ed1i m\u1eb7t. V\u00e0 ch\u00fang t\u00f4i \u0111\u1ea3m b\u1ea3o c\u0169ng c\u1ea5p d\u1ecbch v\u1ee5 ch\u1ea5t l\u01b0\u1ee3ng cao mang l\u1ea1i gi\u00e1 tr\u1ecb doanh nghi\u1ec7p b\u1ea1n v\u1ed1n c\u00f3.<\/p>\n<p>[\/vc_column_text][\/vc_column][\/vc_row][vc_row full_width=&#8221;stretch_row&#8221; bg_type=&#8221;bg_color&#8221; bg_color_value=&#8221;#ffffff&#8221; css=&#8221;.vc_custom_1578718459297{padding-top: 20px !important;padding-bottom: 30px !important;}&#8221; el_class=&#8221;ecommerce&#8221;][vc_column css=&#8221;.vc_custom_1578911214868{padding-top: 0px !important;}&#8221;][vc_column_text css=&#8221;.vc_custom_1578892157156{margin-bottom: 30px !important;}&#8221;]<\/p>\n<p style=\"text-align: center;\">Ch\u00fang t\u00f4i cung c\u1ea5p m\u1ed9t lo\u1ea1t c\u00e1c d\u1ecbch v\u1ee5 th\u1eed nghi\u1ec7m cho nhi\u1ec1u doanh nghi\u1ec7p tr\u00ean to\u00e0n th\u1ebf gi\u1edbi. H\u00e3y \u0111\u1ec3 ch\u00fang t\u00f4i gi\u00fap b\u1ea1n t\u1eadn d\u1ee5ng t\u1ed1i \u0111a ngu\u1ed3n l\u1ef1c ki\u1ec3m th\u1eed c\u1ee7a m\u00ecnh v\u00e0 c\u1ea3i thi\u1ec7n th\u1eddi gian ti\u1ebfp c\u1eadn th\u1ecb tr\u01b0\u1eddng cho c\u00e1c \u1ee9ng d\u1ee5ng di \u0111\u1ed9ng ho\u1eb7c \u1ee9ng d\u1ee5ng ti\u1ebfp theo c\u1ee7a b\u1ea1n v\u1edbi ch\u1ea5t l\u01b0\u1ee3ng cao.<\/p>\n<p>[\/vc_column_text][vc_row_inner el_class=&#8221;ecommerce&#8221;][vc_column_inner el_class=&#8221;hidden&#8221; width=&#8221;1\/6&#8243;][\/vc_column_inner][vc_column_inner width=&#8221;1\/6&#8243;][vc_single_image alignment=&#8221;center&#8221; image=&#8221;774&#8243; css=&#8221;.vc_custom_1527064102284{margin-bottom: 30px !important;}&#8221;]<h3 class=\"boc_heading  center  \"  style=\"margin-bottom: 20px;margin-top: 0px;text-align: center;color: #333333;\"><span>Tri\u1ec3n khai <br class=\"\" \/>c\u00e0i \u0111\u1eb7t<\/span><\/h3>[\/vc_column_inner][vc_column_inner width=&#8221;1\/6&#8243;][vc_single_image alignment=&#8221;center&#8221; image=&#8221;790&#8243; css=&#8221;.vc_custom_1527064896138{margin-bottom: 30px !important;}&#8221;]<h3 class=\"boc_heading  center  \"  style=\"margin-bottom: 20px;margin-top: 0px;text-align: center;color: #333333;\"><span>N\u00e2ng c\u1ea5p <br class=\"\" \/>phi\u00ean b\u1ea3n<\/span><\/h3>[\/vc_column_inner][vc_column_inner width=&#8221;1\/6&#8243;][vc_single_image alignment=&#8221;center&#8221; image=&#8221;789&#8243; css=&#8221;.vc_custom_1527064906133{margin-bottom: 30px !important;}&#8221;]<h3 class=\"boc_heading  center  \"  style=\"margin-bottom: 0px;margin-top: 45px;text-align: center;color: #333333;\"><span>H\u1ed7 tr\u1ee3 24\/7<\/span><\/h3>[\/vc_column_inner][vc_column_inner width=&#8221;1\/6&#8243;][vc_single_image alignment=&#8221;center&#8221; image=&#8221;788&#8243; css=&#8221;.vc_custom_1527064917080{margin-bottom: 30px !important;}&#8221;]<h3 class=\"boc_heading  center  \"  style=\"margin-bottom: 20px;margin-top: 0px;text-align: center;color: #333333;\"><span>Thi\u1ebft k\u1ebf <br class=\"\" \/>giao di\u1ec7n<\/span><\/h3>[\/vc_column_inner][vc_column_inner width=&#8221;1\/6&#8243;][vc_single_image alignment=&#8221;center&#8221; image=&#8221;787&#8243; css=&#8221;.vc_custom_1527064930980{margin-bottom: 30px !important;}&#8221;]<h3 class=\"boc_heading  center  \"  style=\"margin-bottom: 20px;margin-top: 0px;text-align: center;color: #333333;\"><span>C\u00e0i \u0111\u1eb7t &amp; t\u00edch h\u1ee3p s\u1ea3n ph\u1ea9m<\/span><\/h3>[\/vc_column_inner][\/vc_row_inner][vc_row_inner el_class=&#8221;ecommerce&#8221; css=&#8221;.vc_custom_1527064397434{margin-top: 30px !important;}&#8221;][vc_column_inner el_class=&#8221;hidden&#8221; width=&#8221;1\/6&#8243;][\/vc_column_inner][vc_column_inner width=&#8221;1\/6&#8243;][vc_single_image alignment=&#8221;center&#8221; image=&#8221;786&#8243; css=&#8221;.vc_custom_1527064941393{margin-bottom: 30px !important;}&#8221;]<h3 class=\"boc_heading  center  \"  style=\"margin-bottom: 0px;margin-top: 45px;text-align: center;color: #333333;\"><span>V\u1eadn chuy\u1ec3n<\/span><\/h3>[\/vc_column_inner][vc_column_inner width=&#8221;1\/6&#8243;][vc_single_image alignment=&#8221;center&#8221; image=&#8221;785&#8243; css=&#8221;.vc_custom_1527064953102{margin-bottom: 30px !important;}&#8221;]<h3 class=\"boc_heading  center  \"  style=\"margin-bottom: 20px;margin-top: 0px;text-align: center;color: #333333;\"><span>T\u00edch h\u1ee3p c\u1ed5ng v\u00e0 m\u00f4 h\u00ecnh<\/span><\/h3>[\/vc_column_inner][vc_column_inner width=&#8221;1\/6&#8243;][vc_single_image alignment=&#8221;center&#8221; image=&#8221;784&#8243; css=&#8221;.vc_custom_1527064963266{margin-bottom: 30px !important;}&#8221;]<h3 class=\"boc_heading  center  \"  style=\"margin-bottom: 20px;margin-top: 0px;text-align: center;color: #333333;\"><span>Quan h\u1ec7 kh\u00e1ch h\u00e0ng<\/span><\/h3>[\/vc_column_inner][vc_column_inner width=&#8221;1\/6&#8243;][vc_single_image alignment=&#8221;center&#8221; image=&#8221;783&#8243; css=&#8221;.vc_custom_1527064973161{margin-bottom: 30px !important;}&#8221;]<h3 class=\"boc_heading  center  \"  style=\"margin-bottom: 0px;margin-top: 45px;text-align: center;color: #333333;\"><span>D\u1ecbch v\u1ee5 l\u01b0u tr\u1eef<\/span><\/h3>[\/vc_column_inner][vc_column_inner el_class=&#8221;hidden&#8221; width=&#8221;1\/6&#8243;][\/vc_column_inner][\/vc_row_inner][\/vc_column][\/vc_row]<\/p>\n","protected":false},"excerpt":{"rendered":"<p>[vc_row full_width=&#8221;stretch_row&#8221; css=&#8221;.vc_custom_1600834201934{padding-bottom: 50px !important;background-image: url(https:\/\/adrianroche.vn\/wp-content\/uploads\/2020\/01\/software-testing-and-qa.jpg?id=1217) !important;background-position: center !important;background-repeat: no-repeat !important;background-size: cover !important;}&#8221;][vc_column][\/vc_column][\/vc_row][vc_row full_width=&#8221;stretch_row&#8221; el_class=&#8221;white-text&#8221; css=&#8221;.vc_custom_1600686482144{background-color: #fa6615 !important;}&#8221;][vc_column css=&#8221;.vc_custom_1578718369961{padding-top: 20px !important;padding-bottom: 30px !important;}&#8221;][vc_column_text el_class=&#8221;hometext2&#8243;] Trong m\u1ed9t s\u1ed1 tr\u01b0\u1eddng h\u1ee3p, vi\u1ec7c ki\u1ec3m tra v\u00e0 \u0111\u1ea3m b\u1ea3o ch\u1ea5t l\u01b0\u1ee3ng c\u1ee7a ph\u1ea7n m\u1ec1m c\u0169ng nh\u01b0 \u0111\u1ed9 tin c\u1eady c\u00f3 th\u1ec3 t\u0103ng chi ph\u00ed l\u00ean \u0111\u1ebfn 40%. T\u1ea1i Adrian Roche, ch\u00fang t\u00f4i kh\u00f4ng mu\u1ed1n<\/p>\n<div class=\"h10\"><\/div>\n<p><a class=\"more-link2\" href=\"https:\/\/adrianroche-tech.com\/vi\/dich-vu-giai-phap\/kiem-thu-quan-ly-chat-luong\/\">Read more<\/a><\/p>\n","protected":false},"author":1,"featured_media":0,"parent":405,"menu_order":0,"comment_status":"closed","ping_status":"closed","template":"","meta":{"footnotes":""},"class_list":["post-326","page","type-page","status-publish","hentry"],"_links":{"self":[{"href":"https:\/\/adrianroche-tech.com\/vi\/wp-json\/wp\/v2\/pages\/326","targetHints":{"allow":["GET"]}}],"collection":[{"href":"https:\/\/adrianroche-tech.com\/vi\/wp-json\/wp\/v2\/pages"}],"about":[{"href":"https:\/\/adrianroche-tech.com\/vi\/wp-json\/wp\/v2\/types\/page"}],"author":[{"embeddable":true,"href":"https:\/\/adrianroche-tech.com\/vi\/wp-json\/wp\/v2\/users\/1"}],"replies":[{"embeddable":true,"href":"https:\/\/adrianroche-tech.com\/vi\/wp-json\/wp\/v2\/comments?post=326"}],"version-history":[{"count":19,"href":"https:\/\/adrianroche-tech.com\/vi\/wp-json\/wp\/v2\/pages\/326\/revisions"}],"predecessor-version":[{"id":1519,"href":"https:\/\/adrianroche-tech.com\/vi\/wp-json\/wp\/v2\/pages\/326\/revisions\/1519"}],"up":[{"embeddable":true,"href":"https:\/\/adrianroche-tech.com\/vi\/wp-json\/wp\/v2\/pages\/405"}],"wp:attachment":[{"href":"https:\/\/adrianroche-tech.com\/vi\/wp-json\/wp\/v2\/media?parent=326"}],"curies":[{"name":"wp","href":"https:\/\/api.w.org\/{rel}","templated":true}]}}