{"id":336,"date":"2018-03-02T18:40:05","date_gmt":"2018-03-02T09:40:05","guid":{"rendered":"http:\/\/adrianvn.techminds.asia\/vi\/?page_id=336"},"modified":"2022-05-14T15:41:06","modified_gmt":"2022-05-14T06:41:06","slug":"who-we-are","status":"publish","type":"page","link":"https:\/\/adrianroche-tech.com\/vi\/who-we-are\/","title":{"rendered":"V\u1ec1 ch\u00fang t\u00f4i"},"content":{"rendered":"<p>[vc_row full_width=&#8221;stretch_row&#8221; css=&#8221;.vc_custom_1578727618692{padding-bottom: 50px !important;background-image: url(https:\/\/adrianroche.vn\/wp-content\/uploads\/2020\/01\/contact-us.jpg?id=1192) !important;background-position: center !important;background-repeat: no-repeat !important;background-size: cover !important;}&#8221;][vc_column]<div class=\"boc_spacing \" style=\"height: 250px\"><\/div>[\/vc_column][\/vc_row][vc_row full_width=&#8221;stretch_row&#8221; css=&#8221;.vc_custom_1600686235018{background-color: #fa6615 !important;}&#8221; el_class=&#8221;white-text&#8221;][vc_column css=&#8221;.vc_custom_1600832438364{padding-top: 20px !important;padding-bottom: 30px !important;}&#8221; offset=&#8221;vc_col-lg-offset-1 vc_col-lg-10 vc_col-md-offset-1 vc_col-md-10&#8243;]<h2 class=\"boc_heading inner-heading center  \"  style=\"margin-bottom: 10px;margin-top: 0px;text-align: center;color: #ffffff;\"><span>V\u1ec1 Ch\u00fang T\u00f4i<\/span><\/h2>[vc_column_text el_class=&#8221;hometext2&#8243;]<\/p>\n<p style=\"text-align: center;\">Ch\u00fang t\u00f4i l\u00e0 nh\u1eefng chuy\u00ean gia d\u00e0y d\u1eb7n kinh nghi\u1ec7m trong nhi\u1ec1u l\u0129nh v\u1ef1c. C\u00f9ng v\u1edbi t\u01b0 duy s\u00e1ng t\u1ea1o, ch\u00fang t\u00f4i c\u00f3 \u0111\u01b0\u1ee3c kh\u1ea3 n\u0103ng th\u1ea5u hi\u1ec3u v\u00e0 k\u1ef9 n\u0103ng cao nh\u1ea5t \u0111\u1ec3 \u0111\u1ea3m b\u1ea3o s\u1ef1 th\u00e0nh c\u00f4ng trong vi\u1ec7c ph\u00e1t tri\u1ec5n v\u00e0 gia c\u00f4ng ph\u1ea7n m\u1ec1m<\/p>\n<p>[\/vc_column_text][\/vc_column][\/vc_row][vc_row full_width=&#8221;stretch_row&#8221; content_placement=&#8221;middle&#8221; css=&#8221;.vc_custom_1643959397184{background: #ffffff url(https:\/\/adrianroche.vn\/wp-content\/uploads\/2022\/02\/Adrian-Roche-new3.jpg?id=2192) !important;background-position: center !important;background-repeat: no-repeat !important;background-size: cover !important;}&#8221; el_class=&#8221;who-we-are adrian-roche&#8221;][vc_column width=&#8221;1\/2&#8243;][vc_column_text]<\/p>\n<p style=\"margin: 0;\"><span style=\"color: #000000;\"><strong>Nh\u00e0 s\u00e1ng l\u1eadp \/ Gi\u00e1m \u0111\u1ed1c \u0111i\u1ec1u h\u00e0nh<\/strong><\/span><\/p>\n<h3 style=\"font-weight: bold; font-size: 18pt; margin-bottom: 15px;\"><span style=\"color: #000000;\">Adrian Roche<\/span><\/h3>\n<p><span style=\"color: #000000;\">C\u00f3 th\u1ec3 \u0111\u01b0\u1ee3c coi l\u00e0 m\u1ed9t c\u1ef1u chi\u1ebfn binh trong ng\u00e0nh c\u00f4ng nghi\u1ec7p \u1edf \u0111\u1ed9 tu\u1ed5i 40, Adrian \u0111\u00e3 ch\u1ee9ng ki\u1ebfn s\u1ef1 ra \u0111\u1eddi v\u00e0 ph\u00e1t tri\u1ec3n c\u1ee7a th\u1ebf gi\u1edbi s\u1ed1 m\u00e0 ch\u00fang ta \u0111ang s\u1ed1ng. \u00d4ng l\u00e0 m\u1ed9t ph\u1ea7n c\u1ee7a m\u1ecdi s\u1ef1 ph\u00e1t tri\u1ec3n l\u1edbn trong ng\u00e0nh c\u00f4ng nghi\u1ec7p k\u1ef9 thu\u1eadt s\u1ed1 hi\u1ec7n \u0111\u1ea1i t\u1eeb n\u0103m 1994 \u0111\u1ebfn nay. T\u1eebng l\u00e0 nh\u00e0 thi\u1ebft k\u1ebf web, l\u1eadp tr\u00ecnh vi\u00ean v\u00e0 qu\u1ea3n l\u00fd d\u1ef1 \u00e1n, Adrian \u0111\u00e3 ti\u1ebfn m\u1ed9t b\u01b0\u1edbc ti\u1ebfn m\u1edbi trong s\u1ef1 nghi\u1ec7p c\u1ee7a m\u00ecnh khi gi\u1eef vai tr\u00f2 l\u00e0 m\u1ed9t nh\u00e0 t\u01b0 v\u1ea5n chi\u1ebfn l\u01b0\u1ee3c v\u00e0 qu\u1ea3n l\u00fd kinh doanh. \u00d4ng hi\u1ec3u c\u1ea7n l\u00e0m nh\u1eefng g\u00ec \u0111\u1ec3 th\u00e0nh c\u00f4ng v\u00e0 quan tr\u1ecdng h\u01a1n l\u00e0 l\u00e0m th\u1ebf n\u00e0o \u0111\u1ec3 x\u00e1c \u0111\u1ecbnh c\u00e1c v\u1ea5n \u0111\u1ec1 ti\u1ec1m \u1ea9n trong vi\u1ec7c ph\u00e1t tri\u1ec3n ph\u1ea7n m\u1ec1m tr\u01b0\u1edbc khi ch\u00fang ph\u00e1t sinh.<strong><br \/>\n<\/strong><\/span>[\/vc_column_text][\/vc_column][vc_column width=&#8221;1\/2&#8243;][vc_single_image alignment=&#8221;center&#8221; image=&#8221;2220&#8243; css=&#8221;.vc_custom_1643961593739{margin-top: 0px !important;margin-bottom: 0px !important;}&#8221; el_class=&#8221;mobile-show&#8221;][\/vc_column][\/vc_row][vc_row full_width=&#8221;stretch_row&#8221; content_placement=&#8221;middle&#8221; css=&#8221;.vc_custom_1643959537976{background: #ffffff url(https:\/\/adrianroche.vn\/wp-content\/uploads\/2022\/02\/Tuan_Truong2.jpg?id=2203) !important;background-position: center !important;background-repeat: no-repeat !important;background-size: cover !important;}&#8221; el_class=&#8221;who-we-are tuan-truong&#8221;][vc_column width=&#8221;1\/2&#8243;][vc_column_text el_class=&#8221;tuan-bio&#8221;]<\/p>\n<p style=\"margin: 0;\"><strong>Ph\u00f3 Gi\u00e1m \u0111\u1ed1c<\/strong><\/p>\n<h3 style=\"font-weight: bold; font-size: 18pt; margin-bottom: 15px;\">Tuan Truong<\/h3>\n<p>Xu\u1ea5t th\u00e2n l\u00e0 m\u1ed9t k\u1ef9 s\u01b0 CNTT \/ L\u1eadp tr\u00ecnh v\u1edbi 10 n\u0103m kinh nghi\u1ec7m trong l\u0129nh v\u1ef1c ph\u00e1t tri\u1ec3n, qu\u1ea3n l\u00fd v\u00e0 thi\u1ebft k\u1ebf website. Tu\u1ea5n theo h\u1ecdc v\u00e0 t\u1ed1t nghi\u1ec7p tr\u01b0\u1eddng \u0110\u1ea1i h\u1ecdc Khoa h\u1ecdc T\u1ef1 nhi\u00ean v\u00e0 c\u00f3 b\u1eb1ng C\u1eed nh\u00e2n Khoa h\u1ecdc M\u00e1y t\u00ednh. Tu\u1ea5n kh\u00f4ng ch\u1ec9 l\u00e0 m\u1ed9t nh\u00e0 ph\u00e1t tri\u1ec3n t\u00e0i n\u0103ng, anh \u1ea5y c\u00f2n c\u00f3 nh\u1eefng \u00fd t\u01b0\u1edfng s\u00e1ng t\u1ea1o g\u00f3p ph\u1ea7n l\u00e0m n\u00ean s\u1ef1 th\u00e0nh c\u00f4ng trong m\u1ed7i s\u1ea3n ph\u1ea9m c\u1ee7a c\u00f4ng ty.[\/vc_column_text][\/vc_column][vc_column width=&#8221;1\/2&#8243;][vc_single_image alignment=&#8221;center&#8221; image=&#8221;2199&#8243; css=&#8221;.vc_custom_1643960410799{margin-top: 0px !important;margin-bottom: 0px !important;}&#8221; el_class=&#8221;mobile-show&#8221;][\/vc_column][\/vc_row]<\/p>\n","protected":false},"excerpt":{"rendered":"<p>[vc_row full_width=&#8221;stretch_row&#8221; css=&#8221;.vc_custom_1578727618692{padding-bottom: 50px !important;background-image: url(https:\/\/adrianroche.vn\/wp-content\/uploads\/2020\/01\/contact-us.jpg?id=1192) !important;background-position: center !important;background-repeat: no-repeat !important;background-size: cover !important;}&#8221;][vc_column][\/vc_column][\/vc_row][vc_row full_width=&#8221;stretch_row&#8221; css=&#8221;.vc_custom_1600686235018{background-color: #fa6615 !important;}&#8221; el_class=&#8221;white-text&#8221;][vc_column css=&#8221;.vc_custom_1600832438364{padding-top: 20px !important;padding-bottom: 30px !important;}&#8221; offset=&#8221;vc_col-lg-offset-1 vc_col-lg-10 vc_col-md-offset-1 vc_col-md-10&#8243;][vc_column_text el_class=&#8221;hometext2&#8243;] Ch\u00fang t\u00f4i l\u00e0 nh\u1eefng chuy\u00ean gia d\u00e0y d\u1eb7n kinh nghi\u1ec7m trong nhi\u1ec1u l\u0129nh v\u1ef1c. C\u00f9ng v\u1edbi t\u01b0 duy s\u00e1ng t\u1ea1o, ch\u00fang t\u00f4i c\u00f3 \u0111\u01b0\u1ee3c kh\u1ea3 n\u0103ng th\u1ea5u hi\u1ec3u v\u00e0 k\u1ef9 n\u0103ng cao<\/p>\n<div class=\"h10\"><\/div>\n<p><a class=\"more-link2\" href=\"https:\/\/adrianroche-tech.com\/vi\/who-we-are\/\">Read more<\/a><\/p>\n","protected":false},"author":1,"featured_media":0,"parent":0,"menu_order":0,"comment_status":"closed","ping_status":"closed","template":"","meta":{"footnotes":""},"class_list":["post-336","page","type-page","status-publish","hentry"],"_links":{"self":[{"href":"https:\/\/adrianroche-tech.com\/vi\/wp-json\/wp\/v2\/pages\/336","targetHints":{"allow":["GET"]}}],"collection":[{"href":"https:\/\/adrianroche-tech.com\/vi\/wp-json\/wp\/v2\/pages"}],"about":[{"href":"https:\/\/adrianroche-tech.com\/vi\/wp-json\/wp\/v2\/types\/page"}],"author":[{"embeddable":true,"href":"https:\/\/adrianroche-tech.com\/vi\/wp-json\/wp\/v2\/users\/1"}],"replies":[{"embeddable":true,"href":"https:\/\/adrianroche-tech.com\/vi\/wp-json\/wp\/v2\/comments?post=336"}],"version-history":[{"count":37,"href":"https:\/\/adrianroche-tech.com\/vi\/wp-json\/wp\/v2\/pages\/336\/revisions"}],"predecessor-version":[{"id":2226,"href":"https:\/\/adrianroche-tech.com\/vi\/wp-json\/wp\/v2\/pages\/336\/revisions\/2226"}],"wp:attachment":[{"href":"https:\/\/adrianroche-tech.com\/vi\/wp-json\/wp\/v2\/media?parent=336"}],"curies":[{"name":"wp","href":"https:\/\/api.w.org\/{rel}","templated":true}]}}