{"id":405,"date":"2018-03-02T18:39:06","date_gmt":"2018-03-02T09:39:06","guid":{"rendered":"http:\/\/adrianvn.techminds.asia\/vi\/?page_id=405"},"modified":"2020-09-23T12:39:17","modified_gmt":"2020-09-23T03:39:17","slug":"dich-vu-giai-phap","status":"publish","type":"page","link":"https:\/\/adrianroche-tech.com\/vi\/dich-vu-giai-phap\/","title":{"rendered":"D\u1ecbch v\u1ee5 \/ Gi\u1ea3i Ph\u00e1p"},"content":{"rendered":"<p>[vc_row full_width=&#8221;stretch_row&#8221; css=&#8221;.vc_custom_1600832279047{padding-bottom: 50px !important;background-image: url(http:\/\/adrianroche.vn\/wp-content\/uploads\/2020\/01\/inner-page-bg.jpg?id=1092) !important;background-position: center !important;background-repeat: no-repeat !important;background-size: cover !important;}&#8221;][vc_column]<div class=\"boc_spacing \" style=\"height: 250px\"><\/div>[\/vc_column][\/vc_row][vc_row full_width=&#8221;stretch_row&#8221; css=&#8221;.vc_custom_1600686247772{background-color: #fa6615 !important;background-position: center !important;background-repeat: no-repeat !important;background-size: cover !important;}&#8221; el_class=&#8221;white-text&#8221;][vc_column css=&#8221;.vc_custom_1578645567263{padding-top: 20px !important;padding-bottom: 30px !important;}&#8221;]<h2 class=\"boc_heading inner-heading center  \"  style=\"margin-bottom: 20px;margin-top: 0px;text-align: center;color: #ffffff;\"><span>\u0110\u1ecbnh h\u01b0\u1edbng k\u1ebft qu\u1ea3 v\u00e0 h\u00e0nh \u0111\u1ed9ng<\/span><\/h2>[vc_column_text el_class=&#8221;hometext2&#8243;]<\/p>\n<p style=\"text-align: center;\">Adrian Roche cung c\u1ea5p d\u1ecbch v\u1ee5 l\u1eadp tr\u00ecnh ph\u1ea7n m\u1ec1m ch\u1ea5t l\u01b0\u1ee3ng cao \u0111\u00fang th\u1eddi gian v\u00e0 m\u1ee5c ti\u00eau kh\u00e1ch h\u00e0ng. Ch\u00fang t\u00f4i l\u00e0 m\u1ed9t c\u00f4ng ty thi\u1ebft k\u1ebf v\u00e0 l\u1eadp tr\u00ecnh h\u01b0\u1edbng k\u1ebft qu\u1ea3, \u0111\u01b0\u1ee3c th\u00e0nh l\u1eadp b\u1edfi nh\u1eefng chuy\u00ean gia c\u00f3 kh\u1ea3 n\u0103ng v\u00e0 kinh nghi\u1ec7m trong vi\u1ec7c cung c\u1ea5p nh\u1eefng \u00fd t\u01b0\u1edfng duy nh\u1ea5t v\u00e0 s\u00e1ng t\u1ea1o nh\u1eb1m mang l\u1ea1i l\u1ee3i \u00edch cho ng\u01b0\u1eddi s\u1eed d\u1ee5ng v\u00e0 kh\u00e1ch h\u00e0ng.<\/p>\n<p>[\/vc_column_text][\/vc_column][\/vc_row][vc_row full_width=&#8221;stretch_row&#8221; bg_type=&#8221;bg_color&#8221; bg_color_value=&#8221;#ffffff&#8221; el_id=&#8221;body-content&#8221;][vc_column css=&#8221;.vc_custom_1578910085978{padding-top: 0px !important;}&#8221;]<h3 class=\"boc_heading solutions-heading center  \"  style=\"margin-bottom: 20px;margin-top: 20px;text-align: center;color: #333333;font-size: 22pt;\"><span>L\u0128NH V\u1ef0C CHUY\u00caN M\u00d4N<\/span><\/h3><div class=\"boc_divider_holder\"><div class=\"boc_divider  \"  style=\"margin-top: 0px;margin-bottom: 40px;width: 100px;margin-left: auto; margin-right: auto;height: 2px;background: #333333;\"><\/div><\/div>[vc_row_inner css=&#8221;.vc_custom_1527062206407{margin-bottom: 30px !important;}&#8221;][vc_column_inner width=&#8221;1\/4&#8243;][vc_single_image alignment=&#8221;center&#8221; onclick=&#8221;custom_link&#8221; image=&#8221;753&#8243; css=&#8221;.vc_custom_1527062642287{margin-bottom: 30px !important;}&#8221;]<h3 class=\"boc_heading  center  \"  style=\"margin-bottom: 20px;margin-top: 0px;text-align: center;color: #333333;\"><span>Tr\u1ea3i nghi\u1ec7m ng\u01b0\u1eddi d\u00f9ng<\/span><\/h3>[\/vc_column_inner][vc_column_inner width=&#8221;1\/4&#8243;][vc_single_image alignment=&#8221;center&#8221; onclick=&#8221;custom_link&#8221; image=&#8221;758&#8243; css=&#8221;.vc_custom_1527062731598{margin-bottom: 30px !important;}&#8221;]<h3 class=\"boc_heading  center  \"  style=\"margin-bottom: 20px;margin-top: 0px;text-align: center;color: #333333;\"><span>Thi\u1ebft k\u1ebf giao di\u1ec7n<\/span><\/h3>[\/vc_column_inner][vc_column_inner width=&#8221;1\/4&#8243;][vc_single_image alignment=&#8221;center&#8221; onclick=&#8221;custom_link&#8221; image=&#8221;757&#8243; css=&#8221;.vc_custom_1527062694489{margin-bottom: 30px !important;}&#8221;]<h3 class=\"boc_heading  center  \"  style=\"margin-bottom: 20px;margin-top: 0px;text-align: center;color: #333333;\"><span>Giao di\u1ec7n t\u01b0\u01a1ng th\u00edch<\/span><\/h3>[\/vc_column_inner][vc_column_inner width=&#8221;1\/4&#8243;][vc_single_image alignment=&#8221;center&#8221; onclick=&#8221;custom_link&#8221; image=&#8221;756&#8243; css=&#8221;.vc_custom_1527062710500{margin-bottom: 30px !important;}&#8221;]<h3 class=\"boc_heading  center  \"  style=\"margin-bottom: 20px;margin-top: 0px;text-align: center;color: #333333;\"><span>Th\u01b0\u01a1ng m\u1ea1i \u0111i\u1ec7n t\u1eed<\/span><\/h3>[\/vc_column_inner][\/vc_row_inner][vc_row_inner css=&#8221;.vc_custom_1527063159026{margin-top: 30px !important;}&#8221;][vc_column_inner width=&#8221;1\/12&#8243;][\/vc_column_inner][vc_column_inner width=&#8221;1\/4&#8243;][vc_single_image alignment=&#8221;center&#8221; onclick=&#8221;custom_link&#8221; image=&#8221;763&#8243; css=&#8221;.vc_custom_1527063076714{margin-bottom: 30px !important;}&#8221;]<h3 class=\"boc_heading  center  \"  style=\"margin-bottom: 20px;margin-top: 0px;text-align: center;color: #333333;\"><span>C\u1ea3i ti\u1ebfn &amp; n\u00e2ng c\u1ea5p ph\u1ea7n m\u1ec1m<\/span><\/h3>[\/vc_column_inner][vc_column_inner width=&#8221;1\/4&#8243;][vc_single_image alignment=&#8221;center&#8221; onclick=&#8221;custom_link&#8221; image=&#8221;762&#8243; css=&#8221;.vc_custom_1527063086349{margin-bottom: 30px !important;}&#8221;]<h3 class=\"boc_heading  center  \"  style=\"margin-bottom: 20px;margin-top: 0px;text-align: center;color: #333333;\"><span>\u1ee8ng d\u1ee5ng di \u0111\u1ed9ng<\/span><\/h3>[\/vc_column_inner][vc_column_inner width=&#8221;1\/4&#8243;][vc_single_image alignment=&#8221;center&#8221; onclick=&#8221;custom_link&#8221; image=&#8221;761&#8243; css=&#8221;.vc_custom_1527063097078{margin-bottom: 30px !important;}&#8221;]<h3 class=\"boc_heading  center  \"  style=\"margin-bottom: 20px;margin-top: 0px;text-align: center;color: #333333;\"><span>Ki\u1ec3m th\u1eed &amp; \u0110\u1ea3m b\u1ea3o ch\u1ea5t l\u01b0\u1ee3ng<\/span><\/h3>[\/vc_column_inner][\/vc_row_inner][\/vc_column][\/vc_row][vc_row disable_element=&#8221;yes&#8221; css=&#8221;.vc_custom_1527268399237{padding-top: 65px !important;padding-bottom: 30px !important;}&#8221;][vc_column][vc_raw_html el_class=&#8221;htmltext1&#8243;]JTNDZGl2JTIwY2xhc3MlM0QlMjJ3cGJfcm93JTIwdmNfcm93LWZsdWlkJTIyJTNFJTBBJTA5JTNDZGl2JTIwY2xhc3MlM0QlMjJ3cGJfY29sdW1uJTIwdmNfY29sdW1uX2NvbnRhaW5lciUyMHZjX2NvbC1zbS00JTIyJTNFJTBBJTA5JTA5JTNDZGl2JTIwY2xhc3MlM0QlMjJ3cGJfd3JhcHBlciUyMGhvbWVmb290ZXJ0ZXh0JTIyJTNFJTBBJTA5JTA5JTA5JTNDaDMlMjBjbGFzcyUzRCUyMmJvY19oZWFkaW5nJTIwYm9jX2FuaW1hdGVfd2hlbl9hbG1vc3RfdmlzaWJsZSUyMGJvY19sZWZ0LXRvLXJpZ2h0JTIwYm9jX3N0YXJ0X2FuaW1hdGlvbiUyMiUzRU5ld3MlMjBUaXRsZSUzQyUyRmgzJTNFJTBBJTA5JTA5JTA5JTNDZGl2JTIwY2xhc3MlM0QlMjJ3cGJfdGV4dF9jb2x1bW4lMjB3cGJfY29udGVudF9lbGVtZW50JTIwJTIwd3BiX2FuaW1hdGVfd2hlbl9hbG1vc3RfdmlzaWJsZSUyMHdwYl9ib2NfYW5pbWF0ZV93aGVuX2FsbW9zdF92aXNpYmxlJTIwYm9jX2xlZnQtdG8tcmlnaHQlMjBib2NfYW5pbWF0ZV93aGVuX2FsbW9zdF92aXNpYmxlJTIwYm9jX2xlZnQtdG8tcmlnaHQlMjB2Y19jdXN0b21fMTUyMzQyMjc2Nzk1OSUyMGJvY19zdGFydF9hbmltYXRpb24lMjB3cGJfc3RhcnRfYW5pbWF0aW9uJTIwYW5pbWF0ZWQlMjIlM0UlMEElMDklMDklMDklMDklM0NkaXYlMjBjbGFzcyUzRCUyMndwYl93cmFwcGVyJTIyJTNFJTBBJTA5JTA5JTA5JTA5JTA5JTNDcCUzRUFlbmVhbiUyMHNpdCUyMGFtZXQlMjB0b3J0b3IlMjBhJTIwdHVycGlzJTIwZWdlc3RhcyUyMHJob25jdXMlMjB2b2x1dHBhdCUyMGVnZXQlMjBvZGlvLiUyME1hZWNlbmFzJTIwdXQlMjBuaXNpJTIwdGluY2lkdW50JTJDJTIwZWxlbWVudHVtJTIwZWxpdCUyMGVnZXQlMkMlMjBldWlzbW9kJTIwbGlndWxhLiUyMEN1cmFiaXR1ciUyMGFyY3UlMjBsZWN0dXMlMkMlMjBldWlzbW9kJTIwYWMlMjBlcmF0JTIwZXQlMkMlMjBwdWx2aW5hciUyMG1heGltdXMlMjBtZXR1cy4lMjBNb3JiaSUyMGxvcmVtJTIwZmVsaXMlMkMlMjBpbXBlcmRpZXQlMjBhYyUyMHBsYWNlcmF0JTIwdmFyaXVzJTJDJTIwdmFyaXVzJTIwdml0YWUlMjBzZW0uJTIwUXVpc3F1ZSUyMG1vbGxpcyUyMGNvbnNlcXVhdCUyMG1ldHVzJTJDJTIwaWQlMjB2ZW5lbmF0aXMlMjBvZGlvJTIwaWFjdWxpcyUyMC4uJTNDJTJGcCUzRSUwQSUwOSUwOSUzQ2ElMjBocmVmJTNEJTIyJTIzJTIyJTIwY2xhc3MlM0QlMjJidXR0b24lMjBidG5fbWVkaXVtJTIwYnRuX3RoZW1lX2NvbG9yJTIwYnRuX3NxdWFyZWQlMjBob21lYnV0dG9uJTIwJTIyJTIwdGFyZ2V0JTNEJTIyX3NlbGYlMjIlM0UlM0NzcGFuJTNFTW9yZSUzQyUyRnNwYW4lM0UlM0MlMkZhJTNFJTBBJTA5JTA5JTA5JTA5JTNDJTJGZGl2JTNFJTBBJTA5JTA5JTA5JTNDJTJGZGl2JTNFJTBBJTA5JTA5JTNDJTJGZGl2JTNFJTBBJTA5JTNDJTJGZGl2JTNFJTBBJTA5JTNDZGl2JTIwY2xhc3MlM0QlMjJ3cGJfY29sdW1uJTIwdmNfY29sdW1uX2NvbnRhaW5lciUyMHZjX2NvbC1zbS04JTIwaG9tZWZvb3RlciUyMiUzRSUwQSUwOSUwOSUzQ2ltZyUyMHNyYyUzRCUyMmh0dHAlM0ElMkYlMkZhZHJpYW52bi50ZWNobWluZHMuYXNpYSUyRndwLWNvbnRlbnQlMkZ1cGxvYWRzJTJGMjAxOCUyRjA0JTJGTGF5ZXItMTclNDAxWC5wbmclMjIlMjBjbGFzcyUzRCUyMmltZy1yZXNwb25zaXZlJTIyJTJGJTNFJTBBJTA5JTNDJTJGZGl2JTNFJTBBJTNDJTJGZGl2JTNF[\/vc_raw_html][\/vc_column][\/vc_row][vc_row disable_element=&#8221;yes&#8221; el_class=&#8221;picturefooter&#8221;][vc_column]<div class=\"posts_carousel_holder  owl_side_arrows\">\n\t\t\t\t\t\t<div id=\"posts_carousel_8007\" style=\"opacity:0;\"><div class=\"post_item_block  boc_owl_lazy \"><div class=\"pic \"><a href=\"https:\/\/adrianroche-tech.com\/vi\/blockchain-la-gi-phuong-thuc-hoat-dong-va-nhung-uu-nhuoc-diem-cua-blockchain\/\"><img decoding=\"async\" src=\"https:\/\/adrianroche-tech.com\/wp-content\/uploads\/2021\/12\/blockchain-1-265x144.jpg\"\/><\/a><\/div><div class=\"post_item_desc dark_links\"><h4><a href=\"https:\/\/adrianroche-tech.com\/vi\/blockchain-la-gi-phuong-thuc-hoat-dong-va-nhung-uu-nhuoc-diem-cua-blockchain\/\">Blockchain l\u00e0 g\u00ec? Ph\u01b0\u01a1ng th\u1ee9c ho\u1ea1t \u0111\u1ed9ng v\u00e0 nh\u1eefng \u01b0u nh\u01b0\u1ee3c \u0111i\u1ec3m c\u1ee7a blockchain<\/a><\/h4>\t\t<\/div>\n\t\t\t\t<\/div><div class=\"post_item_block  boc_owl_lazy \"><div class=\"pic \"><a href=\"https:\/\/adrianroche-tech.com\/vi\/ngoai-nhung-kien-thuc-ve-ui-ux-cac-designer-can-co-them-to-chat-gi-de-noi-bat-truoc-nha-tuyen-dung\/\"><img decoding=\"async\" src=\"https:\/\/adrianroche-tech.com\/wp-content\/uploads\/2021\/11\/graphicdesigner-265x144.jpg\"\/><\/a><\/div><div class=\"post_item_desc dark_links\"><h4><a href=\"https:\/\/adrianroche-tech.com\/vi\/ngoai-nhung-kien-thuc-ve-ui-ux-cac-designer-can-co-them-to-chat-gi-de-noi-bat-truoc-nha-tuyen-dung\/\">Ngo\u00e0i ki\u1ebfn th\u1ee9c UI UX, designer c\u1ea7n c\u00f3 th\u00eam t\u1ed1 ch\u1ea5t n\u00e0y \u0111\u1ec3 th\u00e0nh c\u00f4ng<\/a><\/h4>\t\t<\/div>\n\t\t\t\t<\/div><div class=\"post_item_block  boc_owl_lazy \"><div class=\"pic \"><a href=\"https:\/\/adrianroche-tech.com\/vi\/tong-quan-ve-lap-trinh-ai-cac-buoc-co-ban-de-bat-dau-hoc-lap-trinh-ai\/\"><img decoding=\"async\" src=\"https:\/\/adrianroche-tech.com\/wp-content\/uploads\/2021\/10\/AI-develop-265x144.jpg\"\/><\/a><\/div><div class=\"post_item_desc dark_links\"><h4><a href=\"https:\/\/adrianroche-tech.com\/vi\/tong-quan-ve-lap-trinh-ai-cac-buoc-co-ban-de-bat-dau-hoc-lap-trinh-ai\/\">T\u1ed5ng quan v\u1ec1 l\u1eadp tr\u00ecnh AI &#8211; C\u00e1c b\u01b0\u1edbc c\u01a1 b\u1ea3n \u0111\u1ec3 b\u1eaft \u0111\u1ea7u h\u1ecdc l\u1eadp tr\u00ecnh AI<\/a><\/h4>\t\t<\/div>\n\t\t\t\t<\/div><div class=\"post_item_block  boc_owl_lazy \"><div class=\"pic \"><a href=\"https:\/\/adrianroche-tech.com\/vi\/seo-la-gi-huong-dan-co-ban-ve-seo-danh-cho-nguoi-moi-bat-dau\/\"><img decoding=\"async\" src=\"https:\/\/adrianroche-tech.com\/wp-content\/uploads\/2021\/08\/SEO-INOVATION-WEBSITE-WPML-2020-265x144.jpg\"\/><\/a><\/div><div class=\"post_item_desc dark_links\"><h4><a href=\"https:\/\/adrianroche-tech.com\/vi\/seo-la-gi-huong-dan-co-ban-ve-seo-danh-cho-nguoi-moi-bat-dau\/\">SEO l\u00e0 g\u00ec? H\u01b0\u1edbng d\u1eabn c\u01a1 b\u1ea3n v\u1ec1 SEO d\u00e0nh cho ng\u01b0\u1eddi m\u1edbi b\u1eaft \u0111\u1ea7u<\/a><\/h4>\t\t<\/div>\n\t\t\t\t<\/div><div class=\"post_item_block  boc_owl_lazy \"><div class=\"pic \"><a href=\"https:\/\/adrianroche-tech.com\/vi\/tester-la-gi-dieu-gi-lam-nen-mot-tester-gioi\/\"><img decoding=\"async\" src=\"https:\/\/adrianroche-tech.com\/wp-content\/uploads\/2021\/07\/software-tester-265x144.jpg\"\/><\/a><\/div><div class=\"post_item_desc dark_links\"><h4><a href=\"https:\/\/adrianroche-tech.com\/vi\/tester-la-gi-dieu-gi-lam-nen-mot-tester-gioi\/\">Tester l\u00e0 g\u00ec? \u0110i\u1ec1u g\u00ec l\u00e0m n\u00ean m\u1ed9t Tester gi\u1ecfi?<\/a><\/h4>\t\t<\/div>\n\t\t\t\t<\/div><div class=\"post_item_block  boc_owl_lazy \"><div class=\"pic \"><a href=\"https:\/\/adrianroche-tech.com\/vi\/lap-trinh-di-dong-la-gi-lo-trinh-de-tro-thanh-mot-mobile-developer-gioi\/\"><img decoding=\"async\" src=\"https:\/\/adrianroche-tech.com\/wp-content\/uploads\/2021\/06\/mobile-developer-265x144.jpg\"\/><\/a><\/div><div class=\"post_item_desc dark_links\"><h4><a href=\"https:\/\/adrianroche-tech.com\/vi\/lap-trinh-di-dong-la-gi-lo-trinh-de-tro-thanh-mot-mobile-developer-gioi\/\">L\u1eadp tr\u00ecnh di \u0111\u1ed9ng l\u00e0 g\u00ec? L\u1ed9 tr\u00ecnh \u0111\u1ec3 tr\u1edf th\u00e0nh m\u1ed9t mobile developer gi\u1ecfi<\/a><\/h4>\t\t<\/div>\n\t\t\t\t<\/div><div class=\"post_item_block  boc_owl_lazy \"><div class=\"pic \"><a href=\"https:\/\/adrianroche-tech.com\/vi\/de-tro-thanh-mot-lap-trinh-vien-gioi-ban-nen-biet-top-8-ky-nang-can-thiet-nay\/\"><img decoding=\"async\" src=\"https:\/\/adrianroche-tech.com\/wp-content\/uploads\/2021\/05\/Become_a_Front_End_Developer-265x144.jpg\"\/><\/a><\/div><div class=\"post_item_desc dark_links\"><h4><a href=\"https:\/\/adrianroche-tech.com\/vi\/de-tro-thanh-mot-lap-trinh-vien-gioi-ban-nen-biet-top-8-ky-nang-can-thiet-nay\/\">\u0110\u1ec3 tr\u1edf th\u00e0nh m\u1ed9t l\u1eadp tr\u00ecnh vi\u00ean gi\u1ecfi, b\u1ea1n n\u00ean bi\u1ebft top 8 k\u1ef9 n\u0103ng c\u1ea7n thi\u1ebft n\u00e0y<\/a><\/h4>\t\t<\/div>\n\t\t\t\t<\/div><div class=\"post_item_block  boc_owl_lazy \"><div class=\"pic \"><a href=\"https:\/\/adrianroche-tech.com\/vi\/cach-thuc-toi-uu-hoa-hinh-anh-tren-website\/\"><img decoding=\"async\" src=\"https:\/\/adrianroche-tech.com\/wp-content\/uploads\/2021\/02\/image-optimize-265x144.jpg\"\/><\/a><\/div><div class=\"post_item_desc dark_links\"><h4><a href=\"https:\/\/adrianroche-tech.com\/vi\/cach-thuc-toi-uu-hoa-hinh-anh-tren-website\/\">C\u00e1ch th\u1ee9c t\u1ed1i \u01b0u h\u00f3a h\u00ecnh \u1ea3nh tr\u00ean website<\/a><\/h4>\t\t<\/div>\n\t\t\t\t<\/div><div class=\"post_item_block  boc_owl_lazy \"><div class=\"pic \"><a href=\"https:\/\/adrianroche-tech.com\/vi\/lap-trinh-vien-muon-thanh-cong-can-hoc-nhung-gi\/\"><img decoding=\"async\" src=\"https:\/\/adrianroche-tech.com\/wp-content\/uploads\/2021\/02\/developer-thanh-cong-265x144.jpg\"\/><\/a><\/div><div class=\"post_item_desc dark_links\"><h4><a href=\"https:\/\/adrianroche-tech.com\/vi\/lap-trinh-vien-muon-thanh-cong-can-hoc-nhung-gi\/\">L\u1eadp tr\u00ecnh vi\u00ean mu\u1ed1n th\u00e0nh c\u00f4ng c\u1ea7n h\u1ecdc nh\u1eefng g\u00ec<\/a><\/h4>\t\t<\/div>\n\t\t\t\t<\/div><div class=\"post_item_block  boc_owl_lazy \"><div class=\"pic \"><a href=\"https:\/\/adrianroche-tech.com\/vi\/lam-cach-nao-de-uu-wordpress-tang-toc-do-website-cua-ban\/\"><img decoding=\"async\" src=\"https:\/\/adrianroche-tech.com\/wp-content\/uploads\/2021\/02\/photo-optimization-265x144.jpg\"\/><\/a><\/div><div class=\"post_item_desc dark_links\"><h4><a href=\"https:\/\/adrianroche-tech.com\/vi\/lam-cach-nao-de-uu-wordpress-tang-toc-do-website-cua-ban\/\">L\u00e0m c\u00e1ch n\u00e0o \u0111\u1ec3 \u01b0u WordPress, t\u0103ng t\u1ed1c \u0111\u1ed9 website c\u1ee7a b\u1ea1n<\/a><\/h4>\t\t<\/div>\n\t\t\t\t<\/div><\/div><\/div>\n\t\t\t\t\t\t\t<!-- Posts Carousel -->\n\t\t\t\t\t\t\t<script type=\"text\/javascript\">\n\t\t\t\t\t\t\t\t\t\t\n\t\t\t\t\t\t\t\tjQuery(document).ready(function($) {\t\t\t\n\t\t\t\t\t\t\t\t\t\n\t\t\t\t\t\t\t\t\t\/\/ Load carousel after its images are loaded\n\t\t\t\t\t\t\t\t\tpreloadImages($(\"#posts_carousel_8007 img\"), function () {\n\t\t\t\t\t\t\t\t\t\t\n\t\t\t\t\t\t\t\t\t\tvar carousel = $(\"#posts_carousel_8007\");\n\t\t\t\t\t\t\t\t\t\t\n\t\t\t\t\t\t\t\t\t\tvar args = {\n\t\t\t\t\t\t\t\t\t\t\titems: \t\t\t\t4,\n\t\t\t\t\t\t\t\t\t\t\tautoplay:\t\t\ttrue,\n\t\t\t\t\t\t\t\t\t\t\tautoplayTimeout:\t6000,\n\t\t\t\t\t\t\t\t\t\t\tloop: \t\t\t\ttrue,\n\t\t\t\t\t\t\t\t\t\t\tnav: \t\t\t\ttrue,\n\t\t\t\t\t\t\t\t\t\t\tdots: \t\t\t\tfalse,\n\t\t\t\t\t\t\t\t\t\t\tautoHeight: \t\tfalse,\n\t\t\t\t\t\t\t\t\t\t\tnavText:\t\t\t[\"<span class='icon icon-angle-left-circle'><\/span>\",\"<span class='icon icon-angle-right-circle'><\/span>\"],\n\t\t\t\t\t\t\t\t\t\t\tslideBy: \t\t\t1,\n\t\t\t\t\t\t\t\t\t\t\t\n\t\t\t\t\t\t\t\t\t\t\tnavRewind: false,\n\t\t\t\t\t\t\t\t\t\t\tmargin:0,\n\t\t\t\t\t\t\t\t\t\t\tresponsive:{\n\t\t\t\t\t\t\t\t\t\t\t\t0:{\n\t\t\t\t\t\t\t\t\t\t\t\t  items:1,\n\t\t\t\t\t\t\t\t\t\t\t\t},\n\t\t\t\t\t\t\t\t\t\t\t\t480:{\n\t\t\t\t\t\t\t\t\t\t\t\t  items:1,\n\t\t\t\t\t\t\t\t\t\t\t\t  margin:0,\n\t\t\t\t\t\t\t\t\t\t\t\t},\n\t\t\t\t\t\t\t\t\t\t\t\t768:{\n\t\t\t\t\t\t\t\t\t\t\t\t  items:4\n\t\t\t\t\t\t\t\t\t\t\t\t}\n\t\t\t\t\t\t\t\t\t\t\t},\n\t\t\t\t\t\t\t\t\t\t\tonInitialized:  showCarousel_8007\n\t\t\t\t\t\t\t\t\t\t};\n\n\t\t\t\t\t\t\t\t\t\tcarousel.owlCarousel(args);\n\n\t\t\t\t\t\t\t\t\t\tvar initital_width = carousel.css(\"width\");\n\t\t\t\t\t\t\t\t\t\t\n\t\t\t\t\t\t\t\t\t\t\/* Refresh it for full width rows *\/\n\t\t\t\t\t\t\t\t\t\t$(window).load(function(){\n\t\t\t\t\t\t\t\t\t\t\tif(carousel.css(\"width\") != initital_width) {\n\t\t\t\t\t\t\t\t\t\t\t\tcarousel.trigger(\"destroy.owl.carousel\").removeClass(\"owl-carousel owl-loaded\");\n\t\t\t\t\t\t\t\t\t\t\t\tcarousel.find(\".owl-stage-outer\").children().unwrap();\n\t\t\t\t\t\t\t\t\t\t\t\tcarousel.owlCarousel(args);\n\t\t\t\t\t\t\t\t\t\t\t}\n\t\t\t\t\t\t\t\t\t\t});\n\t\t\t\t\t\t\t\t\t});\n\t\t\t\t\t\t\t\t\t\n\t\t\t\t\t\t\t\t\t\n\t\t\t\t\t\t\t\t\t\/* Show once loaded *\/\n\t\t\t\t\t\t\t\t\tfunction showCarousel_8007() {\n\t\t\t\t\t\t\t\t\t\t$(\"#posts_carousel_8007\").fadeTo(0,1);\n\t\t\t\t\t\t\t\t\t\t$(\"#posts_carousel_8007 .owl-item .boc_owl_lazy\").css(\"opacity\",\"1\");\n\t\t\t\t\t\t\t\t\t}\n\t\t\t\t\t\t\t\t\t\n\t\t\t\t\t\t\t\t});\n\t\t\t\t\t\t\t\t\n\t\t\t\t\t\t\t<\/script>\n\t\t\t\t\t\t\t<!-- Posts Carousel :: END -->\t            \n\t\t\t\t\t[\/vc_column][\/vc_row]<\/p>\n","protected":false},"excerpt":{"rendered":"<p>[vc_row full_width=&#8221;stretch_row&#8221; css=&#8221;.vc_custom_1600832279047{padding-bottom: 50px !important;background-image: url(http:\/\/adrianroche.vn\/wp-content\/uploads\/2020\/01\/inner-page-bg.jpg?id=1092) !important;background-position: center !important;background-repeat: no-repeat !important;background-size: cover !important;}&#8221;][vc_column][\/vc_column][\/vc_row][vc_row full_width=&#8221;stretch_row&#8221; css=&#8221;.vc_custom_1600686247772{background-color: #fa6615 !important;background-position: center !important;background-repeat: no-repeat !important;background-size: cover !important;}&#8221; el_class=&#8221;white-text&#8221;][vc_column css=&#8221;.vc_custom_1578645567263{padding-top: 20px !important;padding-bottom: 30px !important;}&#8221;][vc_column_text el_class=&#8221;hometext2&#8243;] Adrian Roche cung c\u1ea5p d\u1ecbch v\u1ee5 l\u1eadp tr\u00ecnh ph\u1ea7n m\u1ec1m ch\u1ea5t l\u01b0\u1ee3ng cao \u0111\u00fang th\u1eddi gian v\u00e0 m\u1ee5c ti\u00eau kh\u00e1ch h\u00e0ng. Ch\u00fang t\u00f4i l\u00e0 m\u1ed9t c\u00f4ng ty thi\u1ebft k\u1ebf v\u00e0<\/p>\n<div class=\"h10\"><\/div>\n<p><a class=\"more-link2\" href=\"https:\/\/adrianroche-tech.com\/vi\/lam-cach-nao-de-uu-wordpress-tang-toc-do-website-cua-ban\/\">Read more<\/a><\/p>\n","protected":false},"author":1,"featured_media":0,"parent":0,"menu_order":0,"comment_status":"closed","ping_status":"closed","template":"","meta":{"footnotes":""},"class_list":["post-405","page","type-page","status-publish","hentry"],"_links":{"self":[{"href":"https:\/\/adrianroche-tech.com\/vi\/wp-json\/wp\/v2\/pages\/405","targetHints":{"allow":["GET"]}}],"collection":[{"href":"https:\/\/adrianroche-tech.com\/vi\/wp-json\/wp\/v2\/pages"}],"about":[{"href":"https:\/\/adrianroche-tech.com\/vi\/wp-json\/wp\/v2\/types\/page"}],"author":[{"embeddable":true,"href":"https:\/\/adrianroche-tech.com\/vi\/wp-json\/wp\/v2\/users\/1"}],"replies":[{"embeddable":true,"href":"https:\/\/adrianroche-tech.com\/vi\/wp-json\/wp\/v2\/comments?post=405"}],"version-history":[{"count":16,"href":"https:\/\/adrianroche-tech.com\/vi\/wp-json\/wp\/v2\/pages\/405\/revisions"}],"predecessor-version":[{"id":1481,"href":"https:\/\/adrianroche-tech.com\/vi\/wp-json\/wp\/v2\/pages\/405\/revisions\/1481"}],"wp:attachment":[{"href":"https:\/\/adrianroche-tech.com\/vi\/wp-json\/wp\/v2\/media?parent=405"}],"curies":[{"name":"wp","href":"https:\/\/api.w.org\/{rel}","templated":true}]}}